{"id":989,"date":"2019-07-03T08:44:03","date_gmt":"2019-07-03T08:44:03","guid":{"rendered":"https:\/\/new.maxdevelopment.ro\/?page_id=989"},"modified":"2021-04-13T15:58:22","modified_gmt":"2021-04-13T15:58:22","slug":"istorie","status":"publish","type":"page","link":"https:\/\/maxdevelopment.ro\/ro\/despre-noi\/istorie\/","title":{"rendered":"Echipa &#038; Istorie"},"content":{"rendered":"<h2>Max Development SRL &#8211; Istorie &amp; Echip\u0103<\/h2>\n<p>Echipa noastr\u0103 combin\u0103 tradi\u021bia serioas\u0103 a construc\u021biei elve\u021biane, spiritul antreprenorial german \u0219i creativitatea \u0219i expertiza rom\u00e2neasc\u0103. Se compune dintr-un grup de arhitec\u021bi \u0219i profesioni\u0219ti \u00een construc\u021bii cu experien\u021b\u0103 interna\u021bional\u0103, precum \u0219i de profesioni\u0219ti locali care \u00eempreun\u0103 creeaz\u0103 proiectele noastre contemporane. MAX \u00eenseamn\u0103 s\u0103 dai tot ce e mai bun. MAX garanteaz\u0103 o cl\u0103dire durabil\u0103 \u0219i valoroas\u0103, pentru c\u0103 s\u0103 construim este pasiunea noastr\u0103!<\/p>\n","protected":false},"excerpt":{"rendered":"<p>Max Development SRL &#8211; Istorie &amp; Echip\u0103 Echipa noastr\u0103 combin\u0103 tradi\u021bia serioas\u0103 a construc\u021biei elve\u021biane, spiritul antreprenorial german \u0219i creativitatea \u0219i expertiza rom\u00e2neasc\u0103. Se compune dintr-un grup de arhitec\u021bi \u0219i profesioni\u0219ti \u00een construc\u021bii cu experien\u021b\u0103 interna\u021bional\u0103, precum \u0219i de profesioni\u0219ti locali care \u00eempreun\u0103 creeaz\u0103 proiectele noastre contemporane. MAX \u00eenseamn\u0103 s\u0103 dai tot ce e mai [&hellip;]<\/p>\n","protected":false},"author":1,"featured_media":0,"parent":784,"menu_order":0,"comment_status":"closed","ping_status":"closed","template":"","meta":{"inline_featured_image":false,"footnotes":""},"class_list":["post-989","page","type-page","status-publish","czr-hentry"],"_links":{"self":[{"href":"https:\/\/maxdevelopment.ro\/ro\/wp-json\/wp\/v2\/pages\/989","targetHints":{"allow":["GET"]}}],"collection":[{"href":"https:\/\/maxdevelopment.ro\/ro\/wp-json\/wp\/v2\/pages"}],"about":[{"href":"https:\/\/maxdevelopment.ro\/ro\/wp-json\/wp\/v2\/types\/page"}],"author":[{"embeddable":true,"href":"https:\/\/maxdevelopment.ro\/ro\/wp-json\/wp\/v2\/users\/1"}],"replies":[{"embeddable":true,"href":"https:\/\/maxdevelopment.ro\/ro\/wp-json\/wp\/v2\/comments?post=989"}],"version-history":[{"count":10,"href":"https:\/\/maxdevelopment.ro\/ro\/wp-json\/wp\/v2\/pages\/989\/revisions"}],"predecessor-version":[{"id":3447,"href":"https:\/\/maxdevelopment.ro\/ro\/wp-json\/wp\/v2\/pages\/989\/revisions\/3447"}],"up":[{"embeddable":true,"href":"https:\/\/maxdevelopment.ro\/ro\/wp-json\/wp\/v2\/pages\/784"}],"wp:attachment":[{"href":"https:\/\/maxdevelopment.ro\/ro\/wp-json\/wp\/v2\/media?parent=989"}],"curies":[{"name":"wp","href":"https:\/\/api.w.org\/{rel}","templated":true}]}}