{"id":86,"date":"2018-07-11T15:52:39","date_gmt":"2018-07-11T15:52:39","guid":{"rendered":"http:\/\/new.maxdevelopment.ro\/?page_id=86"},"modified":"2020-05-06T16:12:33","modified_gmt":"2020-05-06T16:12:33","slug":"filosofie","status":"publish","type":"page","link":"https:\/\/maxdevelopment.ro\/ro\/despre-noi\/filosofie\/","title":{"rendered":"Filosofie"},"content":{"rendered":"<h1><span style=\"color: #d11717;\">Guidelines pentru MAX DEVELOPMENT<\/span><\/h1>\n<p>&nbsp;<\/p>\n<p><strong>Viziune<\/strong><\/p>\n<p>Cre\u0103m un spa\u021biu de via\u021b\u0103 \u0219i de lucru care corespunde stilului de via\u021b\u0103 al oamenilor moderni \u0219i le serve\u0219te pentru a duce o via\u021b\u0103 mai bun\u0103. \u00cen acest sens, suntem ghida\u021bi de spiritul stilului Bauhaus, adic\u0103 cl\u0103dirile noastre trebuie s\u0103 fie simple, clare, func\u021bionale \u0219i accesibile pentru un grup larg de cump\u0103r\u0103tori. Cl\u0103dirile noastre \u00eembin\u0103 arta \u0219i m\u0103iestria \u0219i contribuie la dezvoltarea unei bune culturi de cl\u0103diri \u00een Transilvania.<\/p>\n<p>&nbsp;<\/p>\n<p><strong>Principii<\/strong><\/p>\n<p><u>Unicitate<\/u>: Fiecare proiect are propria tem\u0103 \u0219i fa\u021ba proprie, care are ca punct de plecare un grup \u021bint\u0103 specific. Astfel ob\u021binem unicitate \u0219i cre\u0103m astfel marca noastr\u0103.<\/p>\n<p><u>\u201eFunc\u021bia urm\u0103re\u0219te forma\u201d<\/u>: estetica \u0219i expresia artistic\u0103 a cl\u0103dirilor sunt modelate de func\u021bia cl\u0103dirii. O arhitectur\u0103 simpl\u0103, curat\u0103 din punct de vedere tehnic \u0219i func\u021bional\u0103, cu un limbaj formal calm creeaz\u0103 condi\u021biile pentru o construc\u021bie eficient\u0103 din punct de vedere al costurilor \u0219i astfel acces pentru grupuri mai largi de cump\u0103r\u0103tori.<\/p>\n<p><u>Valoare \u0219i durabilitate<\/u>: Cl\u0103dirile noastre se caracterizeaz\u0103 prin durabilitate \u0219i \u00ee\u0219i p\u0103streaz\u0103 valoarea \u00een timp. Ob\u021binem acest lucru printr-un design simplu, clar \u0219i o m\u0103iestrie curat\u0103.<\/p>\n<p><u>Eficien\u021b\u0103<\/u>: pentru fiecare proiect, select\u0103m cele mai potrivite \u0219i mai eficiente metode \u0219i materiale de construc\u021bie.<\/p>\n<p><u>Ecologia<\/u> este o parte important\u0103 a proiectului. Conceptele tehnice de ultim\u0103 genera\u021bie fac parte din ea, precum \u0219i includerea \u00een spa\u021bii verzi a eficien\u021bei climatice \u0219i a importan\u021bei emo\u021bionale.<\/p>\n<p><u>Arta \u00een construc\u021bie<\/u> este punctul i al fiec\u0103rui proiect \u0219i un important punct de v\u00e2nzare unic.<\/p>\n<p><u>Parteneri de lung\u0103 durat\u0103 \u0219i re\u021bea<\/u>: re\u021beaua noastr\u0103 atent \u00eentre\u021binut\u0103 ne permite s\u0103 lucr\u0103m cu speciali\u0219ti de v\u00e2rf. Garant\u0103m calitatea proiectelor noastre \u0219i \u00eembun\u0103t\u0103\u021biri continue printr-o cooperare pe termen lung, de succes reciproc. \u00cen acela\u0219i timp, evit\u0103m con\u0219tient dependen\u021bele de parteneri.<\/p>\n<p>&nbsp;<\/p>\n<p><strong>Orient\u0103ri de lucru<\/strong><\/p>\n<p>Pentru fiecare proiect definim clientela \u021bint\u0103 concret\u0103. Vrem s\u0103 \u0219tim pentru cine construim \u0219i ce cereri trebuie s\u0103 satisfacem.<\/p>\n<p>Pentru fiecare proiect organiz\u0103m un concurs de arhitectur\u0103. Punctul de plecare pentru aceasta este viziunea noastr\u0103, obiectivele proiectului \u0219i grupul \u021bint\u0103 pe care l-am definit.<\/p>\n<p>Pentru fiecare proiect, evalu\u0103m cele mai potrivite \u0219i mai eficiente metode \u0219i materiale de construc\u021bie. Scopul nostru este s\u0103 oferim mereu clien\u021bilor no\u0219tri cea mai bun\u0103 valoare pentru bani.<\/p>\n<p>Verific\u0103m spa\u021biile de locuit \u0219i de lucru pentru utilizare flexibil\u0103, mici zone de conectare, iluminare bun\u0103 sau balcoane care extind \u00een mod inteligent spa\u021biile interioare. Scopul nostru este o valoare de via\u021b\u0103 ridicat\u0103 \u0219i bun\u0103stare \u00een via\u021ba de zi cu zi pentru utilizator.<\/p>\n<p>Prin concursuri de art\u0103, c\u0103ut\u0103m cea mai bun\u0103 solu\u021bie artistic\u0103 pentru fiecare proiect \u0219i arti\u0219tii cei mai potrivi\u021bi pentru sarcina din m\u00e2n\u0103 pentru realizarea lui. \u00cen acest scop, includem un buget de cel pu\u021bin 0,5% \u0219i maxim 1% din costurile de construc\u021bie \u00een planificarea construc\u021biei pentru anun\u021barea concursurilor de art\u0103 \u0219i realizarea proiectelor \u201eArta \u00een construc\u021bie\u201d.<\/p>\n<p>Autocontrolurile \u0219i compara\u021biile servesc pentru a asigura respectarea intern\u0103 a contractelor, procedurilor \u0219i termenelor, pentru a asigura rentabilitatea \u0219i lichiditatea.<\/p>\n<p>Evaluarea final\u0103, bazat\u0103 pe aceste orient\u0103ri, este destinat\u0103 s\u0103 dezv\u0103luie erori \u0219i deficien\u021be \u0219i s\u0103 serveasc\u0103 dezvolt\u0103rii noastre ulterioare. Acesta arat\u0103 dac\u0103 ne-am atins viziunea.<\/p>\n<p>&nbsp;<\/p>\n","protected":false},"excerpt":{"rendered":"<p>Guidelines pentru MAX DEVELOPMENT &nbsp; Viziune Cre\u0103m un spa\u021biu de via\u021b\u0103 \u0219i de lucru care corespunde stilului de via\u021b\u0103 al oamenilor moderni \u0219i le serve\u0219te pentru a duce o via\u021b\u0103 mai bun\u0103. \u00cen acest sens, suntem ghida\u021bi de spiritul stilului Bauhaus, adic\u0103 cl\u0103dirile noastre trebuie s\u0103 fie simple, clare, func\u021bionale \u0219i accesibile pentru un grup [&hellip;]<\/p>\n","protected":false},"author":1,"featured_media":0,"parent":784,"menu_order":0,"comment_status":"closed","ping_status":"closed","template":"","meta":{"inline_featured_image":false,"footnotes":""},"class_list":["post-86","page","type-page","status-publish","czr-hentry"],"_links":{"self":[{"href":"https:\/\/maxdevelopment.ro\/ro\/wp-json\/wp\/v2\/pages\/86","targetHints":{"allow":["GET"]}}],"collection":[{"href":"https:\/\/maxdevelopment.ro\/ro\/wp-json\/wp\/v2\/pages"}],"about":[{"href":"https:\/\/maxdevelopment.ro\/ro\/wp-json\/wp\/v2\/types\/page"}],"author":[{"embeddable":true,"href":"https:\/\/maxdevelopment.ro\/ro\/wp-json\/wp\/v2\/users\/1"}],"replies":[{"embeddable":true,"href":"https:\/\/maxdevelopment.ro\/ro\/wp-json\/wp\/v2\/comments?post=86"}],"version-history":[{"count":20,"href":"https:\/\/maxdevelopment.ro\/ro\/wp-json\/wp\/v2\/pages\/86\/revisions"}],"predecessor-version":[{"id":3284,"href":"https:\/\/maxdevelopment.ro\/ro\/wp-json\/wp\/v2\/pages\/86\/revisions\/3284"}],"up":[{"embeddable":true,"href":"https:\/\/maxdevelopment.ro\/ro\/wp-json\/wp\/v2\/pages\/784"}],"wp:attachment":[{"href":"https:\/\/maxdevelopment.ro\/ro\/wp-json\/wp\/v2\/media?parent=86"}],"curies":[{"name":"wp","href":"https:\/\/api.w.org\/{rel}","templated":true}]}}