{"id":82,"date":"2018-07-11T14:34:32","date_gmt":"2018-07-11T14:34:32","guid":{"rendered":"http:\/\/new.maxdevelopment.ro\/?page_id=82"},"modified":"2021-06-03T06:43:50","modified_gmt":"2021-06-03T06:43:50","slug":"contact","status":"publish","type":"page","link":"https:\/\/maxdevelopment.ro\/ro\/contact\/","title":{"rendered":"Contact"},"content":{"rendered":"<h2>Contacta\u0163i-ne pentru informa\u0163ii!<\/h2>\n<p>V\u0103 invit\u0103m cu pl\u0103cere la un tur al ansamblului de locuin\u0163e!\u00a0De altfel, ne pute\u0163i contacta \u015fi telefonic, prin email sau prin formular:<\/p>\n<p>&nbsp;<\/p>\n<table>\n<tbody>\n<tr>\n<td width=\"375px\">\n<div class=\"wpcf7 no-js\" id=\"wpcf7-f1581-o1\" lang=\"ro-RO\" dir=\"ltr\" data-wpcf7-id=\"1581\">\n<div class=\"screen-reader-response\"><p role=\"status\" aria-live=\"polite\" aria-atomic=\"true\"><\/p> <ul><\/ul><\/div>\n<form action=\"\/ro\/wp-json\/wp\/v2\/pages\/82#wpcf7-f1581-o1\" method=\"post\" class=\"wpcf7-form init\" aria-label=\"Formular de contact\" novalidate=\"novalidate\" data-status=\"init\">\n<div style=\"display: none;\">\n<input type=\"hidden\" name=\"_wpcf7\" value=\"1581\" \/>\n<input type=\"hidden\" name=\"_wpcf7_version\" value=\"6.0.1\" \/>\n<input type=\"hidden\" name=\"_wpcf7_locale\" value=\"ro_RO\" \/>\n<input type=\"hidden\" name=\"_wpcf7_unit_tag\" value=\"wpcf7-f1581-o1\" \/>\n<input type=\"hidden\" name=\"_wpcf7_container_post\" value=\"0\" \/>\n<input type=\"hidden\" name=\"_wpcf7_posted_data_hash\" value=\"\" \/>\n<\/div>\n<p><label> Nume<br \/>\n<span class=\"wpcf7-form-control-wrap\" data-name=\"your-name\"><input size=\"40\" maxlength=\"400\" class=\"wpcf7-form-control wpcf7-text wpcf7-validates-as-required\" aria-required=\"true\" aria-invalid=\"false\" value=\"\" type=\"text\" name=\"your-name\" \/><\/span> <\/label>\n<\/p>\n<p><label> Email<br \/>\n<span class=\"wpcf7-form-control-wrap\" data-name=\"your-email\"><input size=\"40\" maxlength=\"400\" class=\"wpcf7-form-control wpcf7-email wpcf7-validates-as-required wpcf7-text wpcf7-validates-as-email\" aria-required=\"true\" aria-invalid=\"false\" value=\"\" type=\"email\" name=\"your-email\" \/><\/span> <\/label>\n<\/p>\n<p><label> Subiect<br \/>\n<span class=\"wpcf7-form-control-wrap\" data-name=\"your-subject\"><input size=\"40\" maxlength=\"400\" class=\"wpcf7-form-control wpcf7-text\" aria-invalid=\"false\" value=\"\" type=\"text\" name=\"your-subject\" \/><\/span> <\/label>\n<\/p>\n<p><label> Mesajul<br \/>\n<span class=\"wpcf7-form-control-wrap\" data-name=\"your-message\"><textarea cols=\"40\" rows=\"10\" maxlength=\"2000\" class=\"wpcf7-form-control wpcf7-textarea\" aria-invalid=\"false\" name=\"your-message\"><\/textarea><\/span> <\/label>\n<\/p>\n<p><span id=\"wpcf7-69e027d5be2c8-wrapper\" class=\"wpcf7-form-control-wrap honeypot-738-wrap\" style=\"display:none !important; visibility:hidden !important;\"><label for=\"wpcf7-69e027d5be2c8-field\" class=\"hp-message\">Please leave this field empty.<\/label><input id=\"wpcf7-69e027d5be2c8-field\"  class=\"wpcf7-form-control wpcf7-text\" type=\"text\" name=\"honeypot-738\" value=\"\" size=\"40\" tabindex=\"-1\" autocomplete=\"new-password\" \/><\/span>\n<\/p>\n<p><input class=\"wpcf7-form-control wpcf7-submit has-spinner\" type=\"submit\" value=\"Trimite\" \/>\n<\/p><p style=\"display: none !important;\" class=\"akismet-fields-container\" data-prefix=\"_wpcf7_ak_\"><label>&#916;<textarea name=\"_wpcf7_ak_hp_textarea\" cols=\"45\" rows=\"8\" maxlength=\"100\"><\/textarea><\/label><input type=\"hidden\" id=\"ak_js_1\" name=\"_wpcf7_ak_js\" value=\"191\"\/><script>document.getElementById( \"ak_js_1\" ).setAttribute( \"value\", ( new Date() ).getTime() );<\/script><\/p><div class=\"wpcf7-response-output\" aria-hidden=\"true\"><\/div>\n<\/form>\n<\/div>\n<\/td>\n<td>\n<h2><strong>Adresa noastr\u0103<\/strong><\/h2>\n<p>SC MAX DEVELOPMENT SRL<br \/>\nCalea Dumbr\u0103vii nr. 40<br \/>\nRO 550324 Sibiu<\/p>\n<p><a href=\"mailto:office@maxdevelopment.ro\">office@maxdevelopment.ro<\/a><br \/>\nTEL.: +40 (0)745 253 783<\/p>\n<p>&nbsp;<\/p>\n<h2><strong>Administratori<\/strong><\/h2>\n<p>Max Schweizer<br \/>\n<span style=\"font-family: inherit; font-size: inherit;\">Alice Herlan<br \/>\nCornel Raba<\/span><\/p>\n<h2><\/h2>\n<p>&nbsp;<\/p>\n<p>&nbsp;<\/td>\n<td><\/td>\n<td><\/td>\n<\/tr>\n<\/tbody>\n<\/table>\n","protected":false},"excerpt":{"rendered":"<p>Contacta\u0163i-ne pentru informa\u0163ii! V\u0103 invit\u0103m cu pl\u0103cere la un tur al ansamblului de locuin\u0163e!\u00a0De altfel, ne pute\u0163i contacta \u015fi telefonic, prin email sau prin formular: &nbsp; Adresa noastr\u0103 SC MAX DEVELOPMENT SRL Calea Dumbr\u0103vii nr. 40 RO 550324 Sibiu office@maxdevelopment.ro TEL.: +40 (0)745 253 783 &nbsp; Administratori Max Schweizer Alice Herlan Cornel Raba &nbsp; &nbsp;<\/p>\n","protected":false},"author":1,"featured_media":0,"parent":0,"menu_order":0,"comment_status":"closed","ping_status":"closed","template":"","meta":{"inline_featured_image":false,"footnotes":""},"class_list":["post-82","page","type-page","status-publish","czr-hentry"],"_links":{"self":[{"href":"https:\/\/maxdevelopment.ro\/ro\/wp-json\/wp\/v2\/pages\/82","targetHints":{"allow":["GET"]}}],"collection":[{"href":"https:\/\/maxdevelopment.ro\/ro\/wp-json\/wp\/v2\/pages"}],"about":[{"href":"https:\/\/maxdevelopment.ro\/ro\/wp-json\/wp\/v2\/types\/page"}],"author":[{"embeddable":true,"href":"https:\/\/maxdevelopment.ro\/ro\/wp-json\/wp\/v2\/users\/1"}],"replies":[{"embeddable":true,"href":"https:\/\/maxdevelopment.ro\/ro\/wp-json\/wp\/v2\/comments?post=82"}],"version-history":[{"count":49,"href":"https:\/\/maxdevelopment.ro\/ro\/wp-json\/wp\/v2\/pages\/82\/revisions"}],"predecessor-version":[{"id":3545,"href":"https:\/\/maxdevelopment.ro\/ro\/wp-json\/wp\/v2\/pages\/82\/revisions\/3545"}],"wp:attachment":[{"href":"https:\/\/maxdevelopment.ro\/ro\/wp-json\/wp\/v2\/media?parent=82"}],"curies":[{"name":"wp","href":"https:\/\/api.w.org\/{rel}","templated":true}]}}