{"id":784,"date":"2018-12-11T19:49:26","date_gmt":"2018-12-11T19:49:26","guid":{"rendered":"http:\/\/new.maxdevelopment.ro\/?page_id=784"},"modified":"2021-04-13T15:57:39","modified_gmt":"2021-04-13T15:57:39","slug":"despre-noi","status":"publish","type":"page","link":"https:\/\/maxdevelopment.ro\/ro\/despre-noi\/","title":{"rendered":"Despre noi"},"content":{"rendered":"<h2>Max Development \u00eenseamn\u0103 experien\u021b\u0103 \u0219i dezvoltare<\/h2>\n<p>Max Development este rezultatul unei combina\u021bii de experien\u021b\u0103, abilit\u0103\u021bi \u0219i capital din Rom\u00e2nia, Elve\u021bia \u0219i Germania. Ceea ce a evoluat \u00een ace\u0219ti zece ani este ceva de care suntem m\u00e2ndri. O sut\u0103 de case \u0219i apartamente \u00een Cisn\u0103die, precum \u0219i atractivele cl\u0103diri comerciale \u0219i reziden\u021biale din Sibiu seteaz\u0103 accente noi \u00een calitate \u0219i design. \u0218i povestea continu\u0103. Urm\u0103toarele proiecte vor merita s\u0103 fie v\u0103zute, cl\u0103dirile vor avea un design curajos. Aceasta este ceea ce reprezint\u0103 <a href=\"\/despre-noi\/istorie\/\">echipa<\/a> noastr\u0103, ceea ce reprezint\u0103 Max Development, ceea ce reprezint\u0103 <a href=\"\/despre-noi\/parteneri\/\">partenerii<\/a> no\u0219tri.<\/p>\n<h2>Construc\u021bii pentru viitor, valori pentru cump\u0103r\u0103torii no\u0219tri<\/h2>\n<p>\u00cen spatele complexului nostru reziden\u021bial exist\u0103 un concept clar. Mul\u021bi ani de experien\u021b\u0103 de construc\u021bie interna\u021bional\u0103 garanteaz\u0103 c\u0103 apartamentele noastre \u00ee\u0219i p\u0103streaz\u0103 valoarea. Construim cu reputa\u021bie \u0219i soliditate, iar obiectivul nostru este s\u0103 reducem costurile de \u00eentre\u021binere pentru cump\u0103r\u0103torii no\u0219tri: pentru c\u0103 izol\u0103m bine, costurile de \u00eenc\u0103lzire sunt doar jum\u0103tate fa\u021b\u0103 de apartamentele obi\u0219nuite. Afla\u021bi mai multe despre filozofia noastr\u0103 <a href=\"\/despre-noi\/filosofie\/\">aici<\/a>.<\/p>\n<h2>Transparen\u021ba \u00een construc\u021bii<\/h2>\n<p>Dac\u0103 dori\u021bi s\u0103 cump\u0103ra\u021bi un apartament, pute\u021bi vedea pe \u0219antierul nostru cum cresc complexele noastre reziden\u021biale, de la placa de podea cu izola\u021bia ulterioar\u0103 invizibil\u0103 \u0219i totu\u0219i at\u00e2t de important\u0103, p\u00e2n\u0103 la placa de creast\u0103 \u0219i izola\u021bia acoperi\u0219ului. Trebuie s\u0103 cunoa\u0219tem casele, pentru a putea avea \u00eencredere \u00een ele &#8211; la fel ca \u0219i oamenii. Vom fi bucuro\u0219i s\u0103 v\u0103 ar\u0103t\u0103m fiecare pas \u00een dezvoltarea unui apartament modern &#8211; \u0219i cum arat\u0103 un \u0219antier de construc\u021bii bine organizat. Acces direct la site-urile noastre\u00a0webcam de pe \u0219antierul de construc\u021bie este disponibil <a href=\"\/despre-noi\/informatii\/\">aici<\/a>.<\/p>\n<h2>Ce este calitatea elve\u021bian\u0103?<\/h2>\n<p>Calitatea elve\u021bian\u0103 este simpl\u0103: g\u00e2nde\u0219te departe \u00een viitor, planific\u0103 frumos, execut\u0103 serios. Construie\u0219te pentru viitor \u0219i creeaz\u0103 o valoare durabil\u0103.<\/p>\n","protected":false},"excerpt":{"rendered":"<p>Max Development \u00eenseamn\u0103 experien\u021b\u0103 \u0219i dezvoltare Max Development este rezultatul unei combina\u021bii de experien\u021b\u0103, abilit\u0103\u021bi \u0219i capital din Rom\u00e2nia, Elve\u021bia \u0219i Germania. Ceea ce a evoluat \u00een ace\u0219ti zece ani este ceva de care suntem m\u00e2ndri. O sut\u0103 de case \u0219i apartamente \u00een Cisn\u0103die, precum \u0219i atractivele cl\u0103diri comerciale \u0219i reziden\u021biale din Sibiu seteaz\u0103 accente [&hellip;]<\/p>\n","protected":false},"author":1,"featured_media":0,"parent":0,"menu_order":0,"comment_status":"closed","ping_status":"closed","template":"","meta":{"inline_featured_image":false,"footnotes":""},"class_list":["post-784","page","type-page","status-publish","czr-hentry"],"_links":{"self":[{"href":"https:\/\/maxdevelopment.ro\/ro\/wp-json\/wp\/v2\/pages\/784","targetHints":{"allow":["GET"]}}],"collection":[{"href":"https:\/\/maxdevelopment.ro\/ro\/wp-json\/wp\/v2\/pages"}],"about":[{"href":"https:\/\/maxdevelopment.ro\/ro\/wp-json\/wp\/v2\/types\/page"}],"author":[{"embeddable":true,"href":"https:\/\/maxdevelopment.ro\/ro\/wp-json\/wp\/v2\/users\/1"}],"replies":[{"embeddable":true,"href":"https:\/\/maxdevelopment.ro\/ro\/wp-json\/wp\/v2\/comments?post=784"}],"version-history":[{"count":20,"href":"https:\/\/maxdevelopment.ro\/ro\/wp-json\/wp\/v2\/pages\/784\/revisions"}],"predecessor-version":[{"id":3444,"href":"https:\/\/maxdevelopment.ro\/ro\/wp-json\/wp\/v2\/pages\/784\/revisions\/3444"}],"wp:attachment":[{"href":"https:\/\/maxdevelopment.ro\/ro\/wp-json\/wp\/v2\/media?parent=784"}],"curies":[{"name":"wp","href":"https:\/\/api.w.org\/{rel}","templated":true}]}}