{"id":463,"date":"2018-10-16T10:54:54","date_gmt":"2018-10-16T10:54:54","guid":{"rendered":"http:\/\/new.maxdevelopment.ro\/?page_id=463"},"modified":"2021-04-13T15:51:13","modified_gmt":"2021-04-13T15:51:13","slug":"value-for-sibiu","status":"publish","type":"page","link":"https:\/\/maxdevelopment.ro\/ro\/proiectele-noastre\/value-for-sibiu\/","title":{"rendered":"Value for Sibiu"},"content":{"rendered":"<h1>Contributia la orasul cultural Sibiu<\/h1>\n<p>&nbsp;<\/p>\n<p><img decoding=\"async\" class=\"wp-image-2161 size-full alignleft\" src=\"https:\/\/new.maxdevelopment.ro\/wp-content\/uploads\/2019\/07\/Max_value-for-Sibiu.png\" alt=\"\" width=\"350\" srcset=\"https:\/\/maxdevelopment.ro\/wp-content\/uploads\/2019\/07\/Max_value-for-Sibiu.png 612w, https:\/\/maxdevelopment.ro\/wp-content\/uploads\/2019\/07\/Max_value-for-Sibiu-300x188.png 300w\" sizes=\"(max-width: 612px) 100vw, 612px\" \/><\/p>\n<p><em>\u201eEste un ora\u0219 foarte frumos. Este incredibil c\u00e2t de mult s-a schimbat de cand am venit aici pentru prima dat\u0103. Cele dou\u0103 pie\u021be importante din centru aveau un aspect mohor\u00e2t, acum arat\u0103 superb. Centrul Sibiului este o comoar\u0103 ce trebuie admirat\u0103 \u0219i respectat\u0103. Ca orice comoar\u0103 trebuie bine \u00eengrijit\u0103. Acest lucru va aduce satisfac\u021bie sentimental\u0103, dar si bani. Sunt at\u00e2t de multe locuri \u00een lume care tr\u0103iesc din turism. De ce nu ar fi cazul \u0219i aici?\u201d<\/em><\/p>\n<p>Max Schweizer<\/p>\n<p>&nbsp;<\/p>\n<p>&nbsp;<\/p>\n<h3><span lang=\"en\" tabindex=\"0\"><span style=\"color: #e10613;\"><strong>Sibiu\/ Hermannstadt tr\u0103ie\u0219te! <\/strong>Un eveniment cultural urmeaz\u0103 un altul.<\/span> Ora\u0219ul vechi formeaz\u0103 un fundal minunat. Cultura trebuie s\u0103 fie cultivat\u0103 \u0219i mereu re\u00eennoit\u0103. Acest lucru se aplic\u0103 \u0219i culturii cl\u0103dirilor. Mai este \u00eenc\u0103 o sarcin\u0103 uria\u0219\u0103 de \u00eendeplinit aici. <strong>Noi aducem contribu\u021bii atractive acestui aspect.<\/strong><\/span><\/h3>\n<p>&nbsp;<\/p>\n<h2><img decoding=\"async\" class=\"size-full wp-image-1457 alignleft\" src=\"https:\/\/maxdevelopment.ro\/wp-content\/uploads\/2020\/08\/JAMMER-H220-20-Kopie.jpg\" alt=\"\" width=\"350\" \/>Restaurant Max<\/h2>\n<p>O fericit\u0103 \u00eent\u00e2lnire \u00eentre un elve\u0163ian pasionat de restaurarea frumuse\u0163ilor de alt\u0103dat\u0103 \u015fi o cas\u0103 sibian\u0103 de secol XIV a dat na\u015ftere unuia din cele mai frumoase restaurante din Transilvania. Restaurat\u0103 cu dragoste, casa \u00ee\u015fi arat\u0103 frumuse\u0163ea, pere\u0163ii \u015fi b\u00e2rnele de lemn red\u00e2nd atmosfera original\u0103. Restaurantul MAX este situat \u00een centrul istoric al Sibiului. Mai multe detalii despre restaurantul Max g\u0103si\u021bi <a href=\"https:\/\/maxtheoriginal.ro\/\" target=\"_blank\" rel=\"noopener noreferrer\">aici\u00a0<\/a><a href=\"https:\/\/maxtheoriginal.ro\/\" target=\"_blank\" rel=\"noopener noreferrer\"><img loading=\"lazy\" decoding=\"async\" class=\"alignnone wp-image-2481 size-full\" src=\"https:\/\/maxdevelopment.ro\/wp-content\/uploads\/2019\/07\/links.png\" alt=\"\" width=\"10\" height=\"10\" \/><\/a>.<\/p>\n<p>&nbsp;<\/p>\n<p>&nbsp;<\/p>\n<p>&nbsp;<\/p>\n<h2><a href=\"\/proiectele-noastre\/value-for-sibiu\/proiectul-dr-ion-ratiu\/\"><img loading=\"lazy\" decoding=\"async\" class=\"alignleft wp-image-2422 size-full\" src=\"https:\/\/new.maxdevelopment.ro\/wp-content\/uploads\/2019\/07\/13-1.jpg\" alt=\"\" width=\"350\" height=\"468\" \/><\/a>Proiect Dr. Ion Ratiu<\/h2>\n<p>Proiectul Dr. Ion Ra\u021biu \u00ee\u0219i propune s\u0103 combine vechiul \u0219i noul, trecutul &#8211; vechea frumoas\u0103 vil\u0103 Art Nouveau &#8211; \u0219i actuala &#8211; noua cl\u0103dire elegant\u0103. Aceast\u0103 leg\u0103tur\u0103 face din Sibiu unul dintre cele mai faimoase \u0219i mai fermec\u0103toare ora\u0219e din Transilvania. Proiectul nostru pune accentul pe arhitectura modern\u0103 din beton \u0219i sticl\u0103, precum \u0219i pe gastronomia t\u00e2n\u0103r\u0103 \u0219i proasp\u0103t\u0103.<br \/>\nMai multe detalii \u0219i imagini despre acest proiect g\u0103siti <a href=\"\/proiectele-noastre\/value-for-sibiu\/proiectul-dr-ion-ratiu\/\">aici &gt;<\/a>.<\/p>\n<p>&nbsp;<\/p>\n<p>&nbsp;<\/p>\n<p>&nbsp;<\/p>\n<h2><a href=\"\/proiectele-noastre\/value-for-sibiu\/cd-71-concurs-pentru-artisti\/\"><img decoding=\"async\" class=\"alignleft wp-image-2389 size-full\" src=\"https:\/\/maxdevelopment.ro\/wp-content\/uploads\/2021\/04\/CD71.jpg\" alt=\"\" width=\"350\" \/><\/a>Calea Dumbravii 71: concurs pentru artisti<\/h2>\n<p>Propunem un nou concurs adresat arti\u0219tilor pentru zona intr\u0103rii \u00een cl\u0103direa realizat\u0103 pe Calea Dumbr\u0103vii nr. 71, \u00een Sibiu. C\u0103ut\u0103m propuneri care s\u0103 anime spa\u021biul \u0219i s\u0103 contrasteze cu restul construc\u021biei, dar \u00een acela\u0219i timp s\u0103 se armonizeze cu arhitectura acesteia; ne dorim lucr\u0103ri abstracte, care s\u0103 reprezinte un accent de culoare \u00een cadrul cl\u0103dirii, \u0219i concepte care s\u0103 ne surprind\u0103 prin emo\u021bie. Mai multe detalii despre concurs pute\u021bi g\u0103si <a href=\"https:\/\/maxdevelopment.ro\/proiectele-noastre\/value-for-sibiu\/cd-71-concurs-pentru-artisti\/\">aici &gt;<\/a>.<\/p>\n<p>&nbsp;<\/p>\n<p>&nbsp;<\/p>\n<p>&nbsp;<\/p>\n<h2><a href=\"\/proiectele-noastre\/value-for-sibiu\/calea-dumbravii-40-concurs-pentru-artisti\/\"><img decoding=\"async\" class=\"alignleft wp-image-2389 size-full\" src=\"https:\/\/new.maxdevelopment.ro\/wp-content\/uploads\/2019\/07\/13_Concurs-MAX-Sebastian-Moldovan-5.jpg\" alt=\"\" width=\"350\" srcset=\"https:\/\/maxdevelopment.ro\/wp-content\/uploads\/2019\/07\/13_Concurs-MAX-Sebastian-Moldovan-5.jpg 700w, https:\/\/maxdevelopment.ro\/wp-content\/uploads\/2019\/07\/13_Concurs-MAX-Sebastian-Moldovan-5-300x201.jpg 300w\" sizes=\"(max-width: 700px) 100vw, 700px\" \/><\/a>Calea Dumbravii 40: concurs pentru artisti<\/h2>\n<p>Unul dintre cele mai recente proiecte este blocul de apartamente din Calea Dumbr\u0103vii nr. 40. Este o cl\u0103dire reziden\u021bial\u0103 \u0219i comercial\u0103, cu un restaurant la parter. Intrarea este un spa\u021biu semi-public, acoperit, dar deschis. Trei ni\u0219e sunt acum proiectate artistic \u00een aceast\u0103 zon\u0103 de intrare. Arta din cladire se mentine de acum \u00eenainte la fiecare dintre cl\u0103dirile noastre. Sebastian Moldovan a c\u00e2\u0219tigat acest concurs anun\u021bat de Max Development \u0219i premiul \u00eenzestrat cu 5.000 de euro cu lucrarea &#8222;insert&#8221;.\u00a0Mai multe detalii despre acest concurs g\u0103si\u021bi <a href=\"\/proiectele-noastre\/value-for-sibiu\/calea-dumbravii-40-concurs-pentru-artisti\/\">aici &gt;<\/a>.<\/p>\n","protected":false},"excerpt":{"rendered":"<p>Contributia la orasul cultural Sibiu &nbsp; \u201eEste un ora\u0219 foarte frumos. Este incredibil c\u00e2t de mult s-a schimbat de cand am venit aici pentru prima dat\u0103. Cele dou\u0103 pie\u021be importante din centru aveau un aspect mohor\u00e2t, acum arat\u0103 superb. Centrul Sibiului este o comoar\u0103 ce trebuie admirat\u0103 \u0219i respectat\u0103. Ca orice comoar\u0103 trebuie bine \u00eengrijit\u0103. [&hellip;]<\/p>\n","protected":false},"author":1,"featured_media":0,"parent":39,"menu_order":0,"comment_status":"closed","ping_status":"closed","template":"","meta":{"inline_featured_image":false,"footnotes":""},"class_list":["post-463","page","type-page","status-publish","czr-hentry"],"_links":{"self":[{"href":"https:\/\/maxdevelopment.ro\/ro\/wp-json\/wp\/v2\/pages\/463","targetHints":{"allow":["GET"]}}],"collection":[{"href":"https:\/\/maxdevelopment.ro\/ro\/wp-json\/wp\/v2\/pages"}],"about":[{"href":"https:\/\/maxdevelopment.ro\/ro\/wp-json\/wp\/v2\/types\/page"}],"author":[{"embeddable":true,"href":"https:\/\/maxdevelopment.ro\/ro\/wp-json\/wp\/v2\/users\/1"}],"replies":[{"embeddable":true,"href":"https:\/\/maxdevelopment.ro\/ro\/wp-json\/wp\/v2\/comments?post=463"}],"version-history":[{"count":50,"href":"https:\/\/maxdevelopment.ro\/ro\/wp-json\/wp\/v2\/pages\/463\/revisions"}],"predecessor-version":[{"id":3431,"href":"https:\/\/maxdevelopment.ro\/ro\/wp-json\/wp\/v2\/pages\/463\/revisions\/3431"}],"up":[{"embeddable":true,"href":"https:\/\/maxdevelopment.ro\/ro\/wp-json\/wp\/v2\/pages\/39"}],"wp:attachment":[{"href":"https:\/\/maxdevelopment.ro\/ro\/wp-json\/wp\/v2\/media?parent=463"}],"curies":[{"name":"wp","href":"https:\/\/api.w.org\/{rel}","templated":true}]}}