{"id":3919,"date":"2022-09-09T00:31:51","date_gmt":"2022-09-09T00:31:51","guid":{"rendered":"https:\/\/maxdevelopment.ro\/?page_id=3919"},"modified":"2024-10-23T15:33:18","modified_gmt":"2024-10-23T15:33:18","slug":"strada-daniel-renard-cisniadie","status":"publish","type":"page","link":"https:\/\/maxdevelopment.ro\/ro\/proiectele-noastre\/strada-daniel-renard-cisniadie\/","title":{"rendered":"STRADA DANIEL RENARD, CISNADIE"},"content":{"rendered":"<p><img loading=\"lazy\" decoding=\"async\" class=\"size-full wp-image-4263 alignnone\" src=\"https:\/\/maxdevelopment.ro\/wp-content\/uploads\/2023\/08\/MAX-R23.jpg\" alt=\"\" width=\"1100\" height=\"536\" srcset=\"https:\/\/maxdevelopment.ro\/wp-content\/uploads\/2023\/08\/MAX-R23.jpg 1100w, https:\/\/maxdevelopment.ro\/wp-content\/uploads\/2023\/08\/MAX-R23-300x146.jpg 300w, https:\/\/maxdevelopment.ro\/wp-content\/uploads\/2023\/08\/MAX-R23-768x374.jpg 768w\" sizes=\"auto, (max-width: 1100px) 100vw, 1100px\" \/><\/p>\n<p>&nbsp;<\/p>\n<h2><span lang=\"RO\">Spa\u021bii de locuit spa\u021bioase \u0219i moderne \u00een Cisn\u0103die, construite cu \u00eenc\u0103lzire \u0219i r\u0103cire ecologice.<\/span><\/h2>\n<p><strong>Pe strada Daniel Renard din Cisn\u0103die se construiesc dou\u0103sprezece apartamente cu dou\u0103 \u0219i trei camere deosebit de atractive. Data preconizat\u0103 de finalizare este toamna anului 2023.<\/strong><\/p>\n<p>Planurile generoase \u0219i practice, cu baie\/WC \u0219i WC separat, creeaz\u0103 un nivel ridicat de confort, \u00een timp ce ferestrele din podea p\u00e2n\u0103 \u00een tavan ofer\u0103 mult\u0103 lumin\u0103 \u0219i atmosfer\u0103. \u00cenc\u0103lzirea \u0219i r\u0103cirea prin pardoseal\u0103 creeaz\u0103 un sentiment de bun\u0103stare, iar cea mai recent\u0103 tehnologie integrat\u0103 \u00een cl\u0103dire prin pompe de c\u0103ldur\u0103 si panouri fotovoltaice, adic\u0103 f\u0103r\u0103 gaz costisitor, reprezint\u0103 o investi\u021bie important\u0103 pentru viitor. Balcoanele sau terasele mari permit traiul \u00een aer liber. Spa\u021biile verzi largi din fa\u021ba casei, cu gr\u0103dini private pentru fiecare apartament, ofer\u0103 o intimitate excep\u021bional\u0103 \u0219i o atmosfer\u0103 calm\u0103.<\/p>\n<p>Pentru v\u00e2nz\u0103ri \u0219i solicit\u0103ri de informa\u021bii, v\u0103 rug\u0103m s\u0103 \u00eel contacta\u021bi pe domnul Eduard Herzog.<br \/>\n<a href=\"mailto:sales@maxdevelopment.ro\" target=\"_blank\" rel=\"noopener\">sales@maxdevelopment.ro<\/a><br \/>\nTelefon mobil: 0745 253 783 \u0219i 0775 571 047<\/p>\n","protected":false},"excerpt":{"rendered":"<p>&nbsp; Spa\u021bii de locuit spa\u021bioase \u0219i moderne \u00een Cisn\u0103die, construite cu \u00eenc\u0103lzire \u0219i r\u0103cire ecologice. Pe strada Daniel Renard din Cisn\u0103die se construiesc dou\u0103sprezece apartamente cu dou\u0103 \u0219i trei camere deosebit de atractive. Data preconizat\u0103 de finalizare este toamna anului 2023. Planurile generoase \u0219i practice, cu baie\/WC \u0219i WC separat, creeaz\u0103 un nivel ridicat de [&hellip;]<\/p>\n","protected":false},"author":3,"featured_media":0,"parent":39,"menu_order":1,"comment_status":"closed","ping_status":"closed","template":"","meta":{"inline_featured_image":false,"footnotes":""},"class_list":["post-3919","page","type-page","status-publish","czr-hentry"],"_links":{"self":[{"href":"https:\/\/maxdevelopment.ro\/ro\/wp-json\/wp\/v2\/pages\/3919","targetHints":{"allow":["GET"]}}],"collection":[{"href":"https:\/\/maxdevelopment.ro\/ro\/wp-json\/wp\/v2\/pages"}],"about":[{"href":"https:\/\/maxdevelopment.ro\/ro\/wp-json\/wp\/v2\/types\/page"}],"author":[{"embeddable":true,"href":"https:\/\/maxdevelopment.ro\/ro\/wp-json\/wp\/v2\/users\/3"}],"replies":[{"embeddable":true,"href":"https:\/\/maxdevelopment.ro\/ro\/wp-json\/wp\/v2\/comments?post=3919"}],"version-history":[{"count":12,"href":"https:\/\/maxdevelopment.ro\/ro\/wp-json\/wp\/v2\/pages\/3919\/revisions"}],"predecessor-version":[{"id":4307,"href":"https:\/\/maxdevelopment.ro\/ro\/wp-json\/wp\/v2\/pages\/3919\/revisions\/4307"}],"up":[{"embeddable":true,"href":"https:\/\/maxdevelopment.ro\/ro\/wp-json\/wp\/v2\/pages\/39"}],"wp:attachment":[{"href":"https:\/\/maxdevelopment.ro\/ro\/wp-json\/wp\/v2\/media?parent=3919"}],"curies":[{"name":"wp","href":"https:\/\/api.w.org\/{rel}","templated":true}]}}