{"id":39,"date":"2018-07-11T11:38:07","date_gmt":"2018-07-11T11:38:07","guid":{"rendered":"http:\/\/new.maxdevelopment.ro\/?page_id=39"},"modified":"2023-08-22T08:14:01","modified_gmt":"2023-08-22T08:14:01","slug":"proiectele-noastre","status":"publish","type":"page","link":"https:\/\/maxdevelopment.ro\/ro\/proiectele-noastre\/","title":{"rendered":"Proiecte"},"content":{"rendered":"<p><a href=\"https:\/\/maxdevelopment.ro\/ro\/proiectele-noastre\/strada-daniel-renard-cisniadie\/\"><img loading=\"lazy\" decoding=\"async\" class=\"alignleft wp-image-4272 size-medium\" src=\"https:\/\/maxdevelopment.ro\/wp-content\/uploads\/2023\/08\/DSCF2686_7_8-300x201.jpg\" alt=\"\" width=\"300\" height=\"201\" srcset=\"https:\/\/maxdevelopment.ro\/wp-content\/uploads\/2023\/08\/DSCF2686_7_8-300x201.jpg 300w, https:\/\/maxdevelopment.ro\/wp-content\/uploads\/2023\/08\/DSCF2686_7_8-768x514.jpg 768w, https:\/\/maxdevelopment.ro\/wp-content\/uploads\/2023\/08\/DSCF2686_7_8.jpg 800w\" sizes=\"auto, (max-width: 300px) 100vw, 300px\" \/><\/a><\/p>\n<h3>STRADA DANIEL RENARD \u2013 Cl\u0103dire de apartamente \u00een Cisnadie<\/h3>\n<p>Spa\u021bii de locuit spa\u021bioase \u0219i moderne \u00een Cisn\u0103die, construite cu \u00eenc\u0103lzire \u0219i r\u0103cire ecologice.<\/p>\n<p>Pe strada Daniel Renard din Cisn\u0103die se construiesc dou\u0103sprezece apartamente cu dou\u0103 \u0219i trei camere deosebit de atractive. Data preconizat\u0103 de finalizare este toamna anului 2023. <a style=\"font-size: 1.05em;\" href=\"https:\/\/maxdevelopment.ro\/ro\/proiectele-noastre\/strada-daniel-renard-cisniadie\/\">mai mult &gt;<\/a><\/p>\n<p>&nbsp;<\/p>\n<p>&nbsp;<\/p>\n<p><a href=\"..\/proiectele-noastre\/urban-living\/\"><img decoding=\"async\" class=\"alignleft wp-image-1125\" src=\"https:\/\/new.maxdevelopment.ro\/wp-content\/uploads\/2018\/10\/07-CHIA_0429yy.jpg\" alt=\"\" width=\"300\" srcset=\"https:\/\/maxdevelopment.ro\/wp-content\/uploads\/2018\/10\/07-CHIA_0429yy.jpg 400w, https:\/\/maxdevelopment.ro\/wp-content\/uploads\/2018\/10\/07-CHIA_0429yy-300x201.jpg 300w\" sizes=\"(max-width: 400px) 100vw, 400px\" \/><\/a><\/p>\n<h3>URBAN LIVING \u2013\u00a0Noi d\u0103m valoare locuin\u021bei<\/h3>\n<p>URBAN LIVING este un ansamblu contemporan de locuin\u0163e, situat \u00een Sibiu la c\u00e2\u0163iva pa\u015fi de centrul ora\u015fului \u015fi la c\u00e2teva minute de centrul comercial \u015fi zonele de agrement.<\/p>\n<p>Un apartament de calitate superioar\u0103 situat \u00eentr-o loca\u0163ie atr\u0103g\u0103toare din Sibiu reprezint\u0103 o investi\u0163ie pentru viitor. <a style=\"font-size: 1.05em;\" href=\"\/proiectele-noastre\/urban-living\/\">mai mult &gt;<\/a><\/p>\n<p>&nbsp;<\/p>\n<p>&nbsp;<\/p>\n<h3><a href=\"https:\/\/maxdevelopment.ro\/proiectele-noastre\/value-for-sibiu\/\"><img loading=\"lazy\" decoding=\"async\" class=\"alignleft size-medium wp-image-3331\" src=\"https:\/\/maxdevelopment.ro\/wp-content\/uploads\/2020\/08\/JAMMER-H220-20-Kopie-300x200.jpg\" alt=\"\" width=\"300\" height=\"200\" srcset=\"https:\/\/maxdevelopment.ro\/wp-content\/uploads\/2020\/08\/JAMMER-H220-20-Kopie-300x200.jpg 300w, https:\/\/maxdevelopment.ro\/wp-content\/uploads\/2020\/08\/JAMMER-H220-20-Kopie.jpg 350w\" sizes=\"auto, (max-width: 300px) 100vw, 300px\" \/><\/a>VALUE FOR SIBIU \u2013\u00a0Contribu\u021bia la ora\u0219ul cultural Sibiu<\/h3>\n<p>Ora\u0219ele vechi frumoase \u0219i arhitectura atractiv\u0103 sunt m\u0103rci \u00eenregistrate ale turismului bun.<\/p>\n<p>Noi contribuim la reputa\u021bia ora\u0219ului Sibiu ca ora\u0219 cultural, cu noile cl\u0103diri, restaur\u0103ri premiate \u0219i concursuri de art\u0103.<\/p>\n<p>Sibiu este un ora\u0219 foarte frumos, cu o mare istorie\u00a0<a style=\"font-size: 1.05em;\" href=\"..\/proiectele-noastre\/value-for-sibiu\/\">mai mult &gt;<\/a><\/p>\n<p>&nbsp;<\/p>\n<p>&nbsp;<\/p>\n<p><a href=\"\/proiectele-noastre\/swiss-village\/\"><img decoding=\"async\" class=\"wp-image-1125 alignleft\" src=\"https:\/\/new.maxdevelopment.ro\/wp-content\/uploads\/2019\/07\/MD-swiss-village.jpg\" alt=\"\" width=\"300\" \/><\/a><\/p>\n<h3>SWISS VILLAGE \u2013<\/h3>\n<h3>\u00a0Un proiect imobiliar inedit<\/h3>\n<p>SWISS VILLAGE\u00a0\u00eenseamn\u0103 mai mult dec\u00e2t un ansamblu reziden\u0163ial, deoarece el sugereaz\u0103 un mod de\u00a0via\u0163\u0103: modernism, calitate, confort, costuri de \u00eentre\u0163inere minime, siguran\u0163\u0103, atmosfer\u0103 civilizat\u0103 \u015fi mult loc &#8230; loc pentru verdea\u0163a, loc de joaca \u015fi loc de parcare.<\/p>\n<p>Apartamentele noastre sunt o investi\u0163ie de viitor<a style=\"font-size: 1.05em;\" href=\"https:\/\/new.maxdevelopment.ro\/proiectele-noastre\/swiss-village\/\">\u00a0mai mult &gt;<\/a><\/p>\n","protected":false},"excerpt":{"rendered":"<p>STRADA DANIEL RENARD \u2013 Cl\u0103dire de apartamente \u00een Cisnadie Spa\u021bii de locuit spa\u021bioase \u0219i moderne \u00een Cisn\u0103die, construite cu \u00eenc\u0103lzire \u0219i r\u0103cire ecologice. Pe strada Daniel Renard din Cisn\u0103die se construiesc dou\u0103sprezece apartamente cu dou\u0103 \u0219i trei camere deosebit de atractive. Data preconizat\u0103 de finalizare este toamna anului 2023. mai mult &gt; &nbsp; &nbsp; URBAN [&hellip;]<\/p>\n","protected":false},"author":1,"featured_media":0,"parent":0,"menu_order":0,"comment_status":"closed","ping_status":"closed","template":"","meta":{"inline_featured_image":false,"footnotes":""},"class_list":["post-39","page","type-page","status-publish","czr-hentry"],"_links":{"self":[{"href":"https:\/\/maxdevelopment.ro\/ro\/wp-json\/wp\/v2\/pages\/39","targetHints":{"allow":["GET"]}}],"collection":[{"href":"https:\/\/maxdevelopment.ro\/ro\/wp-json\/wp\/v2\/pages"}],"about":[{"href":"https:\/\/maxdevelopment.ro\/ro\/wp-json\/wp\/v2\/types\/page"}],"author":[{"embeddable":true,"href":"https:\/\/maxdevelopment.ro\/ro\/wp-json\/wp\/v2\/users\/1"}],"replies":[{"embeddable":true,"href":"https:\/\/maxdevelopment.ro\/ro\/wp-json\/wp\/v2\/comments?post=39"}],"version-history":[{"count":48,"href":"https:\/\/maxdevelopment.ro\/ro\/wp-json\/wp\/v2\/pages\/39\/revisions"}],"predecessor-version":[{"id":4288,"href":"https:\/\/maxdevelopment.ro\/ro\/wp-json\/wp\/v2\/pages\/39\/revisions\/4288"}],"wp:attachment":[{"href":"https:\/\/maxdevelopment.ro\/ro\/wp-json\/wp\/v2\/media?parent=39"}],"curies":[{"name":"wp","href":"https:\/\/api.w.org\/{rel}","templated":true}]}}