{"id":3,"date":"2018-07-11T09:15:10","date_gmt":"2018-07-11T09:15:10","guid":{"rendered":"http:\/\/new.maxdevelopment.ro\/?page_id=3"},"modified":"2019-07-24T13:06:40","modified_gmt":"2019-07-24T13:06:40","slug":"politica-de-confidentialitate","status":"publish","type":"page","link":"https:\/\/maxdevelopment.ro\/ro\/politica-de-confidentialitate\/","title":{"rendered":"Imprint"},"content":{"rendered":"<p><span style=\"font-weight: 400;\">Protejarea sferei dumneavoastr\u0103 private \u00een timpul utiliz\u0103rii site-ul nostru web (<\/span><a href=\"http:\/\/www.maxdevelopment.ro\/\"><span style=\"font-weight: 400;\">www.maxdevelopment.ro<\/span><\/a><span style=\"font-weight: 400;\">) reprezint\u0103 pentru noi un aspect extrem de important. De aceea, v\u0103 inform\u0103m \u00een continuare \u00een detaliu cu privire la prelucrarea datelor cu caracter personal. Responsabil pentru protec\u021bia datelor cu privire la aceast\u0103 pagin\u0103 web este\u00a0 SC MAX DEVELOPMENT SRL. La utilizarea \u0219i prelucrarea datelor cu caracter personal, SC MAX DEVELOPMENT SRL respect\u0103 cu stricte\u021be prevederile legale \u00een vigoare privind protec\u021bia datelor. Dreptul de utilizare a datelor cu caracter personal \u0219i a datelor cu caracter anonim revine societ\u0103\u021biiSC MAX DEVELOPMENT SRL \u00een limitele prev\u0103zute de lege, cu respectarea drepturilor persoanelor vizate descrise \u00een continuare.<\/span><\/p>\n<p><span style=\"font-weight: 400;\">Prezenta declara\u021bie privind protec\u021bia datelor se aplic\u0103 doar pentru\u00a0<\/span><a href=\"http:\/\/www.maxdevelopment.ro\/\"><span style=\"font-weight: 400;\">www.maxdevelopment.ro<\/span><\/a><span style=\"font-weight: 400;\"> \u0219i pentru subdomeniile aferente.<\/span><\/p>\n<p>&nbsp;<\/p>\n<h3><b>1. Securitatea datelor<\/b><\/h3>\n<p><b>1.1<\/b><span style=\"font-weight: 400;\">\u00a0Pentru protec\u021bia datelor dumneavoastr\u0103, SC MAX DEVELOPMENT SRL a luat m\u0103suri tehnice \u0219i organizatorice pentru a proteja aceste date \u00een special \u00eempotriva pierderii, manipul\u0103rii sau accesului neautorizat. M\u0103surile adoptate sunt verificate \u00een mod regulat \u0219i sunt adaptate constant la stadiul tehnicii. \u00a0\u00cen cazul unei \u00eenc\u0103lc\u0103ri a protec\u021biei datelor dumneavoastr\u0103 cu caracter personal, care se estimeaz\u0103 c\u0103 vor avea drept consecin\u021b\u0103 un risc major pentru drepturile \u0219i libert\u0103\u021bile dumneavoastr\u0103, v\u0103 vom notifica imediat, pe c\u00e2t posibil \u00eentr-un interval de 72 de ore.<\/span><\/p>\n<p>&nbsp;<\/p>\n<h3><b>2. Prelucrarea datelor minorilor<\/b><\/h3>\n<p><b>2.1<\/b><span style=\"font-weight: 400;\">\u00a0Va punem in vedere \u00een mod expres c\u0103 toate prelucr\u0103rile de date cu caracter personal se refera exclusiv la persoane care au \u00eemplinit v\u00e2rsta de 16 ani. Utilizarea sistemelor \u0219i a instrumentelor, precum \u0219i a rezultatelor proces\u0103rii datelor utilizatorilor care nu au aceast\u0103 v\u00e2rst\u0103 minim\u0103 este interzis\u0103 f\u0103r\u0103 acordul p\u0103rin\u021bilor\/tutorilor. \u00cen cazul \u00een care are totu\u0219i loc o procesare a datelor cu caracter personal, vom sista procesarea acestor date odat\u0103 cu luarea la cuno\u0219tin\u021b\u0103 a acestui fapt<\/span><\/p>\n<p>&nbsp;<\/p>\n<h3><b>3. Colectarea \u0219i prelucrarea datelor cu caracter personal<\/b><\/h3>\n<p><b>\u00a03.1. Datele furnizate de dumneavoastr\u0103<\/b><\/p>\n<p><span style=\"font-weight: 400;\">Datele cu caracter personal sunt prelucrate de noi conform prevederilor legale \u00een vigoare privind protec\u021bia datelor cu caracter personal. \u00cen cazul \u00een care coresponda\u021bi cu noi sau completa\u021bi un formular cu date pe pagina noastr\u0103 web, v\u0103 rug\u0103m s\u0103 ave\u021bi \u00een vedere faptul c\u0103 datele men\u021bionate de dumneavoastr\u0103 pe formularul respectiv vor fi prelucrate \u00een scopurile descrise \u00een continuare (a se vedea punctul 4).<\/span><\/p>\n<p><b>3.2. Datele colectate de noi<\/b><\/p>\n<p><span style=\"font-weight: 400;\">Site-ul <\/span><a href=\"http:\/\/www.maxdevelopment.ro\/\"><span style=\"font-weight: 400;\">www.maxdevelopment.ro<\/span><\/a><span style=\"font-weight: 400;\">\u00a0utilizeaza third-party cookies. Pentru mai multe informa\u021bii privind Cookie-urile utilizate pe pagina noastr\u0103 web, consulta\u021bi Politica de cookies.<\/span><\/p>\n<p>&nbsp;<\/p>\n<h3><b>4. Prelucr\u0103ri ale datelor pentru care nu este necesar consim\u021b\u0103m\u00e2ntul<\/b><\/h3>\n<p><b>4.1 Formular de contact general<\/b><\/p>\n<ul>\n<li style=\"font-weight: 400;\"><span style=\"font-weight: 400;\">Formular de contact plasat pe pagina de Contact a domeniului\u00a0<\/span><a href=\"http:\/\/www.maxdevelopment.ro\/\"><span style=\"font-weight: 400;\">www.maxdevelopment.ro<\/span><\/a><span style=\"font-weight: 400;\">. La trimiterea formularului de contact respectiv, vor fi prelucrate datele dumneavoastr\u0103 cu caracter personal din categoriile <\/span><i><span style=\"font-weight: 400;\">C\u00e2mpuri de date exacte: Nume, Telefon, Email, Subiect si Text solicitare<\/span><\/i><span style=\"font-weight: 400;\"> (date de identificare, email, telefon precum \u0219i textul solicit\u0103rii dumneavoastr\u0103) in conditiile prevazute in aceasta sectiune.<\/span><\/li>\n<li style=\"font-weight: 400;\"><span style=\"font-weight: 400;\">Scop: R\u0103spunsul la solicitarea dumneavoastr\u0103<\/span><\/li>\n<li style=\"font-weight: 400;\"><span style=\"font-weight: 400;\">Temei: Interes legitim de a prelucra individual \u00eentreb\u0103rile dumneavoastr\u0103 \u0219i de a putea r\u0103spunde credibil.<\/span><\/li>\n<li style=\"font-weight: 400;\"><span style=\"font-weight: 400;\">Durata de stocare: 3 ani<\/span><\/li>\n<li style=\"font-weight: 400;\"><span style=\"font-weight: 400;\">Consecintele refuzului: in situatia in care nu furnizati aceste date, nu ne veti putea contacta si nu va vom putea furniza informatiile solicitate.<\/span><\/li>\n<li style=\"font-weight: 400;\"><span style=\"font-weight: 400;\">Pentru acest scop, datele vor fi transmise catre departamentul de Vanzari al Akcent\u00a0Residential Construction SRL, iar dumneavoastra veti fi contactati pentru a raspunde solicitarilor adresate prin formularul de contact.<\/span><\/li>\n<\/ul>\n<p><span style=\"font-weight: 400;\">\u00a0<\/span><b>4.2<\/b><span style=\"font-weight: 400;\">\u00a0Colect\u0103m date \u00een mod automat prin utilizarea de Cookie-uri. Un Cookie este un mic fi\u0219ier text care salveaz\u0103 set\u0103rile pentru internet. Aproape fiecare pagin\u0103 web folose\u0219te aceast\u0103 tehnologie. Aceasta este desc\u0103rcat\u0103 de browser-ul dumneavoastr\u0103 de internet la prima accesare a unei pagini web. La urm\u0103toarea accesare a acestei pagini web cu acela\u0219i dispozitiv, Cookie-urile \u0219i informa\u021biile salvate sunt trimise c\u0103tre o alt\u0103 pagin\u0103 web c\u0103reia \u00eei apar\u021bin (Third Party Cookie). Astfel, pagina web recunoa\u0219te c\u0103 a\u021bi mai accesat o dat\u0103 pagina cu acest browser \u0219i variaz\u0103 \u00een unele cazuri con\u021binutul afi\u0219at.<\/span><\/p>\n<h3><\/h3>\n<h3><b>5. Drepturile persoanelor vizate<\/b><\/h3>\n<p><span style=\"font-weight: 400;\">Pute\u021bi face uz de urm\u0103toarele drepturi cu privire la procesarea datelor cu caracter personal:<\/span><\/p>\n<p><b>5.1 Dreptul la informa\u021bii<\/b><span style=\"font-weight: 400;\">\u00a0Pute\u021bi solicita o confirmare a proces\u0103rii datelor dumneavoastr\u0103 personale \u0219i a modului \u00een care acestea sunt utilizate.<\/span><\/p>\n<p><b>5.2 Dreptul la corectare<\/b><span style=\"font-weight: 400;\">\u00a0\u00cen cazul \u00een care proces\u0103m date cu caracter personal incomplete sau incorecte, pute\u021bi solicita oric\u00e2nd corectarea sau completarea acestora.<\/span><\/p>\n<p><b>5.3 Dreptul la \u0219tergere<\/b><span style=\"font-weight: 400;\">\u00a0Pute\u021bi solicita \u0219tergerea datelor dumneavoastr\u0103 cu caracter personal dac\u0103 scopul pentru care acestea au fost colectate nu mai exist\u0103, dac\u0103 procesarea acestora contravine prevederilor legale, dac\u0103 procesarea acestora afecteaz\u0103 \u00een exces interesele dumneavoastr\u0103 sau dac\u0103 procesarea se bazeaz\u0103 pe acordul dumneavoastr\u0103, acord pe care l-a\u021bi revocat. Trebuie s\u0103 re\u021bine\u021bi c\u0103 pot exista \u0219i alte motive care s\u0103 \u00eempiedice \u0219tergerea imediat\u0103 a datelor dumneavoastr\u0103, de exemplu, perioade obligatorii de arhivare, ac\u021biuni pendinte, preten\u021bii, exercitarea sau ap\u0103rarea unor drepturi legale etc.<\/span><\/p>\n<p><b>5.4 Dreptul la limitarea proces\u0103rii<\/b><span style=\"font-weight: 400;\">\u00a0Ave\u021bi dreptul s\u0103 solicita\u021bi o limitare a proces\u0103rii datelor dumneavoastr\u0103 cu caracter personal \u00een urm\u0103toarele cazuri:<\/span><\/p>\n<ul>\n<li style=\"font-weight: 400;\"><span style=\"font-weight: 400;\">Contesta\u021bi corectitudinea datelor dumneavoastr\u0103, acest lucru survenind pentru un termen, care ne permite s\u0103 verific\u0103m corectitudinea datelor dumneavoastr\u0103,<\/span><\/li>\n<li style=\"font-weight: 400;\"><span style=\"font-weight: 400;\">procesarea datelor dumneavoastr\u0103 cu caracter personal contravine prevederilor legale, dumneavoastr\u0103 v\u0103 opune\u021bi \u00eens\u0103 \u0219tergerii acestora si solicita\u021bi o limitare a utiliz\u0103rii acestor date,<\/span><\/li>\n<li style=\"font-weight: 400;\"><span style=\"font-weight: 400;\">nou\u0103 nu ne mai sunt necesare datele dumneavoastr\u0103 cu caracter personal \u00een scopul prev\u0103zut, dumneavoastr\u0103 \u00eens\u0103 mai ave\u021bi nevoie de aceste date \u00een scopul execut\u0103rii, exercit\u0103rii sau ap\u0103r\u0103rii unor preten\u021bii legale sau a\u021bi contestat procesarea datelor dumneavoastr\u0103 cu caracter personal.<\/span><\/li>\n<\/ul>\n<p><b>5.5 Dreptul la transmiterea datelor<\/b><span style=\"font-weight: 400;\">\u00a0Ne pute\u021bi solicita s\u0103 v\u0103 punem la dispozi\u021bie datele dumneavoastr\u0103 cu caracter personal pe care ni le-a\u021bi furnizat \u00eentr-un format structurat, uzual \u0219i lizibil prin mijloace tehnice, \u00een m\u0103sura \u00een care proces\u0103m aceste date \u00een baza acordului dumneavoastr\u0103 sau pentru executarea unui contract \u00eentre noi, prelucrarea f\u0103c\u00e2ndu-se prin procese automatizate.<\/span><\/p>\n<p><b>5.6 Dreptul la contestare<\/b><span style=\"font-weight: 400;\">\u00a0\u00cen cazul \u00een care proces\u0103m datele dumneavoastr\u0103 cu caracter personal pentru \u00eendeplinirea unor sarcini de interes public, pentru exercitarea unei autorit\u0103\u021bi publice sau \u00een cazul \u00een care facem referire la necesitatea de ap\u0103rare a unui interes legitim, pute\u021bi contesta procesarea acestor date, \u00een m\u0103sura \u00een care exist\u0103 un interes legitim prevalent \u00een ceea ce prive\u0219te datele dumneavoastr\u0103 cu caracter personal. Pute\u021bi oric\u00e2nd s\u0103 revoca\u021bi acordul pentru transmiterea de mesaje publicitare f\u0103r\u0103 indicarea unui motiv.<\/span><\/p>\n<p><b>5.7 Dreptul la reclama\u021bie<\/b><span style=\"font-weight: 400;\">\u00a0Dac\u0103 sunte\u021bi de p\u0103rere c\u0103 am \u00eenc\u0103lcat prevederi ale dreptului rom\u00e2n sau european \u00een procesarea datelor dumneavoastr\u0103 cu caracter personal, lez\u00e2nd astfel drepturile dumneavoastr\u0103, v\u0103 rug\u0103m s\u0103 ne contacta\u021bi pentru a putea clarifica \u00eentreb\u0103rile dumneavoastr\u0103. Bine\u00een\u021beles c\u0103 ave\u021bi dreptul s\u0103 v\u0103 adresa\u021bi Autorit\u0103\u021bii Rom\u00e2ne pentru Protec\u021bia Datelor, respectiv unei autorit\u0103\u021bi europene de supraveghere.<\/span><\/p>\n<p><span style=\"font-weight: 400;\">Aceste drepturi pot fi exercitate direct fata de Max Development printr-o notificare la adresa de e-mail\u00a0 <\/span><a href=\"mailto:office@maxdevelopment.ro\"><span style=\"font-weight: 400;\">office@maxdevelopment.ro,<\/span><\/a><\/p>\n<p>&nbsp;<\/p>\n<h3><b>6. Date de contact<\/b><\/h3>\n<p><span style=\"font-weight: 400;\">SC MAX DEVELOPMENT SRL<\/span><\/p>\n<p><span style=\"font-weight: 400;\">Calea Dumbravii nr. 40<\/span><\/p>\n<p><span style=\"font-weight: 400;\">RO 550324 Sibiu<\/span><\/p>\n<p><span style=\"font-weight: 400;\">Email:\u00a0 <\/span><a href=\"mailto:office@maxdevelopment.ro\"><span style=\"font-weight: 400;\">office@maxdevelopment.ro,<\/span><\/a><\/p>\n","protected":false},"excerpt":{"rendered":"<p>Protejarea sferei dumneavoastr\u0103 private \u00een timpul utiliz\u0103rii site-ul nostru web (www.maxdevelopment.ro) reprezint\u0103 pentru noi un aspect extrem de important. De aceea, v\u0103 inform\u0103m \u00een continuare \u00een detaliu cu privire la prelucrarea datelor cu caracter personal. Responsabil pentru protec\u021bia datelor cu privire la aceast\u0103 pagin\u0103 web este\u00a0 SC MAX DEVELOPMENT SRL. La utilizarea \u0219i prelucrarea datelor [&hellip;]<\/p>\n","protected":false},"author":1,"featured_media":0,"parent":0,"menu_order":0,"comment_status":"closed","ping_status":"open","template":"","meta":{"inline_featured_image":false,"footnotes":""},"class_list":["post-3","page","type-page","status-publish","czr-hentry"],"_links":{"self":[{"href":"https:\/\/maxdevelopment.ro\/ro\/wp-json\/wp\/v2\/pages\/3","targetHints":{"allow":["GET"]}}],"collection":[{"href":"https:\/\/maxdevelopment.ro\/ro\/wp-json\/wp\/v2\/pages"}],"about":[{"href":"https:\/\/maxdevelopment.ro\/ro\/wp-json\/wp\/v2\/types\/page"}],"author":[{"embeddable":true,"href":"https:\/\/maxdevelopment.ro\/ro\/wp-json\/wp\/v2\/users\/1"}],"replies":[{"embeddable":true,"href":"https:\/\/maxdevelopment.ro\/ro\/wp-json\/wp\/v2\/comments?post=3"}],"version-history":[{"count":6,"href":"https:\/\/maxdevelopment.ro\/ro\/wp-json\/wp\/v2\/pages\/3\/revisions"}],"predecessor-version":[{"id":2972,"href":"https:\/\/maxdevelopment.ro\/ro\/wp-json\/wp\/v2\/pages\/3\/revisions\/2972"}],"wp:attachment":[{"href":"https:\/\/maxdevelopment.ro\/ro\/wp-json\/wp\/v2\/media?parent=3"}],"curies":[{"name":"wp","href":"https:\/\/api.w.org\/{rel}","templated":true}]}}