{"id":223,"date":"2018-07-12T09:00:46","date_gmt":"2018-07-12T09:00:46","guid":{"rendered":"http:\/\/new.maxdevelopment.ro\/?page_id=223"},"modified":"2021-04-13T16:08:13","modified_gmt":"2021-04-13T16:08:13","slug":"parteneri","status":"publish","type":"page","link":"https:\/\/maxdevelopment.ro\/ro\/despre-noi\/parteneri\/","title":{"rendered":"Parteneri"},"content":{"rendered":"<h2>Noi apreciem calitatea \u015fi la partenerii no\u015ftri<\/h2>\n<p>&nbsp;<\/p>\n<h3>Solid Construct SRL<\/h3>\n<p><img decoding=\"async\" class=\"alignright wp-image-1473\" src=\"https:\/\/new.maxdevelopment.ro\/wp-content\/uploads\/2019\/07\/solid-construct-300x64.png\" alt=\"\" width=\"300\" srcset=\"https:\/\/maxdevelopment.ro\/wp-content\/uploads\/2019\/07\/solid-construct-300x64.png 300w, https:\/\/maxdevelopment.ro\/wp-content\/uploads\/2019\/07\/solid-construct.png 700w\" sizes=\"(max-width: 300px) 100vw, 300px\" \/>Compania de construc\u021bii din Sibiu, Solid Construct, construie\u0219te cl\u0103diri private, comerciale \u0219i industriale \u0219i restaureaz\u0103 cl\u0103diri vechi. Compania de calitate este coloana vertebral\u0103 a procesului nostru de construc\u021bie. \u00cen calitate de antreprenor general Solid Construct este responsabil pentru construirea satului elve\u021bian \u00een Sibiu.<\/p>\n<p>&nbsp;<\/p>\n<h3>Max Schweizer AG<\/h3>\n<p><img loading=\"lazy\" decoding=\"async\" class=\"alignright size-medium wp-image-1917\" src=\"https:\/\/new.maxdevelopment.ro\/wp-content\/uploads\/2019\/07\/Schweizer-300x103@2x.jpg\" sizes=\"auto, (max-width: 300px) 100vw, 300px\" srcset=\"https:\/\/new.maxdevelopment.ro\/wp-content\/uploads\/2019\/07\/Schweizer-300x103.jpg 300w, https:\/\/new.maxdevelopment.ro\/wp-content\/uploads\/2019\/07\/Schweizer-768x264.jpg 768w, https:\/\/new.maxdevelopment.ro\/wp-content\/uploads\/2019\/07\/Schweizer.jpg 800w\" alt=\"\" width=\"300\" height=\"103\" \/><\/p>\n<p id=\"tw-target-text\" class=\"tw-data-text tw-ta tw-text-small\" dir=\"ltr\" data-placeholder=\"Translation\">Max Schweizer AG activeaz\u0103 \u00een domeniul construc\u021biilor de peste 130 de ani. Marea experien\u021b\u0103 a partenerului nostru \u00een domeniul renov\u0103rii complexe a cl\u0103dirilor, designul general al managementului de proiect ofer\u0103 securitate.<\/p>\n<p><a href=\"http:\/\/www.schweizerag.com\/\" target=\"_blank\" rel=\"noopener noreferrer\">www.schweizerag.com<\/a><\/p>\n<p>&nbsp;<\/p>\n<h3>Herlan &amp; Associates<\/h3>\n<p><img decoding=\"async\" class=\"alignright\" src=\"https:\/\/maxdevelopment.ro\/wp-content\/uploads\/2019\/07\/HA-300x39.png\" alt=\"logo\"\/>Herlan &amp; Associates ofer\u0103 servicii \u00een domeniul consultan\u021bei fiscale, consultan\u021bei contabile \u0219i managementului. Cu o prezen\u021b\u0103 local\u0103 \u00een Sibiu \u0219i Transilvania, Herlan &amp; Associates ofer\u0103 servicii la nivel interna\u021bional care ofer\u0103 clien\u021bilor s\u0103i o valoare ad\u0103ugat\u0103 real\u0103. Pentru Max Development, Herlan &amp; Associates asigur\u0103 claritatea \u0219i securitatea \u00een administra\u021bie \u0219i finan\u021be.<\/p>\n<p><a href=\"http:\/\/www.herlan-associates.com\" target=\"_blank\" rel=\"noopener noreferrer\">www.herlan-associates.com<\/a><\/p>\n<p>&nbsp;<\/p>\n<h3>APB<\/h3>\n<p><img loading=\"lazy\" decoding=\"async\" width=\"77\" height=\"41\" class=\" wp-image-2614 alignright\" src=\"https:\/\/new.maxdevelopment.ro\/wp-content\/uploads\/2019\/07\/APB.jpg\" alt=\"\" \/><\/p>\n<p class=\"ydp5f8f9fd3msonormal\">APB &#8211; Arhitec\u021bi Pa\u0219ca &amp; Bordean &#8211; este un birou t\u00e2n\u0103r de arhitectur\u0103 din Sibiu care ofer\u0103 servicii complete de proiectare \u0219i care \u00eencearc\u0103, de fiecare dat\u0103, s\u0103 r\u0103spund\u0103 nevoilor diferite ale clien\u021bilor \u0219i s\u0103 creeze spa\u021bii \u00een care s\u0103-\u021bi fac\u0103 pl\u0103cere s\u0103 tr\u0103ie\u0219ti.\u00a0APB a surpins Max Development \u00een mod repetat cu designuri arhitecturale conving\u0103toare.<\/p>\n<p>&nbsp;<\/p>\n<h3>Max The Original<\/h3>\n<p><img loading=\"lazy\" decoding=\"async\" class=\"size-full wp-image-3450 alignright\" src=\"https:\/\/maxdevelopment.ro\/wp-content\/uploads\/2021\/04\/MAX-TO.png\" alt=\"\" width=\"265\" height=\"98\" \/>Max este mai mult dec\u00e2t un restaurant. Atmosfera unic\u0103 a acestei case restaurate \u0219i mobilate cu bun gust este impresionant\u0103. Renovarea multipl\u0103 premiat\u0103 contribuie la modernizarea ora\u0219ului de jos \u0219i \u00eembog\u0103\u021be\u0219te gastronomia.<\/p>\n<p><a href=\"https:\/\/maxtheoriginal.ro\/\" target=\"_blank\" rel=\"noopener noreferrer\">www.maxtheoriginal.ro<\/a><\/p>\n<p>&nbsp;<\/p>\n","protected":false},"excerpt":{"rendered":"<p>Noi apreciem calitatea \u015fi la partenerii no\u015ftri &nbsp; Solid Construct SRL Compania de construc\u021bii din Sibiu, Solid Construct, construie\u0219te cl\u0103diri private, comerciale \u0219i industriale \u0219i restaureaz\u0103 cl\u0103diri vechi. Compania de calitate este coloana vertebral\u0103 a procesului nostru de construc\u021bie. \u00cen calitate de antreprenor general Solid Construct este responsabil pentru construirea satului elve\u021bian \u00een Sibiu. &nbsp; [&hellip;]<\/p>\n","protected":false},"author":1,"featured_media":0,"parent":784,"menu_order":0,"comment_status":"closed","ping_status":"closed","template":"","meta":{"inline_featured_image":false,"footnotes":""},"class_list":["post-223","page","type-page","status-publish","czr-hentry"],"_links":{"self":[{"href":"https:\/\/maxdevelopment.ro\/ro\/wp-json\/wp\/v2\/pages\/223","targetHints":{"allow":["GET"]}}],"collection":[{"href":"https:\/\/maxdevelopment.ro\/ro\/wp-json\/wp\/v2\/pages"}],"about":[{"href":"https:\/\/maxdevelopment.ro\/ro\/wp-json\/wp\/v2\/types\/page"}],"author":[{"embeddable":true,"href":"https:\/\/maxdevelopment.ro\/ro\/wp-json\/wp\/v2\/users\/1"}],"replies":[{"embeddable":true,"href":"https:\/\/maxdevelopment.ro\/ro\/wp-json\/wp\/v2\/comments?post=223"}],"version-history":[{"count":39,"href":"https:\/\/maxdevelopment.ro\/ro\/wp-json\/wp\/v2\/pages\/223\/revisions"}],"predecessor-version":[{"id":3457,"href":"https:\/\/maxdevelopment.ro\/ro\/wp-json\/wp\/v2\/pages\/223\/revisions\/3457"}],"up":[{"embeddable":true,"href":"https:\/\/maxdevelopment.ro\/ro\/wp-json\/wp\/v2\/pages\/784"}],"wp:attachment":[{"href":"https:\/\/maxdevelopment.ro\/ro\/wp-json\/wp\/v2\/media?parent=223"}],"curies":[{"name":"wp","href":"https:\/\/api.w.org\/{rel}","templated":true}]}}