{"id":218,"date":"2018-07-12T08:57:36","date_gmt":"2018-07-12T08:57:36","guid":{"rendered":"http:\/\/new.maxdevelopment.ro\/?page_id=218"},"modified":"2021-04-13T15:56:24","modified_gmt":"2021-04-13T15:56:24","slug":"swiss-village","status":"publish","type":"page","link":"https:\/\/maxdevelopment.ro\/ro\/proiectele-noastre\/swiss-village\/","title":{"rendered":"Swiss Village"},"content":{"rendered":"<h2>Swiss Village: un proiect imobiliar \u00eentr-un cadru natural din imediata apropiere a Sibiului<\/h2>\n<p>SWISS VILLAGE reprezint\u0103 un nou concept pe pia\u021ba imobiliara \u00eensemn\u00e2nd mai mult dec\u00e2t un ansamblu reziden\u021bial, deoarece el sugereaz\u0103 un mod de via\u021b\u0103 ce se bazeaz\u0103 pe calitate, confort, siguran\u021b\u0103, un sistem de dot\u0103ri modern \u0219i mult loc\u2026loc pentru verdea\u021b\u0103, pentru joac\u0103\u2026un loc ce \u00ee\u021bi ofer\u0103 senza\u021bia de relaxare. Acestea reprezint\u0103 premisele noastre pentru a crea o adev\u0103rata comunitate in aceast\u0103 zon\u0103. Fiecare imobil a fost g\u00e2ndit astfel \u00eenc\u00e2t s\u0103 asigure necesarul de func\u021bionalitate al unei familii, f\u0103r\u0103 a crea costuri suplimentare inutile \u0219i pierdere de timp. Planificarea flexibil\u0103 a spa\u021biului interior permite adaptarea caselor la cerin\u021bele de confort personal ale fiec\u0103rui proprietar oferindu-i un trai c\u00e2t mai pl\u0103cut. Ansamblul nostru reziden\u021bial este format din case \u00een\u0219iruite, case duplex \u0219i case cu apartamente de dou\u0103, trei sau patru camere.<\/p>\n<p>&nbsp;<\/p>\n<h3>Case \u00een\u0219iruite: un concept cu un raport optim pre\u021b-performan\u021b\u0103<\/h3>\n<p>In prima etapa au fost realizate casele \u00een\u0219iruite. Acest concept a c\u0103p\u0103tat amploare in toata Europa datorita raportului optim pre\u021b-performan\u021b\u0103 \u0219i se adreseaz\u0103 familiilor cu venit mediu. Casele \u00een\u0219iruite preiau valori din arhitectura s\u0103seasc\u0103 transilvan\u0103, dar ofer\u0103, totodat\u0103, solu\u021bii ingenioase si accesibile. Planurile au fost g\u00e2ndite flexibile permi\u021b\u00e2nd astfel adaptarea caselor la cerin\u021bele familiilor.<\/p>\n<p>&nbsp;<\/p>\n<p><a href=\"https:\/\/new.maxdevelopment.ro\/wp-content\/uploads\/2019\/07\/MAX-Development-Swiss-Village.jpg\"><img loading=\"lazy\" decoding=\"async\" class=\"size-large wp-image-2595 alignnone\" src=\"https:\/\/new.maxdevelopment.ro\/wp-content\/uploads\/2019\/07\/MAX-Development-Swiss-Village-1110x232.jpg\" alt=\"\" width=\"1110\" height=\"232\" srcset=\"https:\/\/maxdevelopment.ro\/wp-content\/uploads\/2019\/07\/MAX-Development-Swiss-Village-1110x232.jpg 1110w, https:\/\/maxdevelopment.ro\/wp-content\/uploads\/2019\/07\/MAX-Development-Swiss-Village-300x63.jpg 300w, https:\/\/maxdevelopment.ro\/wp-content\/uploads\/2019\/07\/MAX-Development-Swiss-Village-768x161.jpg 768w, https:\/\/maxdevelopment.ro\/wp-content\/uploads\/2019\/07\/MAX-Development-Swiss-Village.jpg 1910w\" sizes=\"auto, (max-width: 1110px) 100vw, 1110px\" \/><\/a><\/p>\n<p>&nbsp;<\/p>\n<h3>Casele multifamiliale: duplexuri si apartamente care \u00eembin\u0103 func\u021bionalitatea, eficien\u021ba \u0219i confortul<\/h3>\n<p>A doua etapa in finalizarea ansamblului reziden\u021bial a fost finalizarea caselor multifamiliale. Arhitectura lor r\u0103spunde cerin\u021belor lumii moderne \u015fi \u00eembin\u0103 func\u021bionalitatea \u0219i eficien\u021ba cu armonia \u0219i confortul. Dorind s\u0103 le oferim viitorilor locatari un trai c\u00e2t mai pl\u0103cut, ne-am decis s\u0103 nu construim mai mult de trei nivele, astfel c\u0103 \u00een afar\u0103 de parter, casele au un singur etaj \u015fi mansard\u0103. Fiecare apartament dispune la etaj de un balcon mare cu vedere spre mun\u0163i, iar la parter de teras\u0103 \u015fi gr\u0103din\u0103. Casele din ansamblu sunt legate prin alei, parc\u0103rile sunt la \u00eendem\u00e2n\u0103:<\/p>\n<p>&nbsp;<\/p>\n<div id='gallery-1' class='czr-gallery row flex-row czr-gallery-style gallery galleryid-218 gallery-columns-5 gallery-size-thumbnail'><figure class='gallery-item col col-auto'>\r\n                        <div class='gallery-icon landscape czr-gallery-icon'>\r\n                              <a data-lb-type=\"grouped-gallery\" href=https:\/\/maxdevelopment.ro\/wp-content\/uploads\/2019\/07\/MD-SV-01.jpg class=\"bg-link\"><\/a><img loading=\"lazy\" decoding=\"async\" width=\"150\" height=\"150\" src=\"https:\/\/maxdevelopment.ro\/wp-content\/uploads\/2019\/07\/MD-SV-01-150x150.jpg\" class=\"attachment-thumbnail size-thumbnail\" alt=\"\" sizes=\"auto, (min-width: 1200px) 198px, (min-width: 992px) 162px, (min-width: 768px) 114px, (min-width: 576px) 105px, calc( 50vw - 30px )\" \/>\r\n                        <\/div><\/figure><figure class='gallery-item col col-auto'>\r\n                        <div class='gallery-icon landscape czr-gallery-icon'>\r\n                              <a data-lb-type=\"grouped-gallery\" href=https:\/\/maxdevelopment.ro\/wp-content\/uploads\/2019\/07\/MD-SV-02.jpg class=\"bg-link\"><\/a><img loading=\"lazy\" decoding=\"async\" width=\"150\" height=\"150\" src=\"https:\/\/maxdevelopment.ro\/wp-content\/uploads\/2019\/07\/MD-SV-02-150x150.jpg\" class=\"attachment-thumbnail size-thumbnail\" alt=\"\" sizes=\"auto, (min-width: 1200px) 198px, (min-width: 992px) 162px, (min-width: 768px) 114px, (min-width: 576px) 105px, calc( 50vw - 30px )\" srcset=\"https:\/\/maxdevelopment.ro\/wp-content\/uploads\/2019\/07\/MD-SV-02-150x150.jpg 150w, https:\/\/maxdevelopment.ro\/wp-content\/uploads\/2019\/07\/MD-SV-02-510x510.jpg 510w\" \/>\r\n                        <\/div><\/figure><figure class='gallery-item col col-auto'>\r\n                        <div class='gallery-icon landscape czr-gallery-icon'>\r\n                              <a data-lb-type=\"grouped-gallery\" href=https:\/\/maxdevelopment.ro\/wp-content\/uploads\/2019\/07\/MD-SV-03.jpg class=\"bg-link\"><\/a><img loading=\"lazy\" decoding=\"async\" width=\"150\" height=\"150\" src=\"https:\/\/maxdevelopment.ro\/wp-content\/uploads\/2019\/07\/MD-SV-03-150x150.jpg\" class=\"attachment-thumbnail size-thumbnail\" alt=\"\" sizes=\"auto, (min-width: 1200px) 198px, (min-width: 992px) 162px, (min-width: 768px) 114px, (min-width: 576px) 105px, calc( 50vw - 30px )\" srcset=\"https:\/\/maxdevelopment.ro\/wp-content\/uploads\/2019\/07\/MD-SV-03-150x150.jpg 150w, https:\/\/maxdevelopment.ro\/wp-content\/uploads\/2019\/07\/MD-SV-03-510x510.jpg 510w\" \/>\r\n                        <\/div><\/figure><figure class='gallery-item col col-auto'>\r\n                        <div class='gallery-icon landscape czr-gallery-icon'>\r\n                              <a data-lb-type=\"grouped-gallery\" href=https:\/\/maxdevelopment.ro\/wp-content\/uploads\/2019\/07\/MD-SV-04.jpg class=\"bg-link\"><\/a><img loading=\"lazy\" decoding=\"async\" width=\"150\" height=\"150\" src=\"https:\/\/maxdevelopment.ro\/wp-content\/uploads\/2019\/07\/MD-SV-04-150x150.jpg\" class=\"attachment-thumbnail size-thumbnail\" alt=\"\" sizes=\"auto, (min-width: 1200px) 198px, (min-width: 992px) 162px, (min-width: 768px) 114px, (min-width: 576px) 105px, calc( 50vw - 30px )\" \/>\r\n                        <\/div><\/figure><figure class='gallery-item col col-auto'>\r\n                        <div class='gallery-icon landscape czr-gallery-icon'>\r\n                              <a data-lb-type=\"grouped-gallery\" href=https:\/\/maxdevelopment.ro\/wp-content\/uploads\/2019\/07\/MD-SV-05.jpg class=\"bg-link\"><\/a><img loading=\"lazy\" decoding=\"async\" width=\"150\" height=\"150\" src=\"https:\/\/maxdevelopment.ro\/wp-content\/uploads\/2019\/07\/MD-SV-05-150x150.jpg\" class=\"attachment-thumbnail size-thumbnail\" alt=\"\" sizes=\"auto, (min-width: 1200px) 198px, (min-width: 992px) 162px, (min-width: 768px) 114px, (min-width: 576px) 105px, calc( 50vw - 30px )\" srcset=\"https:\/\/maxdevelopment.ro\/wp-content\/uploads\/2019\/07\/MD-SV-05-150x150.jpg 150w, https:\/\/maxdevelopment.ro\/wp-content\/uploads\/2019\/07\/MD-SV-05-510x510.jpg 510w\" \/>\r\n                        <\/div><\/figure><figure class='gallery-item col col-auto'>\r\n                        <div class='gallery-icon landscape czr-gallery-icon'>\r\n                              <a data-lb-type=\"grouped-gallery\" href=https:\/\/maxdevelopment.ro\/wp-content\/uploads\/2019\/07\/MD-SV-06.jpg class=\"bg-link\"><\/a><img loading=\"lazy\" decoding=\"async\" width=\"150\" height=\"150\" src=\"https:\/\/maxdevelopment.ro\/wp-content\/uploads\/2019\/07\/MD-SV-06-150x150.jpg\" class=\"attachment-thumbnail size-thumbnail\" alt=\"\" sizes=\"auto, (min-width: 1200px) 198px, (min-width: 992px) 162px, (min-width: 768px) 114px, (min-width: 576px) 105px, calc( 50vw - 30px )\" srcset=\"https:\/\/maxdevelopment.ro\/wp-content\/uploads\/2019\/07\/MD-SV-06-150x150.jpg 150w, https:\/\/maxdevelopment.ro\/wp-content\/uploads\/2019\/07\/MD-SV-06-510x510.jpg 510w\" \/>\r\n                        <\/div><\/figure><figure class='gallery-item col col-auto'>\r\n                        <div class='gallery-icon landscape czr-gallery-icon'>\r\n                              <a data-lb-type=\"grouped-gallery\" href=https:\/\/maxdevelopment.ro\/wp-content\/uploads\/2019\/07\/MD-SV-07-1.jpg class=\"bg-link\"><\/a><img loading=\"lazy\" decoding=\"async\" width=\"150\" height=\"150\" src=\"https:\/\/maxdevelopment.ro\/wp-content\/uploads\/2019\/07\/MD-SV-07-1-150x150.jpg\" class=\"attachment-thumbnail size-thumbnail\" alt=\"\" sizes=\"auto, (min-width: 1200px) 198px, (min-width: 992px) 162px, (min-width: 768px) 114px, (min-width: 576px) 105px, calc( 50vw - 30px )\" \/>\r\n                        <\/div><\/figure><figure class='gallery-item col col-auto'>\r\n                        <div class='gallery-icon landscape czr-gallery-icon'>\r\n                              <a data-lb-type=\"grouped-gallery\" href=https:\/\/maxdevelopment.ro\/wp-content\/uploads\/2019\/07\/MD-SV-08.jpg class=\"bg-link\"><\/a><img loading=\"lazy\" decoding=\"async\" width=\"150\" height=\"150\" src=\"https:\/\/maxdevelopment.ro\/wp-content\/uploads\/2019\/07\/MD-SV-08-150x150.jpg\" class=\"attachment-thumbnail size-thumbnail\" alt=\"\" sizes=\"auto, (min-width: 1200px) 198px, (min-width: 992px) 162px, (min-width: 768px) 114px, (min-width: 576px) 105px, calc( 50vw - 30px )\" srcset=\"https:\/\/maxdevelopment.ro\/wp-content\/uploads\/2019\/07\/MD-SV-08-150x150.jpg 150w, https:\/\/maxdevelopment.ro\/wp-content\/uploads\/2019\/07\/MD-SV-08-510x510.jpg 510w\" \/>\r\n                        <\/div><\/figure><figure class='gallery-item col col-auto'>\r\n                        <div class='gallery-icon landscape czr-gallery-icon'>\r\n                              <a data-lb-type=\"grouped-gallery\" href=https:\/\/maxdevelopment.ro\/wp-content\/uploads\/2019\/07\/MD-SV-09-1.jpg class=\"bg-link\"><\/a><img loading=\"lazy\" decoding=\"async\" width=\"150\" height=\"150\" src=\"https:\/\/maxdevelopment.ro\/wp-content\/uploads\/2019\/07\/MD-SV-09-1-150x150.jpg\" class=\"attachment-thumbnail size-thumbnail\" alt=\"\" sizes=\"auto, (min-width: 1200px) 198px, (min-width: 992px) 162px, (min-width: 768px) 114px, (min-width: 576px) 105px, calc( 50vw - 30px )\" srcset=\"https:\/\/maxdevelopment.ro\/wp-content\/uploads\/2019\/07\/MD-SV-09-1-150x150.jpg 150w, https:\/\/maxdevelopment.ro\/wp-content\/uploads\/2019\/07\/MD-SV-09-1-510x510.jpg 510w\" \/>\r\n                        <\/div><\/figure><figure class='gallery-item col col-auto'>\r\n                        <div class='gallery-icon landscape czr-gallery-icon'>\r\n                              <a data-lb-type=\"grouped-gallery\" href=https:\/\/maxdevelopment.ro\/wp-content\/uploads\/2019\/07\/Swiss-Village-171015-W23-1-1.jpg class=\"bg-link\"><\/a><img loading=\"lazy\" decoding=\"async\" width=\"150\" height=\"150\" src=\"https:\/\/maxdevelopment.ro\/wp-content\/uploads\/2019\/07\/Swiss-Village-171015-W23-1-1-150x150.jpg\" class=\"attachment-thumbnail size-thumbnail\" alt=\"\" sizes=\"auto, (min-width: 1200px) 198px, (min-width: 992px) 162px, (min-width: 768px) 114px, (min-width: 576px) 105px, calc( 50vw - 30px )\" srcset=\"https:\/\/maxdevelopment.ro\/wp-content\/uploads\/2019\/07\/Swiss-Village-171015-W23-1-1-150x150.jpg 150w, https:\/\/maxdevelopment.ro\/wp-content\/uploads\/2019\/07\/Swiss-Village-171015-W23-1-1-510x510.jpg 510w\" \/>\r\n                        <\/div><\/figure>\r\n                  <\/div>\n\n<p>&nbsp;<\/p>\n<h3>Vizita\u021bi-ne la Swiss Village!<\/h3>\n<p>Complexul de apartamente se afl\u0103 la 1,5 km de la ie\u0219irea din Sibiu \u00eenspre Cisn\u0103die, ceea ce asigur\u0103 o via\u021b\u0103 aproape de natur\u0103, dar \u0219i acces rapid la infrastructura Sibiului. \u00cen doar c\u00e2teva minute ajunge\u021bi \u00een centrul Sibiului, la gr\u0103dini\u021be, \u0219coli \u015fi alte puncte de interes, iar Shopping City este la o arunc\u0103tur\u0103 de b\u0103\u021b!<\/p>\n<h3>Casele \u0219i apartamentele noastre sunt o investi\u021bie de viitor, a c\u0103rei valoare va cre\u0219te \u00een timp.<\/h3>\n<p>&nbsp;<\/p>\n<div style=\"width: 1140px;\" class=\"wp-video\"><!--[if lt IE 9]><script>document.createElement('video');<\/script><![endif]-->\n<video class=\"wp-video-shortcode\" id=\"video-218-1\" width=\"1140\" height=\"641\" preload=\"metadata\" controls=\"controls\"><source type=\"video\/mp4\" src=\"http:\/\/maxdevelopment.ro\/wp-content\/uploads\/2019\/07\/MAX1280x720.mp4?_=1\" \/><a href=\"http:\/\/maxdevelopment.ro\/wp-content\/uploads\/2019\/07\/MAX1280x720.mp4\">http:\/\/maxdevelopment.ro\/wp-content\/uploads\/2019\/07\/MAX1280x720.mp4<\/a><\/video><\/div>\n","protected":false},"excerpt":{"rendered":"<p>Swiss Village: un proiect imobiliar \u00eentr-un cadru natural din imediata apropiere a Sibiului SWISS VILLAGE reprezint\u0103 un nou concept pe pia\u021ba imobiliara \u00eensemn\u00e2nd mai mult dec\u00e2t un ansamblu reziden\u021bial, deoarece el sugereaz\u0103 un mod de via\u021b\u0103 ce se bazeaz\u0103 pe calitate, confort, siguran\u021b\u0103, un sistem de dot\u0103ri modern \u0219i mult loc\u2026loc pentru verdea\u021b\u0103, pentru joac\u0103\u2026un [&hellip;]<\/p>\n","protected":false},"author":1,"featured_media":0,"parent":39,"menu_order":0,"comment_status":"closed","ping_status":"closed","template":"","meta":{"inline_featured_image":false,"footnotes":""},"class_list":["post-218","page","type-page","status-publish","czr-hentry"],"_links":{"self":[{"href":"https:\/\/maxdevelopment.ro\/ro\/wp-json\/wp\/v2\/pages\/218","targetHints":{"allow":["GET"]}}],"collection":[{"href":"https:\/\/maxdevelopment.ro\/ro\/wp-json\/wp\/v2\/pages"}],"about":[{"href":"https:\/\/maxdevelopment.ro\/ro\/wp-json\/wp\/v2\/types\/page"}],"author":[{"embeddable":true,"href":"https:\/\/maxdevelopment.ro\/ro\/wp-json\/wp\/v2\/users\/1"}],"replies":[{"embeddable":true,"href":"https:\/\/maxdevelopment.ro\/ro\/wp-json\/wp\/v2\/comments?post=218"}],"version-history":[{"count":36,"href":"https:\/\/maxdevelopment.ro\/ro\/wp-json\/wp\/v2\/pages\/218\/revisions"}],"predecessor-version":[{"id":3440,"href":"https:\/\/maxdevelopment.ro\/ro\/wp-json\/wp\/v2\/pages\/218\/revisions\/3440"}],"up":[{"embeddable":true,"href":"https:\/\/maxdevelopment.ro\/ro\/wp-json\/wp\/v2\/pages\/39"}],"wp:attachment":[{"href":"https:\/\/maxdevelopment.ro\/ro\/wp-json\/wp\/v2\/media?parent=218"}],"curies":[{"name":"wp","href":"https:\/\/api.w.org\/{rel}","templated":true}]}}