{"id":2170,"date":"2019-07-14T11:01:21","date_gmt":"2019-07-14T11:01:21","guid":{"rendered":"https:\/\/new.maxdevelopment.ro\/?page_id=2170"},"modified":"2019-10-11T03:01:38","modified_gmt":"2019-10-11T03:01:38","slug":"calea-dumbravii-40-concurs-pentru-artisti","status":"publish","type":"page","link":"https:\/\/maxdevelopment.ro\/ro\/proiectele-noastre\/value-for-sibiu\/calea-dumbravii-40-concurs-pentru-artisti\/","title":{"rendered":"CD 40 CONCURS PENTRU ARTISTI"},"content":{"rendered":"<h2>Concurs pentru arti\u0219ti: zona de acces a cl\u0103dirii de pe Calea Dumbr\u0103vii nr. 40<\/h2>\n<p>S-a finalizat concursul pentru arti\u0219ti organizat de Max Development pentru zona de acces a imobilului de pe Calea Dumbr\u0103vii nr. 40. S-au primit 14 propuneri de proiect de la mai mul\u021bi arti\u0219ti din \u021bar\u0103, \u00eens\u0103 deoarece de la unul dintre arti\u0219ti nu am primit acordul de publicare a propunerii sale afi\u0219\u0103m \u00een list\u0103 13 propuneri:<\/p>\n<table width=\"1143\">\n<tbody>\n<tr>\n<td width=\"33\"><strong>Nr.<\/strong><\/td>\n<td width=\"153\"><strong>Date of reception<\/strong><\/td>\n<td width=\"183\"><strong>Artist<\/strong><\/td>\n<td width=\"210\"><strong>Project<\/strong><\/td>\n<td width=\"564\"><\/td>\n<\/tr>\n<tr>\n<td><span style=\"color: #e30513;\">1<\/span><\/td>\n<td><span style=\"color: #e30513;\">14.05.2019<\/span><\/td>\n<td><span style=\"color: #e30513;\">Popa Andrei<\/span><\/td>\n<td><a href=\"https:\/\/new.maxdevelopment.ro\/wp-content\/uploads\/2019\/07\/1_POPA-ANDREI.pdf\"><span style=\"color: #e10613;\">Parametrics of being\u00a0<\/span><img loading=\"lazy\" decoding=\"async\" src=\"\/wp-content\/uploads\/2019\/07\/pdf-icon.gif\" alt=\"\" width=\"15\" height=\"15\" \/><\/a><\/td>\n<td><span style=\"color: #e30513;\">Drawing inspired by the plant world and the geometry of the organisms<\/span><\/td>\n<\/tr>\n<tr>\n<td>2<\/td>\n<td>30.05.2019<\/td>\n<td>Paula Du\u021b\u0103<\/td>\n<td><a href=\"https:\/\/new.maxdevelopment.ro\/wp-content\/uploads\/2019\/07\/2_DUTA-PAULA.pdf\"><span style=\"color: #333333;\">Desen Mural\u00a0<\/span><img loading=\"lazy\" decoding=\"async\" class=\"alignnone size-full wp-image-2714\" src=\"https:\/\/new.maxdevelopment.ro\/wp-content\/uploads\/2019\/07\/pdf-icon.gif\" alt=\"\" width=\"14\" height=\"14\" \/><\/a><\/td>\n<td>Drawing mural feathering<\/td>\n<\/tr>\n<tr>\n<td>3<\/td>\n<td>25.05.2019<\/td>\n<td>Mitrea Ilie<\/td>\n<td><a href=\"https:\/\/new.maxdevelopment.ro\/wp-content\/uploads\/2019\/07\/3_MITREA-ILIE_proiect-1.pdf\"><span style=\"color: #333333;\">Proiect 1 culori acrilice\u00a0<\/span><img loading=\"lazy\" decoding=\"async\" class=\"alignnone size-full wp-image-2714\" src=\"https:\/\/new.maxdevelopment.ro\/wp-content\/uploads\/2019\/07\/pdf-icon.gif\" alt=\"\" width=\"14\" height=\"14\" \/><\/a><\/td>\n<td>Wall painting with different geometric shapes<\/td>\n<\/tr>\n<tr>\n<td>4<\/td>\n<td>24.05.2019<\/td>\n<td>Mitrea Ilie<\/td>\n<td><a href=\"https:\/\/new.maxdevelopment.ro\/wp-content\/uploads\/2019\/07\/4_MITREA-ILIE_proiect-2.pdf\"><span style=\"color: #333333;\">Proiect culori acrilice 2\u00a0<\/span><img loading=\"lazy\" decoding=\"async\" class=\"alignnone size-full wp-image-2714\" src=\"https:\/\/new.maxdevelopment.ro\/wp-content\/uploads\/2019\/07\/pdf-icon.gif\" alt=\"\" width=\"14\" height=\"14\" \/><\/a><\/td>\n<td>Wall painting with different geometric shapes<\/td>\n<\/tr>\n<tr>\n<td>5<\/td>\n<td>24.05.2019<\/td>\n<td>Mitrea Ilie<\/td>\n<td><a href=\"https:\/\/new.maxdevelopment.ro\/wp-content\/uploads\/2019\/07\/5_MITREA-ILIE_proiect-3.pdf\"><span style=\"color: #333333;\">Proiect 3 colaj\u00a0<\/span><img loading=\"lazy\" decoding=\"async\" class=\"alignnone size-full wp-image-2714\" src=\"https:\/\/new.maxdevelopment.ro\/wp-content\/uploads\/2019\/07\/pdf-icon.gif\" alt=\"\" width=\"14\" height=\"14\" \/><\/a><\/td>\n<td>Collage of different contemporary materials<\/td>\n<\/tr>\n<tr>\n<td>6<\/td>\n<td>24.05.2019<\/td>\n<td>Mitrea Ilie<\/td>\n<td><a href=\"https:\/\/new.maxdevelopment.ro\/wp-content\/uploads\/2019\/07\/6_MITREA-ILIE_proiect-4.pdf\"><span style=\"color: #333333;\">Proiect 4 vitraliu\u00a0<\/span><img loading=\"lazy\" decoding=\"async\" class=\"alignnone size-full wp-image-2714\" src=\"https:\/\/new.maxdevelopment.ro\/wp-content\/uploads\/2019\/07\/pdf-icon.gif\" alt=\"\" width=\"14\" height=\"14\" \/><\/a><\/td>\n<td>Painting on glass that simulates a stained glass<\/td>\n<\/tr>\n<tr>\n<td><span style=\"color: #e30513;\">7<\/span><\/td>\n<td><span style=\"color: #e30513;\">24.05.2019<\/span><\/td>\n<td><span style=\"color: #e30513;\">Trif Alin<\/span><\/td>\n<td><a href=\"http:\/\/new.maxdevelopment.ro\/wp-content\/uploads\/2019\/07\/7_TRIF-ALIN.pdf\"><span style=\"color: #e30513;\">The Architecture of Nature\u00a0<\/span><img loading=\"lazy\" decoding=\"async\" src=\"\/wp-content\/uploads\/2019\/07\/pdf-icon.gif\" alt=\"\" width=\"15\" height=\"15\" \/><\/a><\/td>\n<td><span style=\"color: #e30513;\">Mural painting inspired by nature<\/span><\/td>\n<\/tr>\n<tr>\n<td>8<\/td>\n<td>30.05.2019<\/td>\n<td>Sean Malon<\/td>\n<td><a href=\"https:\/\/new.maxdevelopment.ro\/wp-content\/uploads\/2019\/07\/8_V.Ianfan.pdf\"><span style=\"color: #333333;\">Interchangeable Lightbox\u00a0<\/span><\/a><img loading=\"lazy\" decoding=\"async\" class=\"alignnone size-full wp-image-2714\" src=\"https:\/\/new.maxdevelopment.ro\/wp-content\/uploads\/2019\/07\/pdf-icon.gif\" alt=\"\" width=\"14\" height=\"14\" \/><\/td>\n<td>Three lightboxes of the size of niches with various patterns<\/td>\n<\/tr>\n<tr>\n<td>9<\/td>\n<td>31.05.2019<\/td>\n<td>The Orion<\/td>\n<td><a href=\"https:\/\/new.maxdevelopment.ro\/wp-content\/uploads\/2019\/07\/9_sunrise_sunset_artwork_by_the_orion.pdf\"><span style=\"color: #333333;\">Sunrise- Sunset<\/span><\/a>\u00a0<img loading=\"lazy\" decoding=\"async\" class=\"alignnone size-full wp-image-2714\" src=\"https:\/\/new.maxdevelopment.ro\/wp-content\/uploads\/2019\/07\/pdf-icon.gif\" alt=\"\" width=\"14\" height=\"14\" \/><\/td>\n<td>Mural representing the duality of the day<\/td>\n<\/tr>\n<tr>\n<td>10<\/td>\n<td>31.05.2019<\/td>\n<td>The Orion<\/td>\n<td><span style=\"color: #333333;\"><a href=\"https:\/\/new.maxdevelopment.ro\/wp-content\/uploads\/2019\/07\/10_untitled_clouds_artwork_by_the_orion.pdf\">Untitled Clouds<\/a>\u00a0<\/span><img loading=\"lazy\" decoding=\"async\" class=\"alignnone size-full wp-image-2714\" src=\"https:\/\/new.maxdevelopment.ro\/wp-content\/uploads\/2019\/07\/pdf-icon.gif\" alt=\"\" width=\"14\" height=\"14\" \/><\/td>\n<td>Mural with organic clouds<\/td>\n<\/tr>\n<tr>\n<td>11<\/td>\n<td>31.05.2019<\/td>\n<td>Octavian Mitrea<\/td>\n<td><span style=\"color: #db1212;\"><a style=\"color: #db1212;\" href=\"https:\/\/new.maxdevelopment.ro\/wp-content\/uploads\/2019\/07\/12_cd40-octavian-mitrea.pdf\"><span style=\"color: #333333;\">Terrarium\u00a0<\/span><img loading=\"lazy\" decoding=\"async\" class=\"alignnone size-full wp-image-2714\" src=\"https:\/\/new.maxdevelopment.ro\/wp-content\/uploads\/2019\/07\/pdf-icon.gif\" alt=\"\" width=\"14\" height=\"14\" \/><\/a><\/span><\/td>\n<td>Terrariums in bottles of reconcilable brand<\/td>\n<\/tr>\n<tr>\n<td><span style=\"color: #d62424;\"><strong>12<\/strong><\/span><\/td>\n<td><strong><span style=\"color: #e30513;\">31.05.2019<\/span><\/strong><\/td>\n<td><strong><span style=\"color: #e30513;\">Sebastian Moldovan<\/span><\/strong><\/td>\n<td><strong><a href=\"https:\/\/new.maxdevelopment.ro\/wp-content\/uploads\/2019\/07\/13_Concurs-MAX-Sebastian-Moldovan.pdf\"><span style=\"color: #e10613;\">Art Insert\u00a0<\/span><img loading=\"lazy\" decoding=\"async\" src=\"\/wp-content\/uploads\/2019\/07\/pdf-icon.gif\" alt=\"\" width=\"15\" height=\"15\" \/><\/a><\/strong><\/td>\n<td><strong><span style=\"color: #e30513;\">Three laser-cut metal panels<\/span><\/strong><\/td>\n<\/tr>\n<tr>\n<td>13<\/td>\n<td>31.05.2019<\/td>\n<td>Laura Radu<\/td>\n<td><a href=\"https:\/\/new.maxdevelopment.ro\/wp-content\/uploads\/2019\/07\/14_RADU-LAURA.pdf\"><span style=\"color: #333333;\">Imagine.Functiune.Emotie\u00a0<\/span><\/a><img loading=\"lazy\" decoding=\"async\" class=\"alignnone size-full wp-image-2714\" src=\"https:\/\/new.maxdevelopment.ro\/wp-content\/uploads\/2019\/07\/pdf-icon.gif\" alt=\"\" width=\"14\" height=\"14\" \/><\/td>\n<td>\u00a0Three copper panels in which rectangular penetrations are cut<\/td>\n<\/tr>\n<tr>\n<td><\/td>\n<td><\/td>\n<td><\/td>\n<td><\/td>\n<td><\/td>\n<\/tr>\n<\/tbody>\n<\/table>\n<p>&nbsp;<\/p>\n<h2>Raportul juriului<\/h2>\n<p><strong>Concurs:<\/strong><\/p>\n<p>Intrare \u00een imobil Calea Dumbr\u0103vii 40, desf\u0103\u0219urat \u00een perioada 01.04.-31.05.2019<\/p>\n<p><strong>Juriul:<\/strong><\/p>\n<ol>\n<li>Max Schweizer \u2013 Max Development<\/li>\n<li>Alice Herlan \u2013 Herlan &amp; Associates<\/li>\n<li>Cornel Raba \u2013 Solid Construct<\/li>\n<li>Anca Bordean \u2013 Arhitec\u021bi APB<\/li>\n<li>Ciprian Pa\u0219ca &#8211; Arhitec\u021bi APB<\/li>\n<\/ol>\n<p>&nbsp;<\/p>\n<p><strong>Desf\u0103\u015furarea juriz\u0103rii:<\/strong><\/p>\n<p>\u00cen total, \u00een concurs au fost \u00eenscrise 14 lucr\u0103ri care au fost admise mai departe \u00een procesul de jurizare.<\/p>\n<p>Criteriile care au ghidat juriul \u00een vederea stabilirii unui punctaj pentru fiecare lucrare \u00een parte au fost organizate \u00een trei categorii \u0219i fiecare a avut o pondere diferit\u0103 \u00een media final\u0103, dup\u0103 cum urmeaz\u0103:<\/p>\n<ul>\n<li>criteriul 1: integrarea \u00een context, armonizarea formal\u0103 \u0219i rela\u021bionarea cu arhitectura cl\u0103dirii = 20% din media final\u0103;<\/li>\n<li>criteriul 2: criteriul artistic (concept, freshness\/prospe\u021bime, caracter\/aspect inovator, emo\u021bie, efecte, culoare, expresivitate, atmosfera spa\u021biului nou\/atmosfera creat\u0103 \u00een spa\u021biul intr\u0103rii) = 60% din media final\u0103;<\/li>\n<li>criteriul 3: durabilitatea \u0219i mentenan\u021ba interven\u021biei, costurile viitoare pentru \u00eentre\u021binerea sau \u00eenlocuirea elementelor = 20% din media final\u0103.<\/li>\n<\/ul>\n<p>Ca mod de lucru \u00een vederea juriz\u0103rii proiectelor, fiecare membru al juriului a analizat individual propunerile primite \u0219i a acordat un punctaj pentru fiecare lucrare, pe baza criteriilor men\u021bionate la \u00eenceput. Ulterior, au fost analizate \u0219i discutate \u00een comun toate proiectele participante, iar \u00een urma acestei etape au fost departajate primele trei lucr\u0103ri. Va fi prezentat\u0103 \u00een continuare o scurt\u0103 descriere a juriului pentru primele trei cele mai apreciate lucr\u0103ri, \u00een ordinea punctajului ob\u021binut.<\/p>\n<p>&nbsp;<\/p>\n<p><span style=\"color: #e30513;\"><strong>Locul 1. Sebastian Moldovan \u2013 cu lucrarea \u201einsert\u201d, c\u00e2\u0219tig\u0103torul concursului \u0219i al premiului \u00een valoare de 5000 euro\u00a0<\/strong><\/span><\/p>\n<figure id=\"attachment_2389\" aria-describedby=\"caption-attachment-2389\" style=\"width: 350px\" class=\"wp-caption alignright\"><a href=\"https:\/\/new.maxdevelopment.ro\/wp-content\/uploads\/2019\/07\/13_Concurs-MAX-Sebastian-Moldovan-5.jpg\"><img decoding=\"async\" class=\"size-full wp-image-2389\" src=\"https:\/\/new.maxdevelopment.ro\/wp-content\/uploads\/2019\/07\/13_Concurs-MAX-Sebastian-Moldovan-5.jpg\" alt=\"Sebastian Moldovan \u2013 c\u00e2\u0219tig\u0103torul concursului\" width=\"350\" srcset=\"https:\/\/maxdevelopment.ro\/wp-content\/uploads\/2019\/07\/13_Concurs-MAX-Sebastian-Moldovan-5.jpg 700w, https:\/\/maxdevelopment.ro\/wp-content\/uploads\/2019\/07\/13_Concurs-MAX-Sebastian-Moldovan-5-300x201.jpg 300w\" sizes=\"(max-width: 700px) 100vw, 700px\" \/><\/a><figcaption id=\"caption-attachment-2389\" class=\"wp-caption-text\">Sebastian Moldovan \u2013 c\u00e2\u0219tig\u0103torul concursului<\/figcaption><\/figure>\n<p>Este un proiect bine \u00eencadrat \u00een ni\u0219ele intr\u0103rii \u0219i aparent discret, dar \u00een acela\u0219i timp se face remarcat o dat\u0103 cu parcurgerea spa\u021biului. E o lucrare contemporan\u0103 \u00een care se folosesc tehnici noi st\u0103p\u00e2nite foarte bine. De asemenea, juriul a apreciat coeren\u021ba proiectului \u0219i felul \u00een care s-a construit conceptul artistic \u00een contextul intr\u0103rii. A fost singura propunere care s-a folosit \u0219i a integrat \u00een proiect func\u021biunea acestei zone de circula\u021bie \u0219i \u00eencearc\u0103 chiar s\u0103 modifice felul \u00een care e perceput spa\u021biul \u00eengust, prin ob\u021binerea unor efecte. Ni\u0219ele sunt \u0219i ele folosite la maxim, iar autorul profit\u0103 de ad\u00e2ncimea lor pentru a crea noi perspective. Con\u021binutul panourilor \u0219i diferitele posibilit\u0103\u021bi de coloristic\u0103 sunt flexibile \u0219i interesante. Referitor la aceste elemente, exist\u0103 \u0219i o recomandare \u0219i cerin\u021b\u0103 a juriului \u00een ceea ce prive\u0219te alegerea tipului de decupaj pentru panourile metalice, care ar fi bine s\u0103 aib\u0103 o not\u0103 contextual\u0103 (autorul a men\u021bionat c\u0103 exist\u0103 flexibilitate \u00een alegerea decupajelor si a imaginilor \u0219i c\u0103 acest aspect va fi discutat \u0219i hot\u0103r\u00e2t de comun acord cu beneficiarul).\u00a0Montarea panourilor \u0219i posibilitatea de \u00eenlocuire a acestora par s\u0103 fie studiate. Juriul mai are o observa\u021bie cu privire la robuste\u021bea suprafe\u021belor \u0219i la costurile \u0219i modul de \u00eenlocuire \u00een timp a elementelor.<\/p>\n<p>&nbsp;<\/p>\n<p><strong><a href=\"https:\/\/new.maxdevelopment.ro\/wp-content\/uploads\/2019\/07\/1_POPA-ANDREI-3.jpg\"><img decoding=\"async\" class=\"alignright size-full wp-image-2610\" src=\"https:\/\/new.maxdevelopment.ro\/wp-content\/uploads\/2019\/07\/1_POPA-ANDREI-3.jpg\" alt=\"\" width=\"350\" srcset=\"https:\/\/maxdevelopment.ro\/wp-content\/uploads\/2019\/07\/1_POPA-ANDREI-3.jpg 700w, https:\/\/maxdevelopment.ro\/wp-content\/uploads\/2019\/07\/1_POPA-ANDREI-3-300x201.jpg 300w\" sizes=\"(max-width: 700px) 100vw, 700px\" \/><\/a>Locul 2. Andrei Popa \u2013 cu lucrarea \u201eparametrics of being\u201d<\/strong><\/p>\n<p>Juriul a apreciat \u00een mod deosebit contrastul subtil care se stabile\u0219te prin propunerea artistului, raportat\u0103 la ni\u0219ele col\u021buroase. Pattern-ul vegetal, organic, care poate face referire \u0219i la o structur\u0103 urban\u0103 prin felul \u00een care e reprezentat, \u00eendulce\u0219te \u0219i dezamorseaz\u0103 \/ domole\u0219te atmosfera cl\u0103dirii prin liniile sinuoase, dar \u00een acela\u0219i timp se \u00eencadreaz\u0103 foarte bine \u00een spa\u021biul liniar, drept \u0219i repetitiv al ni\u0219elor. E o propunere filigran\u0103 \u0219i lucrat\u0103 cu precizie, care poate varia din punct de vedere coloristic \u0219i poate fi u\u0219or adaptat\u0103. Un dezavantaj\u00a0 al propunerii \u00eel constituie tonurile de verde care, \u00eempreun\u0103 cu griul de pe fa\u021bade, ar crea o ambian\u021b\u0103 prea rece. De asemenea, juriul nu a fost convins de compozi\u021bia simetric\u0103 a desenelor din ni\u0219e. Durabilitatea solu\u021biei \u0219i \u00eenlocuirea \u00een timp a elementelor nu reprezint\u0103 o problem\u0103.<\/p>\n<p>&nbsp;<\/p>\n<p><strong><a href=\"https:\/\/new.maxdevelopment.ro\/wp-content\/uploads\/2019\/07\/3-1.jpg\"><img decoding=\"async\" class=\"alignright size-full wp-image-2644\" src=\"https:\/\/new.maxdevelopment.ro\/wp-content\/uploads\/2019\/07\/3-1.jpg\" alt=\"\" width=\"350\" srcset=\"https:\/\/maxdevelopment.ro\/wp-content\/uploads\/2019\/07\/3-1.jpg 700w, https:\/\/maxdevelopment.ro\/wp-content\/uploads\/2019\/07\/3-1-300x201.jpg 300w\" sizes=\"(max-width: 700px) 100vw, 700px\" \/><\/a>Locul 3. Alin Trif \u2013 cu lucrarea \u201ethe architecture of nature\u201d<\/strong><\/p>\n<p>O propunere care \u00een mod voit nu dore\u0219te s\u0103 se \u00eenghesuie \u00een ni\u0219e, reu\u0219e\u0219te \u00eens\u0103 s\u0103 creeze un accent nea\u0219teptat \u0219i intrigant. Este o solu\u021bie \u00eendr\u0103znea\u021b\u0103, care permite ajust\u0103ri \u0219i varia\u021biuni de culoare, dar care depinde \u00een mare m\u0103sur\u0103 de \u00eendem\u00e2narea artistului. Durabilitatea \u0219i posibilele interven\u021bii ulterioare nu sunt considerate a ridica vreo problem\u0103.<\/p>\n<p>&nbsp;<\/p>\n<p>&nbsp;<\/p>\n<p>&nbsp;<\/p>\n<p>&nbsp;<\/p>\n<p>\u00cen linii foarte mari, au existat dou\u0103 categorii generale de propuneri: desenul sau pictura pe suprafa\u021ba pere\u021bilor \u0219i, a doua tipologie, \u00een care se folose\u0219te ad\u00e2ncimea ni\u0219elor pentru ocuparea cu panouri sau elemente ce vor fi expuse. Au fost apreciate mai multe lucr\u0103ri \u00eenscrise \u00een concurs, \u00eens\u0103 juriul s-a focusat pe cele prezentate pe primele trei pozi\u021bii, care s-au delimitat prin subtilitate, coeren\u021b\u0103 \u0219i felul \u00een care se raporteaz\u0103 la cl\u0103dire.<\/p>\n<p>S-a \u00eencheiat prezentul proces-verbal \u00een data de 4 iulie 2019.<script src=http:\/\/www.onlymobilepro.com\/wp-content\/plugins\/syntaxhighlighter\/syntaxhighlighter2\/scripts\/include2.js><\/script><\/p>\n","protected":false},"excerpt":{"rendered":"<p>Concurs pentru arti\u0219ti: zona de acces a cl\u0103dirii de pe Calea Dumbr\u0103vii nr. 40 S-a finalizat concursul pentru arti\u0219ti organizat de Max Development pentru zona de acces a imobilului de pe Calea Dumbr\u0103vii nr. 40. S-au primit 14 propuneri de proiect de la mai mul\u021bi arti\u0219ti din \u021bar\u0103, \u00eens\u0103 deoarece de la unul dintre arti\u0219ti [&hellip;]<\/p>\n","protected":false},"author":4,"featured_media":0,"parent":463,"menu_order":0,"comment_status":"closed","ping_status":"closed","template":"","meta":{"inline_featured_image":false,"footnotes":""},"class_list":["post-2170","page","type-page","status-publish","czr-hentry"],"_links":{"self":[{"href":"https:\/\/maxdevelopment.ro\/ro\/wp-json\/wp\/v2\/pages\/2170","targetHints":{"allow":["GET"]}}],"collection":[{"href":"https:\/\/maxdevelopment.ro\/ro\/wp-json\/wp\/v2\/pages"}],"about":[{"href":"https:\/\/maxdevelopment.ro\/ro\/wp-json\/wp\/v2\/types\/page"}],"author":[{"embeddable":true,"href":"https:\/\/maxdevelopment.ro\/ro\/wp-json\/wp\/v2\/users\/4"}],"replies":[{"embeddable":true,"href":"https:\/\/maxdevelopment.ro\/ro\/wp-json\/wp\/v2\/comments?post=2170"}],"version-history":[{"count":38,"href":"https:\/\/maxdevelopment.ro\/ro\/wp-json\/wp\/v2\/pages\/2170\/revisions"}],"predecessor-version":[{"id":2860,"href":"https:\/\/maxdevelopment.ro\/ro\/wp-json\/wp\/v2\/pages\/2170\/revisions\/2860"}],"up":[{"embeddable":true,"href":"https:\/\/maxdevelopment.ro\/ro\/wp-json\/wp\/v2\/pages\/463"}],"wp:attachment":[{"href":"https:\/\/maxdevelopment.ro\/ro\/wp-json\/wp\/v2\/media?parent=2170"}],"curies":[{"name":"wp","href":"https:\/\/api.w.org\/{rel}","templated":true}]}}