{"id":216,"date":"2018-07-12T08:57:16","date_gmt":"2018-07-12T08:57:16","guid":{"rendered":"http:\/\/new.maxdevelopment.ro\/?page_id=216"},"modified":"2021-04-13T15:53:54","modified_gmt":"2021-04-13T15:53:54","slug":"urban-living","status":"publish","type":"page","link":"https:\/\/maxdevelopment.ro\/ro\/proiectele-noastre\/urban-living\/","title":{"rendered":"Urban Living"},"content":{"rendered":"<h2><a href=\"\/proiectele-noastre\/urban-living\/cd-40\/\"><img decoding=\"async\" class=\"alignleft wp-image-1125\" src=\"https:\/\/new.maxdevelopment.ro\/wp-content\/uploads\/2019\/07\/MAX-CD40-1-300x192.jpg\" alt=\"\" width=\"280\" \/><\/a>Calea Dumbr\u0103vii 40<\/h2>\n<p>Unul dintre cele mai recente proiecte realizate este imobilul Calea Dumbr\u0103vii nr. 40.\u00a0Acest proiect \u00eentrege\u0219te tabloul bulevardului urban din Sibiu prin designul contemporan \u0219i elementele arhitecturale distinctive.<\/p>\n<p>Jocul subtil al volumelor precum \u0219i liniile moderne ofer\u0103 armonie cl\u0103dirii, iar \u201ccutiile de sticl\u0103\u201d de pe fa\u021bad\u0103 sus\u021bin viziunea arhitectural\u0103 devenind trade-mark-ul ansamblului. <a href=\"\/proiectele-noastre\/urban-living\/cd-40\/\">mai mult &gt;<\/a><\/p>\n<p>&nbsp;<\/p>\n<h2><a href=\"\/proiectele-noastre\/urban-living\/cd71\/\"><img decoding=\"async\" class=\"alignleft wp-image-1125\" src=\"https:\/\/new.maxdevelopment.ro\/wp-content\/uploads\/2019\/07\/MAX-CD71-1-300x200.jpg\" alt=\"\" width=\"280\" \/><\/a>Calea Dumbr\u0103vii 71<\/h2>\n<p>Designul clar \u015fi fa\u0163ada distinctiv\u0103 a cl\u0103dirii sunt expresia unei viziuni arhitecturale puternice care adaug\u0103 valoare locului. Ea este rezultatul unui know-how vast \u015fi al unui proces de planificare cu accent pe viitor.<\/p>\n<p>Arhitectura \u00eembin\u0103 valorile emo\u0163ionale cu ra\u0163iunile practice, considerentele ecologice cu cele economice, lucru caracteristic unui design de calitate. <a href=\"\/proiectele-noastre\/urban-living\/cd71\/\">mai mult &gt;<\/a><\/p>\n","protected":false},"excerpt":{"rendered":"<p>Calea Dumbr\u0103vii 40 Unul dintre cele mai recente proiecte realizate este imobilul Calea Dumbr\u0103vii nr. 40.\u00a0Acest proiect \u00eentrege\u0219te tabloul bulevardului urban din Sibiu prin designul contemporan \u0219i elementele arhitecturale distinctive. Jocul subtil al volumelor precum \u0219i liniile moderne ofer\u0103 armonie cl\u0103dirii, iar \u201ccutiile de sticl\u0103\u201d de pe fa\u021bad\u0103 sus\u021bin viziunea arhitectural\u0103 devenind trade-mark-ul ansamblului. mai [&hellip;]<\/p>\n","protected":false},"author":1,"featured_media":0,"parent":39,"menu_order":0,"comment_status":"closed","ping_status":"closed","template":"","meta":{"inline_featured_image":false,"footnotes":""},"class_list":["post-216","page","type-page","status-publish","czr-hentry"],"_links":{"self":[{"href":"https:\/\/maxdevelopment.ro\/ro\/wp-json\/wp\/v2\/pages\/216","targetHints":{"allow":["GET"]}}],"collection":[{"href":"https:\/\/maxdevelopment.ro\/ro\/wp-json\/wp\/v2\/pages"}],"about":[{"href":"https:\/\/maxdevelopment.ro\/ro\/wp-json\/wp\/v2\/types\/page"}],"author":[{"embeddable":true,"href":"https:\/\/maxdevelopment.ro\/ro\/wp-json\/wp\/v2\/users\/1"}],"replies":[{"embeddable":true,"href":"https:\/\/maxdevelopment.ro\/ro\/wp-json\/wp\/v2\/comments?post=216"}],"version-history":[{"count":35,"href":"https:\/\/maxdevelopment.ro\/ro\/wp-json\/wp\/v2\/pages\/216\/revisions"}],"predecessor-version":[{"id":3434,"href":"https:\/\/maxdevelopment.ro\/ro\/wp-json\/wp\/v2\/pages\/216\/revisions\/3434"}],"up":[{"embeddable":true,"href":"https:\/\/maxdevelopment.ro\/ro\/wp-json\/wp\/v2\/pages\/39"}],"wp:attachment":[{"href":"https:\/\/maxdevelopment.ro\/ro\/wp-json\/wp\/v2\/media?parent=216"}],"curies":[{"name":"wp","href":"https:\/\/api.w.org\/{rel}","templated":true}]}}