{"id":2153,"date":"2019-07-14T09:13:27","date_gmt":"2019-07-14T09:13:27","guid":{"rendered":"https:\/\/new.maxdevelopment.ro\/?page_id=2153"},"modified":"2021-06-29T08:30:59","modified_gmt":"2021-06-29T08:30:59","slug":"proiectul-dr-ion-ratiu","status":"publish","type":"page","link":"https:\/\/maxdevelopment.ro\/ro\/proiectele-noastre\/value-for-sibiu\/proiectul-dr-ion-ratiu\/","title":{"rendered":"PROIECTUL DR. ION RATIU"},"content":{"rendered":"<h2>Proiectul nostru de pe strada Dr. Ion Ra\u021biu<\/h2>\n<p><img loading=\"lazy\" decoding=\"async\" class=\" wp-image-3495 alignleft\" style=\"font-size: 0.82em;\" src=\"https:\/\/maxdevelopment.ro\/wp-content\/uploads\/2021\/05\/hbk-300x169.jpg\" alt=\"\" width=\"363\" height=\"204\" srcset=\"https:\/\/maxdevelopment.ro\/wp-content\/uploads\/2021\/05\/hbk-300x169.jpg 300w, https:\/\/maxdevelopment.ro\/wp-content\/uploads\/2021\/05\/hbk-1110x624.jpg 1110w, https:\/\/maxdevelopment.ro\/wp-content\/uploads\/2021\/05\/hbk-768x432.jpg 768w, https:\/\/maxdevelopment.ro\/wp-content\/uploads\/2021\/05\/hbk-1536x864.jpg 1536w, https:\/\/maxdevelopment.ro\/wp-content\/uploads\/2021\/05\/hbk-2048x1152.jpg 2048w, https:\/\/maxdevelopment.ro\/wp-content\/uploads\/2021\/05\/hbk-528x297.jpg 528w\" sizes=\"auto, (max-width: 363px) 100vw, 363px\" \/><img loading=\"lazy\" decoding=\"async\" class=\" wp-image-3492 alignleft\" style=\"font-size: 0.82em; font-family: 'Helvetica Neue', Helvetica, Arial, sans-serif;\" src=\"https:\/\/maxdevelopment.ro\/wp-content\/uploads\/2021\/05\/ratiu2-300x169.jpg\" alt=\"\" width=\"364\" height=\"205\" srcset=\"https:\/\/maxdevelopment.ro\/wp-content\/uploads\/2021\/05\/ratiu2-300x169.jpg 300w, https:\/\/maxdevelopment.ro\/wp-content\/uploads\/2021\/05\/ratiu2-1110x624.jpg 1110w, https:\/\/maxdevelopment.ro\/wp-content\/uploads\/2021\/05\/ratiu2-768x432.jpg 768w, https:\/\/maxdevelopment.ro\/wp-content\/uploads\/2021\/05\/ratiu2-1536x864.jpg 1536w, https:\/\/maxdevelopment.ro\/wp-content\/uploads\/2021\/05\/ratiu2-2048x1152.jpg 2048w, https:\/\/maxdevelopment.ro\/wp-content\/uploads\/2021\/05\/ratiu2-528x297.jpg 528w\" sizes=\"auto, (max-width: 364px) 100vw, 364px\" \/><\/p>\n<p>&nbsp;<\/p>\n<p><span style=\"font-family: Arial, sans-serif; font-size: 11pt;\">Ideea din spatele proiectului const\u0103 \u00een fuziunea a dou\u0103 concepte arhitecturale diametral opuse, care se completeaz\u0103 \u0219i se pun \u00een valoare reciproc.\u00a0<\/span><span style=\"font-size: 11.0pt; font-family: 'Arial',sans-serif;\"><br \/>\n<\/span><\/p>\n<p>&nbsp;<\/p>\n<p>&nbsp;<\/p>\n<p><span style=\"font-size: 11.0pt; font-family: 'Arial',sans-serif;\">Elementele moderne, cum ar fi peretele curb de sticl\u0103 \u0219i acoperi\u0219ul-teras\u0103, creeaz\u0103 o imagine care se potrive\u0219te perfect dinamicii arhitectonice a Sibiului.<\/span><\/p>\n<p><span style=\"font-size: 11.0pt; font-family: 'Arial',sans-serif;\">Vrem ca locul s\u0103 aib\u0103 o func\u021bionalitate complex\u0103. Cl\u0103direa principal\u0103 include birouri, dar \u0219i un restaurant \u0219i bar \/pub. \u00cen corpul extinderii va func\u021biona un bistro ce va beneficia de terasa semicircular\u0103 de la parter, dar \u0219i de terasa de pe acoperi\u0219.<\/span><\/p>\n<p><img loading=\"lazy\" decoding=\"async\" class=\"wp-image-3486 alignleft\" style=\"font-family: 'Helvetica Neue', Helvetica, Arial, sans-serif;\" src=\"https:\/\/maxdevelopment.ro\/wp-content\/uploads\/2021\/05\/ratiu-300x169.jpg\" alt=\"\" width=\"350\" height=\"197\" srcset=\"https:\/\/maxdevelopment.ro\/wp-content\/uploads\/2021\/05\/ratiu-300x169.jpg 300w, https:\/\/maxdevelopment.ro\/wp-content\/uploads\/2021\/05\/ratiu-1110x624.jpg 1110w, https:\/\/maxdevelopment.ro\/wp-content\/uploads\/2021\/05\/ratiu-768x432.jpg 768w, https:\/\/maxdevelopment.ro\/wp-content\/uploads\/2021\/05\/ratiu-1536x864.jpg 1536w, https:\/\/maxdevelopment.ro\/wp-content\/uploads\/2021\/05\/ratiu-2048x1152.jpg 2048w, https:\/\/maxdevelopment.ro\/wp-content\/uploads\/2021\/05\/ratiu-528x297.jpg 528w\" sizes=\"auto, (max-width: 350px) 100vw, 350px\" \/><\/p>\n<p><img loading=\"lazy\" decoding=\"async\" class=\" wp-image-3489 alignleft\" src=\"https:\/\/maxdevelopment.ro\/wp-content\/uploads\/2021\/05\/ratiu1-300x169.jpg\" alt=\"\" width=\"362\" height=\"205\" srcset=\"https:\/\/maxdevelopment.ro\/wp-content\/uploads\/2021\/05\/ratiu1-300x169.jpg 300w, https:\/\/maxdevelopment.ro\/wp-content\/uploads\/2021\/05\/ratiu1-1110x624.jpg 1110w, https:\/\/maxdevelopment.ro\/wp-content\/uploads\/2021\/05\/ratiu1-768x432.jpg 768w, https:\/\/maxdevelopment.ro\/wp-content\/uploads\/2021\/05\/ratiu1-1536x864.jpg 1536w, https:\/\/maxdevelopment.ro\/wp-content\/uploads\/2021\/05\/ratiu1-2048x1152.jpg 2048w, https:\/\/maxdevelopment.ro\/wp-content\/uploads\/2021\/05\/ratiu1-528x297.jpg 528w\" sizes=\"auto, (max-width: 362px) 100vw, 362px\" \/><\/p>\n<p>&nbsp;<\/p>\n<p>&nbsp;<\/p>\n<p>&nbsp;<\/p>\n<p>&nbsp;<\/p>\n<p>&nbsp;<\/p>\n<p>&nbsp;<\/p>\n<p>Mai jos pute\u021bi\u00a0 vedea c\u00e2teva imagini din\u00a0 timpul lucr\u0103rilor.<\/p>\n<p><img loading=\"lazy\" decoding=\"async\" class=\"alignnone wp-image-3595\" src=\"https:\/\/maxdevelopment.ro\/wp-content\/uploads\/2021\/06\/Group-1-DSCF5490_1_2_DSCF5520_1_2-11-images-300x85.jpg\" alt=\"\" width=\"523\" height=\"148\" srcset=\"https:\/\/maxdevelopment.ro\/wp-content\/uploads\/2021\/06\/Group-1-DSCF5490_1_2_DSCF5520_1_2-11-images-300x85.jpg 300w, https:\/\/maxdevelopment.ro\/wp-content\/uploads\/2021\/06\/Group-1-DSCF5490_1_2_DSCF5520_1_2-11-images-1110x313.jpg 1110w, https:\/\/maxdevelopment.ro\/wp-content\/uploads\/2021\/06\/Group-1-DSCF5490_1_2_DSCF5520_1_2-11-images-768x216.jpg 768w, https:\/\/maxdevelopment.ro\/wp-content\/uploads\/2021\/06\/Group-1-DSCF5490_1_2_DSCF5520_1_2-11-images-1536x433.jpg 1536w, https:\/\/maxdevelopment.ro\/wp-content\/uploads\/2021\/06\/Group-1-DSCF5490_1_2_DSCF5520_1_2-11-images.jpg 1920w\" sizes=\"auto, (max-width: 523px) 100vw, 523px\" \/><\/p>\n<p><img loading=\"lazy\" decoding=\"async\" class=\"alignnone wp-image-3598\" src=\"https:\/\/maxdevelopment.ro\/wp-content\/uploads\/2021\/06\/Group-6-DSCF3726_7_8_DSCF3732_3_4-3-images-300x102.jpg\" alt=\"\" width=\"520\" height=\"177\" srcset=\"https:\/\/maxdevelopment.ro\/wp-content\/uploads\/2021\/06\/Group-6-DSCF3726_7_8_DSCF3732_3_4-3-images-300x102.jpg 300w, https:\/\/maxdevelopment.ro\/wp-content\/uploads\/2021\/06\/Group-6-DSCF3726_7_8_DSCF3732_3_4-3-images-1110x377.jpg 1110w, https:\/\/maxdevelopment.ro\/wp-content\/uploads\/2021\/06\/Group-6-DSCF3726_7_8_DSCF3732_3_4-3-images-768x261.jpg 768w, https:\/\/maxdevelopment.ro\/wp-content\/uploads\/2021\/06\/Group-6-DSCF3726_7_8_DSCF3732_3_4-3-images-1536x522.jpg 1536w, https:\/\/maxdevelopment.ro\/wp-content\/uploads\/2021\/06\/Group-6-DSCF3726_7_8_DSCF3732_3_4-3-images.jpg 1920w\" sizes=\"auto, (max-width: 520px) 100vw, 520px\" \/><\/p>\n<p><img loading=\"lazy\" decoding=\"async\" class=\"alignnone wp-image-3604\" src=\"https:\/\/maxdevelopment.ro\/wp-content\/uploads\/2021\/06\/Group-5-DSCF4463_4_5_DSCF4469_70_71-3-images-300x99.jpg\" alt=\"\" width=\"515\" height=\"170\" srcset=\"https:\/\/maxdevelopment.ro\/wp-content\/uploads\/2021\/06\/Group-5-DSCF4463_4_5_DSCF4469_70_71-3-images-300x99.jpg 300w, https:\/\/maxdevelopment.ro\/wp-content\/uploads\/2021\/06\/Group-5-DSCF4463_4_5_DSCF4469_70_71-3-images-1110x365.jpg 1110w, https:\/\/maxdevelopment.ro\/wp-content\/uploads\/2021\/06\/Group-5-DSCF4463_4_5_DSCF4469_70_71-3-images-768x252.jpg 768w, https:\/\/maxdevelopment.ro\/wp-content\/uploads\/2021\/06\/Group-5-DSCF4463_4_5_DSCF4469_70_71-3-images-1536x505.jpg 1536w, https:\/\/maxdevelopment.ro\/wp-content\/uploads\/2021\/06\/Group-5-DSCF4463_4_5_DSCF4469_70_71-3-images.jpg 1920w\" sizes=\"auto, (max-width: 515px) 100vw, 515px\" \/><\/p>\n<p><img loading=\"lazy\" decoding=\"async\" class=\"alignnone size-medium wp-image-3601\" style=\"font-size: 0.82em; font-family: 'Helvetica Neue', Helvetica, Arial, sans-serif;\" src=\"https:\/\/maxdevelopment.ro\/wp-content\/uploads\/2021\/06\/Group-9-DSCF4415_6_7_DSCF4433_4_5-7-images-300x284.jpg\" alt=\"\" width=\"300\" height=\"284\" srcset=\"https:\/\/maxdevelopment.ro\/wp-content\/uploads\/2021\/06\/Group-9-DSCF4415_6_7_DSCF4433_4_5-7-images-300x284.jpg 300w, https:\/\/maxdevelopment.ro\/wp-content\/uploads\/2021\/06\/Group-9-DSCF4415_6_7_DSCF4433_4_5-7-images-768x727.jpg 768w, https:\/\/maxdevelopment.ro\/wp-content\/uploads\/2021\/06\/Group-9-DSCF4415_6_7_DSCF4433_4_5-7-images.jpg 919w\" sizes=\"auto, (max-width: 300px) 100vw, 300px\" \/><img loading=\"lazy\" decoding=\"async\" class=\"alignnone wp-image-3508\" style=\"font-family: 'Helvetica Neue', Helvetica, Arial, sans-serif; font-size: 0.82em;\" src=\"https:\/\/maxdevelopment.ro\/wp-content\/uploads\/2021\/05\/186279840_125293879582612_6133683688777909142_n-225x300.jpg\" alt=\"\" width=\"214\" height=\"285\" srcset=\"https:\/\/maxdevelopment.ro\/wp-content\/uploads\/2021\/05\/186279840_125293879582612_6133683688777909142_n-225x300.jpg 225w, https:\/\/maxdevelopment.ro\/wp-content\/uploads\/2021\/05\/186279840_125293879582612_6133683688777909142_n.jpg 768w\" sizes=\"auto, (max-width: 214px) 100vw, 214px\" \/><\/p>\n<p><span style=\"font-family: 'Helvetica Neue', Helvetica, Arial, sans-serif; font-size: 0.82em;\">\u00a0<\/span><\/p>\n<p><img loading=\"lazy\" decoding=\"async\" class=\"alignnone  wp-image-3514\" style=\"font-family: 'Helvetica Neue', Helvetica, Arial, sans-serif; font-size: 0.82em;\" src=\"https:\/\/maxdevelopment.ro\/wp-content\/uploads\/2021\/05\/184611264_1128811824304151_8351344581716040680_n-225x300.jpg\" alt=\"\" width=\"231\" height=\"308\" srcset=\"https:\/\/maxdevelopment.ro\/wp-content\/uploads\/2021\/05\/184611264_1128811824304151_8351344581716040680_n-225x300.jpg 225w, https:\/\/maxdevelopment.ro\/wp-content\/uploads\/2021\/05\/184611264_1128811824304151_8351344581716040680_n.jpg 768w\" sizes=\"auto, (max-width: 231px) 100vw, 231px\" \/><span style=\"font-family: 'Helvetica Neue', Helvetica, Arial, sans-serif; font-size: 0.82em;\"> <img loading=\"lazy\" decoding=\"async\" class=\"alignnone  wp-image-3520\" src=\"https:\/\/maxdevelopment.ro\/wp-content\/uploads\/2021\/05\/184409473_377158693637189_1331025751763373936_n-225x300.jpg\" alt=\"\" width=\"231\" height=\"308\" srcset=\"https:\/\/maxdevelopment.ro\/wp-content\/uploads\/2021\/05\/184409473_377158693637189_1331025751763373936_n-225x300.jpg 225w, https:\/\/maxdevelopment.ro\/wp-content\/uploads\/2021\/05\/184409473_377158693637189_1331025751763373936_n.jpg 768w\" sizes=\"auto, (max-width: 231px) 100vw, 231px\" \/><img loading=\"lazy\" decoding=\"async\" class=\"alignnone  wp-image-3623\" src=\"https:\/\/maxdevelopment.ro\/wp-content\/uploads\/2021\/06\/184409473_377158693637189_1331025751763373936_n-200x300.jpg\" alt=\"\" width=\"205\" height=\"308\" srcset=\"https:\/\/maxdevelopment.ro\/wp-content\/uploads\/2021\/06\/184409473_377158693637189_1331025751763373936_n-200x300.jpg 200w, https:\/\/maxdevelopment.ro\/wp-content\/uploads\/2021\/06\/184409473_377158693637189_1331025751763373936_n.jpg 579w\" sizes=\"auto, (max-width: 205px) 100vw, 205px\" \/><\/span><\/p>\n<p><span style=\"font-family: 'Helvetica Neue', Helvetica, Arial, sans-serif; font-size: 0.82em;\"><img loading=\"lazy\" decoding=\"async\" class=\"alignnone wp-image-3607\" style=\"font-size: 0.82em;\" src=\"https:\/\/maxdevelopment.ro\/wp-content\/uploads\/2021\/06\/Group-5-DSCF3223_4_5_DSCF3226_7_8-2-images-300x269.jpg\" alt=\"\" width=\"334\" height=\"300\" srcset=\"https:\/\/maxdevelopment.ro\/wp-content\/uploads\/2021\/06\/Group-5-DSCF3223_4_5_DSCF3226_7_8-2-images-300x269.jpg 300w, https:\/\/maxdevelopment.ro\/wp-content\/uploads\/2021\/06\/Group-5-DSCF3223_4_5_DSCF3226_7_8-2-images-768x688.jpg 768w, https:\/\/maxdevelopment.ro\/wp-content\/uploads\/2021\/06\/Group-5-DSCF3223_4_5_DSCF3226_7_8-2-images.jpg 971w\" sizes=\"auto, (max-width: 334px) 100vw, 334px\" \/><img loading=\"lazy\" decoding=\"async\" class=\"alignnone size-medium wp-image-3511\" style=\"font-family: 'Helvetica Neue', Helvetica, Arial, sans-serif; font-size: 0.82em;\" src=\"https:\/\/maxdevelopment.ro\/wp-content\/uploads\/2021\/05\/185998854_1189481898183380_886521538698414878_n-225x300.jpg\" alt=\"\" width=\"225\" height=\"300\" srcset=\"https:\/\/maxdevelopment.ro\/wp-content\/uploads\/2021\/05\/185998854_1189481898183380_886521538698414878_n-225x300.jpg 225w, https:\/\/maxdevelopment.ro\/wp-content\/uploads\/2021\/05\/185998854_1189481898183380_886521538698414878_n.jpg 768w\" sizes=\"auto, (max-width: 225px) 100vw, 225px\" \/><img loading=\"lazy\" decoding=\"async\" class=\"alignnone size-medium wp-image-3610\" style=\"font-size: 0.82em;\" src=\"https:\/\/maxdevelopment.ro\/wp-content\/uploads\/2021\/06\/DSCF4493_4_5-200x300.jpg\" alt=\"\" width=\"200\" height=\"300\" srcset=\"https:\/\/maxdevelopment.ro\/wp-content\/uploads\/2021\/06\/DSCF4493_4_5-200x300.jpg 200w, https:\/\/maxdevelopment.ro\/wp-content\/uploads\/2021\/06\/DSCF4493_4_5.jpg 579w\" sizes=\"auto, (max-width: 200px) 100vw, 200px\" \/><\/span><\/p>\n<p>&nbsp;<\/p>\n<p>&nbsp;<\/p>\n","protected":false},"excerpt":{"rendered":"<p>Proiectul nostru de pe strada Dr. Ion Ra\u021biu &nbsp; Ideea din spatele proiectului const\u0103 \u00een fuziunea a dou\u0103 concepte arhitecturale diametral opuse, care se completeaz\u0103 \u0219i se pun \u00een valoare reciproc.\u00a0 &nbsp; &nbsp; Elementele moderne, cum ar fi peretele curb de sticl\u0103 \u0219i acoperi\u0219ul-teras\u0103, creeaz\u0103 o imagine care se potrive\u0219te perfect dinamicii arhitectonice a Sibiului. [&hellip;]<\/p>\n","protected":false},"author":4,"featured_media":0,"parent":463,"menu_order":0,"comment_status":"closed","ping_status":"closed","template":"","meta":{"inline_featured_image":false,"footnotes":""},"class_list":["post-2153","page","type-page","status-publish","czr-hentry"],"_links":{"self":[{"href":"https:\/\/maxdevelopment.ro\/ro\/wp-json\/wp\/v2\/pages\/2153","targetHints":{"allow":["GET"]}}],"collection":[{"href":"https:\/\/maxdevelopment.ro\/ro\/wp-json\/wp\/v2\/pages"}],"about":[{"href":"https:\/\/maxdevelopment.ro\/ro\/wp-json\/wp\/v2\/types\/page"}],"author":[{"embeddable":true,"href":"https:\/\/maxdevelopment.ro\/ro\/wp-json\/wp\/v2\/users\/4"}],"replies":[{"embeddable":true,"href":"https:\/\/maxdevelopment.ro\/ro\/wp-json\/wp\/v2\/comments?post=2153"}],"version-history":[{"count":27,"href":"https:\/\/maxdevelopment.ro\/ro\/wp-json\/wp\/v2\/pages\/2153\/revisions"}],"predecessor-version":[{"id":3625,"href":"https:\/\/maxdevelopment.ro\/ro\/wp-json\/wp\/v2\/pages\/2153\/revisions\/3625"}],"up":[{"embeddable":true,"href":"https:\/\/maxdevelopment.ro\/ro\/wp-json\/wp\/v2\/pages\/463"}],"wp:attachment":[{"href":"https:\/\/maxdevelopment.ro\/ro\/wp-json\/wp\/v2\/media?parent=2153"}],"curies":[{"name":"wp","href":"https:\/\/api.w.org\/{rel}","templated":true}]}}