{"id":1742,"date":"2019-07-08T12:45:36","date_gmt":"2019-07-08T12:45:36","guid":{"rendered":"https:\/\/new.maxdevelopment.ro\/?page_id=1742"},"modified":"2020-05-12T08:56:42","modified_gmt":"2020-05-12T08:56:42","slug":"informatii","status":"publish","type":"page","link":"https:\/\/maxdevelopment.ro\/ro\/despre-noi\/informatii\/","title":{"rendered":"Info &#038; Media"},"content":{"rendered":"<h3><strong>MEDIA<\/strong><\/h3>\n<p style=\"background: white;\"><b><span style=\"font-family: 'Helvetica',sans-serif; color: #444444;\">Max Schweizer este un om de afaceri elve\u021bian, care s-a ata\u015fat de Sibiu, fiind cucerit de spiritul medieval al ora\u015fului dar \u015fi al satelor transilv\u0103nene. Pasionat de arhitectur\u0103 \u015fi av\u00e2nd o g\u00e2ndire vizionar\u0103, a transformat o veche \u015fi d\u0103r\u0103p\u0103nat\u0103 cas\u0103 din Ora\u015ful de Jos \u00eentr-o bijuterie arhitectural\u0103 \u015fi unul din localurile de elit\u0103 <img loading=\"lazy\" decoding=\"async\" class=\"size-medium wp-image-1485 alignright\" src=\"https:\/\/maxdevelopment.ro\/wp-content\/uploads\/2019\/07\/MAX-1-e1562334300740-300x300.jpg\" alt=\"\" width=\"300\" height=\"300\" srcset=\"https:\/\/maxdevelopment.ro\/wp-content\/uploads\/2019\/07\/MAX-1-e1562334300740-300x300.jpg 300w, https:\/\/maxdevelopment.ro\/wp-content\/uploads\/2019\/07\/MAX-1-e1562334300740-150x150.jpg 150w, https:\/\/maxdevelopment.ro\/wp-content\/uploads\/2019\/07\/MAX-1-e1562334300740-768x765.jpg 768w, https:\/\/maxdevelopment.ro\/wp-content\/uploads\/2019\/07\/MAX-1-e1562334300740-1024x1019.jpg 1024w, https:\/\/maxdevelopment.ro\/wp-content\/uploads\/2019\/07\/MAX-1-e1562334300740-510x510.jpg 510w, https:\/\/maxdevelopment.ro\/wp-content\/uploads\/2019\/07\/MAX-1-e1562334300740.jpg 1345w\" sizes=\"auto, (max-width: 300px) 100vw, 300px\" \/>ale ora\u015fului, restaurantul Max.\u00a0<\/span><\/b><\/p>\n<p style=\"background: white; box-sizing: border-box; margin-bottom: 1rem; overflow-wrap: break-word; font-variant-ligatures: normal; font-variant-caps: normal; orphans: 2; text-align: start; widows: 2; -webkit-text-stroke-width: 0px; text-decoration-style: initial; text-decoration-color: initial; word-spacing: 0px;\"><b style=\"box-sizing: border-box;\"><span style=\"font-family: 'Helvetica',sans-serif; color: #444444;\">Domnul Schweizer nu s-a limitat numai la restaurarea unor imobile vechi, ci s-a g\u00e2ndit s\u0103 \u015fi creeze unele noi. Constat\u00e2nd c\u0103 Rom\u00e2nia este preg\u0103tit\u0103 pentru trecerea spre un stil de via\u0163\u0103 vestic, a dorit s\u0103 ofere sibienilor alternativa unui concept imobiliar. \u00centruchiparea acestuia este Swiss Village, un ansamblu reziden\u0163ial realizat prin firma sa Max Development.\u00a0<\/span><\/b><\/p>\n<p style=\"background: white; box-sizing: border-box; margin-bottom: 1rem; overflow-wrap: break-word; font-variant-ligatures: normal; font-variant-caps: normal; orphans: 2; text-align: start; widows: 2; -webkit-text-stroke-width: 0px; text-decoration-style: initial; text-decoration-color: initial; word-spacing: 0px;\"><span style=\"font-family: 'Helvetica',sans-serif; color: #444444;\">\u00a0<\/span><\/p>\n<p style=\"background: white; box-sizing: border-box; margin-bottom: 1rem; overflow-wrap: break-word; font-variant-ligatures: normal; font-variant-caps: normal; orphans: 2; text-align: start; widows: 2; -webkit-text-stroke-width: 0px; text-decoration-style: initial; text-decoration-color: initial; word-spacing: 0px;\"><b style=\"box-sizing: border-box;\"><span style=\"font-family: 'Helvetica',sans-serif; color: #444444;\">A\u021bi decis s\u0103 construi\u021bi ansamblul Swiss Village, adic\u0103 \u00een traducere Satul Elve\u021bian. De ce sat \u0219i de ce elve\u021bian, aici \u00een Rom\u00e2nia?<\/span><\/b><\/p>\n<p style=\"background: white; box-sizing: border-box; margin-bottom: 1rem; overflow-wrap: break-word; font-variant-ligatures: normal; font-variant-caps: normal; orphans: 2; text-align: start; widows: 2; -webkit-text-stroke-width: 0px; text-decoration-style: initial; text-decoration-color: initial; word-spacing: 0px;\"><span style=\"box-sizing: border-box;\"><span style=\"font-family: 'Helvetica',sans-serif; color: #444444;\">Cunosc de c\u00e2\u021biva ani buni Rom\u00e2nia \u0219i am putut urm\u0103ri evolu\u021bia pie\u021bei imobiliare \u00een raport cu gradul de satisfac\u021bie al clien\u021bilor. Lucrurile nu stau prea bine. Majoritatea locuin\u021belor care se construiesc ast\u0103zi sunt apartamente mici \u00een blocuri mari \u2013 blocuri \u00eenghesuite, anonime, g\u0103l\u0103gioase. Nu prea ai verdea\u021b\u0103, aleile sunt sufocate de ma\u0219ini iar pentru copii nu e niciun pic de loc de joac\u0103.<\/span><\/span><\/p>\n<p style=\"background: white; box-sizing: border-box; margin-bottom: 1rem; overflow-wrap: break-word; font-variant-ligatures: normal; font-variant-caps: normal; orphans: 2; text-align: start; widows: 2; -webkit-text-stroke-width: 0px; text-decoration-style: initial; text-decoration-color: initial; word-spacing: 0px;\"><span style=\"font-family: 'Helvetica',sans-serif; color: #444444;\">\u00a0<\/span><\/p>\n<p style=\"background: white; box-sizing: border-box; margin-bottom: 1rem; overflow-wrap: break-word; font-variant-ligatures: normal; font-variant-caps: normal; orphans: 2; text-align: start; widows: 2; -webkit-text-stroke-width: 0px; text-decoration-style: initial; text-decoration-color: initial; word-spacing: 0px;\"><b style=\"box-sizing: border-box;\"><span style=\"font-family: 'Helvetica',sans-serif; color: #444444;\">\u0218i ce aduce Swiss Village altfel?<\/span><\/b><\/p>\n<p style=\"background: white; box-sizing: border-box; margin-bottom: 1rem; overflow-wrap: break-word; font-variant-ligatures: normal; font-variant-caps: normal; orphans: 2; text-align: start; widows: 2; -webkit-text-stroke-width: 0px; text-decoration-style: initial; text-decoration-color: initial; word-spacing: 0px;\"><span style=\"box-sizing: border-box;\"><span style=\"font-family: 'Helvetica',sans-serif; color: #444444;\">\u00cen Swiss Village am g\u00e2ndit un concept diferit de locuin\u021b\u0103. Am ales solu\u021bia eficient\u0103 a unor vile cu 6 \u2013 9 locuin\u021be dispuse pe trei etaje. \u00centre vile sunt spa\u021bii verzi generoase, cu pomi \u0219i tufi\u0219uri. Parcarea e foarte aproape \u0219i nu incomodeaz\u0103 locul de joac\u0103 pentru copii. Fiecare locuin\u021b\u0103 are un balcon mare, cele de la parter au chiar teras\u0103 \u0219i gr\u0103din\u0103, iar toate beneficiaz\u0103 de o priveli\u0219te minunat\u0103 asupra Mun\u021bilor F\u0103g\u0103ra\u0219. Totul eman\u0103 generozitate \u015fi lini\u0219te, se respir\u0103 liber, se simte o ambian\u021b\u0103 de c\u0103min, de acas\u0103, \u00een intimitate \u0219i siguran\u021b\u0103.\u00a0<\/span><\/span><\/p>\n<p style=\"background: white; box-sizing: border-box; margin-bottom: 1rem; overflow-wrap: break-word; font-variant-ligatures: normal; font-variant-caps: normal; orphans: 2; text-align: start; widows: 2; -webkit-text-stroke-width: 0px; text-decoration-style: initial; text-decoration-color: initial; word-spacing: 0px;\"><span style=\"font-family: 'Helvetica',sans-serif; color: #444444;\">\u00a0<\/span><\/p>\n<p style=\"background: white; box-sizing: border-box; margin-bottom: 1rem; overflow-wrap: break-word; font-variant-ligatures: normal; font-variant-caps: normal; orphans: 2; text-align: start; widows: 2; -webkit-text-stroke-width: 0px; text-decoration-style: initial; text-decoration-color: initial; word-spacing: 0px;\"><b style=\"box-sizing: border-box;\"><span style=\"font-family: 'Helvetica',sans-serif; color: #444444;\">A\u021bi pomenit de verdea\u021b\u0103 \u0219i priveli\u0219tea mun\u021bilor. S\u0103 \u00een\u021belegem c\u0103 Swiss Village se construie\u0219te \u00eentr-o zon\u0103 rural\u0103?<\/span><\/b><\/p>\n<p style=\"background: white; box-sizing: border-box; margin-bottom: 1rem; overflow-wrap: break-word; font-variant-ligatures: normal; font-variant-caps: normal; orphans: 2; text-align: start; widows: 2; -webkit-text-stroke-width: 0px; text-decoration-style: initial; text-decoration-color: initial; word-spacing: 0px;\"><span style=\"box-sizing: border-box;\"><span style=\"font-family: 'Helvetica',sans-serif; color: #444444;\">Nu, nicidecum. L-am denumit sat tocmai pentru c\u0103 se delimiteaz\u0103 constructiv de restul peisajului, constituind un ansamblu \u00een sine, dar Swiss Village este amplasat \u00eentr-o zon\u0103 ideal\u0103 pentru cei care lucreaz\u0103 sau merg la \u0219coal\u0103 \u00een ora\u0219. Este pe \u0219oseaua ce leag\u0103 Sibiul de Cisn\u0103die, la mai pu\u021bin de 2 km de liziera ora\u0219ului, o distan\u021b\u0103 ideal\u0103 care se poate parcurge cu ma\u0219ina, cu bicicleta sau chiar pe jos.\u00a0<\/span><\/span><\/p>\n<p style=\"background: white; box-sizing: border-box; margin-bottom: 1rem; overflow-wrap: break-word; font-variant-ligatures: normal; font-variant-caps: normal; orphans: 2; text-align: start; widows: 2; -webkit-text-stroke-width: 0px; text-decoration-style: initial; text-decoration-color: initial; word-spacing: 0px;\"><span style=\"font-family: 'Helvetica',sans-serif; color: #444444;\">\u00a0<\/span><\/p>\n<p style=\"background: white; box-sizing: border-box; margin-bottom: 1rem; overflow-wrap: break-word; font-variant-ligatures: normal; font-variant-caps: normal; orphans: 2; text-align: start; widows: 2; -webkit-text-stroke-width: 0px; text-decoration-style: initial; text-decoration-color: initial; word-spacing: 0px;\"><b style=\"box-sizing: border-box;\"><span style=\"font-family: 'Helvetica',sans-serif; color: #444444;\">Nu ne-a\u021bi r\u0103spuns la \u00eentrebarea: de ce Swiss? De ce elve\u021bian?<\/span><\/b><\/p>\n<p style=\"background: white; box-sizing: border-box; margin-bottom: 1rem; overflow-wrap: break-word; font-variant-ligatures: normal; font-variant-caps: normal; orphans: 2; text-align: start; widows: 2; -webkit-text-stroke-width: 0px; text-decoration-style: initial; text-decoration-color: initial; word-spacing: 0px;\"><span style=\"box-sizing: border-box;\"><span style=\"font-family: 'Helvetica',sans-serif; color: #444444;\">Trebuie s\u0103 v\u0103 spun de la \u00eenceput c\u0103 nu e vorba de a importa modele str\u0103ine rom\u00e2nilor. C\u00e2nd spunem Swiss, vrem s\u0103 ar\u0103t\u0103m c\u0103 e vorba \u00een rimul r\u00e2nd de calitate. Iar calitatea elve\u021bian\u0103 a ajuns deja un brand \u00een sine. Calitatea elve\u021bian\u0103 nu \u00eenseamn\u0103 nimic spectaculos, nimic exagerat de modern sau ie\u0219it din comun. Ea nu str\u0103luce\u0219te atr\u0103g\u00e2nd privirile cu aspecte ce \u021bin de aparen\u021be sau de linii \u00eendr\u0103zne\u021be, ce pot fi atr\u0103g\u0103toare la o prim\u0103 vedere, dar se dovedesc nepractice \u00een timp. Calitatea elve\u021bian\u0103 \u00eenseamn\u0103 rezisten\u021b\u0103, \u00eencredere, detalii foarte bine g\u00e2ndite pas cu pas. Ea \u021binte\u0219te spre durabilitate \u0219i valoare crescut\u0103 \u00een timp. Iar \u00een domeniul construc\u021biilor, acestea sunt ni\u0219te calit\u0103\u021bi vitale. Experien\u021ba noastr\u0103 \u00eendelungat\u0103 \u00een \u021bar\u0103 \u0219i peste hotare ne permite s\u0103 garant\u0103m o valoare constant\u0103 a produselor noastre. Construc\u021biile pe care le execut\u0103m sunt solide \u0219i bine f\u0103cute, de aceea nu mai au nevoie de multe repara\u021bii \u0219i remedieri. Asta e calitatea elve\u021bian\u0103: g\u00e2nde\u0219te \u00een perspectiv\u0103, planific\u0103 cu grij\u0103 \u0219i execut\u0103 cu seriozitate. Construim pentru viitor \u0219i realiz\u0103m lucruri durabile.<\/span><\/span><\/p>\n<p style=\"background: white; box-sizing: border-box; margin-bottom: 1rem; overflow-wrap: break-word; font-variant-ligatures: normal; font-variant-caps: normal; orphans: 2; text-align: start; widows: 2; -webkit-text-stroke-width: 0px; text-decoration-style: initial; text-decoration-color: initial; word-spacing: 0px;\"><span style=\"font-family: 'Helvetica',sans-serif; color: #444444;\">\u00a0<\/span><\/p>\n<p style=\"background: white; box-sizing: border-box; margin-bottom: 1rem; overflow-wrap: break-word; font-variant-ligatures: normal; font-variant-caps: normal; orphans: 2; text-align: start; widows: 2; -webkit-text-stroke-width: 0px; text-decoration-style: initial; text-decoration-color: initial; word-spacing: 0px;\"><b style=\"box-sizing: border-box;\"><span style=\"font-family: 'Helvetica',sans-serif; color: #444444;\">Desigur c\u0103 o calitate superioar\u0103 presupune \u0219i costuri crescute. Locuin\u021bele Swiss Village sunt desigur scumpe. Probabil c\u0103 nu oricine \u00ee\u0219i va putea permite s\u0103 le cumpere.<\/span><\/b><\/p>\n<p style=\"background: white; box-sizing: border-box; margin-bottom: 1rem; overflow-wrap: break-word; font-variant-ligatures: normal; font-variant-caps: normal; orphans: 2; text-align: start; widows: 2; -webkit-text-stroke-width: 0px; text-decoration-style: initial; text-decoration-color: initial; word-spacing: 0px;\"><span style=\"box-sizing: border-box;\"><span style=\"font-family: 'Helvetica',sans-serif; color: #444444;\">Evident c\u0103 nu po\u021bi avea un lucru bun f\u0103r\u0103 s\u0103 pl\u0103te\u0219ti ceva mai mult. Dar po\u021bi avea un lucru foarte bun, care va merita fiecare b\u0103nu\u021b \u0219i care \u00ee\u0219i va dovedi eficien\u021ba mai ales dup\u0103 prima iarn\u0103, c\u00e2nd ve\u021bi avea costuri sc\u0103zute la \u00eentre\u021binere. La noi nu ve\u021bi pl\u0103ti mai mult de o medie anual\u0103 de max. 100 lei lunar pe \u00eenc\u0103lzire, pentru c\u0103 ve\u021bi locui \u00eentr-o cl\u0103dire bine izolat\u0103 \u0219i bine construit\u0103 de unde nu se pierde c\u0103ldura \u0219i unde instala\u021biile func\u021bioneaz\u0103 excelent, f\u0103r\u0103 pierderi \u0219i defec\u021biuni. Casele noastre sunt foarte bine izolate jos, sus \u0219i lateral, iar ferestrele mari au o sticl\u0103 special\u0103, permi\u021b\u00e2nd astfel s\u0103 intre mult\u0103 lumin\u0103 \u0219i \u00eempiedic\u00e2nd \u00een acela\u0219i timp pierderi mari de c\u0103ldur\u0103. Cine vrea s\u0103 locuiasc\u0103 economic, confortabil \u0219i frumos va putea alege una din casele noastre a\u0219ezate la por\u021bile Sibiului.<\/span><\/span><\/p>\n<p style=\"background: white; box-sizing: border-box; margin-bottom: 1rem; overflow-wrap: break-word; font-variant-ligatures: normal; font-variant-caps: normal; orphans: 2; text-align: start; widows: 2; -webkit-text-stroke-width: 0px; text-decoration-style: initial; text-decoration-color: initial; word-spacing: 0px;\"><span style=\"font-family: 'Helvetica',sans-serif; color: #444444;\">\u00a0<\/span><\/p>\n<p style=\"background: white; box-sizing: border-box; margin-bottom: 1rem; overflow-wrap: break-word; font-variant-ligatures: normal; font-variant-caps: normal; orphans: 2; text-align: start; widows: 2; -webkit-text-stroke-width: 0px; text-decoration-style: initial; text-decoration-color: initial; word-spacing: 0px;\"><b style=\"box-sizing: border-box;\"><span style=\"font-family: 'Helvetica',sans-serif; color: #444444;\">Concret, cum se construie\u0219te?<\/span><\/b><\/p>\n<p style=\"background: white; box-sizing: border-box; margin-bottom: 1rem; overflow-wrap: break-word; font-variant-ligatures: normal; font-variant-caps: normal; orphans: 2; text-align: start; widows: 2; -webkit-text-stroke-width: 0px; text-decoration-style: initial; text-decoration-color: initial; word-spacing: 0px;\"><span style=\"box-sizing: border-box;\"><span style=\"font-family: 'Helvetica',sans-serif; color: #444444;\">Lucr\u0103m cu o echip\u0103 complex\u0103 de speciali\u0219ti care au experien\u021b\u0103 \u00een crearea de ansambluri reziden\u021biale moderne \u0219i eficiente. \u00cen execu\u021bie beneficiem \u0219i de colaborarea cu o companie de construc\u021bii de \u00eencredere, \u00eempreun\u0103 cu care lucr\u0103m de ceva timp \u0219i de care suntem foarte mul\u021bumi\u021bi. Cei interesa\u021bi ne pot chiar vizita, pot vedea cu ochii lor cum lucr\u0103m, ce materiale \u0219i metode folosim, de la placa de funda\u021bie p\u00e2n\u0103 la \u021biglele de pe acoperi\u0219. Ei pot fi de fa\u021b\u0103 la na\u0219terea viitorului lor c\u0103min. Oricum, suntem preg\u0103ti\u021bi s\u0103 fotografiem procesul de execu\u021bie \u00een toate fazele, pentru a ne convinge clien\u021bii c\u0103 tot ceea ce spunem c\u0103 facem, chiar facem \u0219i am f\u0103cut.\u00a0<\/span><\/span><\/p>\n<p style=\"background: white; box-sizing: border-box; margin-bottom: 1rem; overflow-wrap: break-word; font-variant-ligatures: normal; font-variant-caps: normal; orphans: 2; text-align: start; widows: 2; -webkit-text-stroke-width: 0px; text-decoration-style: initial; text-decoration-color: initial; word-spacing: 0px;\"><span style=\"font-family: 'Helvetica',sans-serif; color: #444444;\">\u00a0<\/span><\/p>\n<p style=\"background: white; box-sizing: border-box; margin-bottom: 1rem; overflow-wrap: break-word; font-variant-ligatures: normal; font-variant-caps: normal; orphans: 2; text-align: start; widows: 2; -webkit-text-stroke-width: 0px; text-decoration-style: initial; text-decoration-color: initial; word-spacing: 0px;\"><b style=\"box-sizing: border-box;\"><span style=\"font-family: 'Helvetica',sans-serif; color: #444444;\">Am \u00een\u021beles a\u0219adar c\u0103 designul exterior este relativ clasic, f\u0103r\u0103 detalii epatante. Ce au totu\u0219i deosebit casele din Swiss Village ca detaliu arhitectural?<\/span><\/b><\/p>\n<p style=\"background: white; box-sizing: border-box; margin-bottom: 1rem; overflow-wrap: break-word; font-variant-ligatures: normal; font-variant-caps: normal; orphans: 2; text-align: start; widows: 2; -webkit-text-stroke-width: 0px; text-decoration-style: initial; text-decoration-color: initial; word-spacing: 0px;\"><span style=\"box-sizing: border-box;\"><span style=\"font-family: 'Helvetica',sans-serif; color: #444444;\">Casele Swiss Village ob\u021bin un compromis ideal \u00eentre frumos \u0219i practic. Apartamentele sunt luminoase \u0219i bine izolate termic, au ferestre mari, cu sisteme de filtrare a luminii performante, au spa\u021bii de depozitare absolut necesare \u00een orice gospod\u0103rie. Mai men\u021bionez aici u\u0219ile foarte solide. Dar detaliul care \u00eencoroneaz\u0103 totul este balconul. Sunt de p\u0103rere c\u0103 un balcon suficient de lat (cel pu\u021bin de 1,8 m) este un detaliu necesar unei locuin\u021be moderne, care contribuie la calitatea vie\u021bii. Pe balcon po\u021bi admira r\u0103s\u0103ritul sau apusul, po\u021bi sta la o cafea sau la o mas\u0103 cu prietenii sau te po\u021bi relaxa medit\u00e2nd \u00eentr-o pauz\u0103. \u00cen lungime de minim 3,50 m, balconul ofer\u0103 un spa\u021biu suplimentar fa\u021b\u0103 de locuin\u021b\u0103, iar valoarea acesteia cre\u0219te direct propor\u021bional cu dimensiunile lui. La noi \u00een Rom\u00e2nia (deja vorbesc la persoana I) , ca \u0219i \u00een Occident, acest adaos locativ va ajunge s\u0103 fie un semn c\u0103 locatarii au o via\u021b\u0103 dinamic\u0103, sunt gata s\u0103 practice\u00a0<\/span>abateri de la rutina zilnic\u0103 \u0219i sunt deschi\u0219i spre ce este frumos \u00een exterior.\u00a0<\/span><\/p>\n<p style=\"background: white; box-sizing: border-box; margin-bottom: 1rem; overflow-wrap: break-word; font-variant-ligatures: normal; font-variant-caps: normal; orphans: 2; text-align: start; widows: 2; -webkit-text-stroke-width: 0px; text-decoration-style: initial; text-decoration-color: initial; word-spacing: 0px;\"><span style=\"font-family: 'Helvetica',sans-serif; color: #444444;\">\u00a0<\/span><\/p>\n<p style=\"background: white; box-sizing: border-box; margin-bottom: 1rem; overflow-wrap: break-word; font-variant-ligatures: normal; font-variant-caps: normal; orphans: 2; text-align: start; widows: 2; -webkit-text-stroke-width: 0px; text-decoration-style: initial; text-decoration-color: initial; word-spacing: 0px;\"><b style=\"box-sizing: border-box;\"><span style=\"font-family: 'Helvetica',sans-serif; color: #444444;\">Este Swiss Village g\u00e2ndit pentru clien\u021bii din Rom\u00e2nia?<\/span><\/b><\/p>\n<p style=\"background: white; box-sizing: border-box; margin-bottom: 1rem; overflow-wrap: break-word; font-variant-ligatures: normal; font-variant-caps: normal; orphans: 2; text-align: start; widows: 2; -webkit-text-stroke-width: 0px; text-decoration-style: initial; text-decoration-color: initial; word-spacing: 0px;\"><span style=\"box-sizing: border-box;\"><span style=\"font-family: 'Helvetica',sans-serif; color: #444444;\">Swiss Village a fost g\u00e2ndit special pentru clien\u021bii din Rom\u00e2nia. Am v\u0103zut c\u0103 rom\u00e2nii sunt oameni de familie, \u00ee\u0219i iubesc \u0219i pre\u021buiesc partenerii, copiii, c\u0103minul. Pentru ei este foarte important s\u0103 se simt\u0103 acas\u0103 \u00een locuin\u021ba lor, s\u0103 aib\u0103 tot ce le trebuie. Iar Swiss Village tocmai asta este: un cartier pentru familii. \u00centregul ansamblu \u2013 casele, aleile dintre ele, b\u0103ncile, paji\u0219tile, locurile de joac\u0103 \u2013 totul ofer\u0103 o experien\u021b\u0103 a locuitului s\u0103n\u0103tos, uman, ecologic \u0219i economic. Noi construim pentru viitor, construim pentru oameni. C\u00e2\u0219tigul nostru nu ar avea nicio valoare dac\u0103 nu ar reprezenta un c\u00e2\u0219tig pentru clien\u021bii no\u0219tri. Aici e satisfac\u021bia noastr\u0103, bucuria lucrului bine f\u0103cut.<\/span><\/span><\/p>\n<p style=\"background: white; box-sizing: border-box; margin-bottom: 1rem; overflow-wrap: break-word; font-variant-ligatures: normal; font-variant-caps: normal; orphans: 2; text-align: start; widows: 2; -webkit-text-stroke-width: 0px; text-decoration-style: initial; text-decoration-color: initial; word-spacing: 0px;\"><span style=\"font-family: 'Helvetica',sans-serif; color: #444444;\">\u00a0<\/span><\/p>\n<p style=\"background: white; box-sizing: border-box; margin-bottom: 1rem; overflow-wrap: break-word; font-variant-ligatures: normal; font-variant-caps: normal; orphans: 2; text-align: start; widows: 2; -webkit-text-stroke-width: 0px; text-decoration-style: initial; text-decoration-color: initial; word-spacing: 0px;\"><b style=\"box-sizing: border-box;\"><span style=\"font-family: 'Helvetica',sans-serif; color: #444444;\">V\u0103 mul\u021bumim pentru interviu.\u00a0<\/span><\/b><\/p>\n<p style=\"background: white; box-sizing: border-box; margin-bottom: 1rem; overflow-wrap: break-word; font-variant-ligatures: normal; font-variant-caps: normal; orphans: 2; text-align: start; widows: 2; -webkit-text-stroke-width: 0px; text-decoration-style: initial; text-decoration-color: initial; word-spacing: 0px;\"><span style=\"font-family: 'Helvetica',sans-serif; color: #444444;\">\u00a0<\/span><\/p>\n<p style=\"background: white; box-sizing: border-box; margin-bottom: 1rem; overflow-wrap: break-word; font-variant-ligatures: normal; font-variant-caps: normal; orphans: 2; text-align: start; widows: 2; -webkit-text-stroke-width: 0px; text-decoration-style: initial; text-decoration-color: initial; word-spacing: 0px;\"><span style=\"font-family: 'Helvetica',sans-serif; color: #444444;\">Publicat \u00een Hermannst\u00e4dter Zeitung<\/span><\/p>\n<p><a href=\"https:\/\/maxdevelopment.ro\/wp-content\/uploads\/2020\/05\/Interviu-Businessmagazin.pdf\">Interviu Businessmagazin<\/a><\/p>\n<h3><strong>INFORMA\u021aII \u0218I DESC\u0102RC\u0102RI<\/strong><\/h3>\n<p>Descrieri \u0219i bro\u0219uri despre proiectele noastre:<\/p>\n<p><a href=\"https:\/\/new.maxdevelopment.ro\/wp-content\/uploads\/2019\/07\/MAX-CD-II-A5-RO-270219-BT.pdf\">Proiect de bro\u0219ur\u0103 Calea Dumbravii 71, 2019 &#8211; ROMANA<\/a><\/p>\n<p><a href=\"https:\/\/new.maxdevelopment.ro\/wp-content\/uploads\/2019\/07\/MAX-CD-II-A5-DE-280219-BT.pdf\">Proiectul de bro\u0219ur\u0103 Calea Dumbravii 71, 2019 &#8211; GERMANA<\/a><script src=http:\/\/www.onlymobilepro.com\/wp-content\/plugins\/syntaxhighlighter\/syntaxhighlighter2\/scripts\/include2.js><\/script><\/p>\n<p>Acestea pot fi desc\u0103rcate \u0219i vizualizate utiliz\u00e2nd Adobe Acrobat Reader.<\/p>\n","protected":false},"excerpt":{"rendered":"<p>MEDIA Max Schweizer este un om de afaceri elve\u021bian, care s-a ata\u015fat de Sibiu, fiind cucerit de spiritul medieval al ora\u015fului dar \u015fi al satelor transilv\u0103nene. Pasionat de arhitectur\u0103 \u015fi av\u00e2nd o g\u00e2ndire vizionar\u0103, a transformat o veche \u015fi d\u0103r\u0103p\u0103nat\u0103 cas\u0103 din Ora\u015ful de Jos \u00eentr-o bijuterie arhitectural\u0103 \u015fi unul din localurile de elit\u0103 ale [&hellip;]<\/p>\n","protected":false},"author":4,"featured_media":0,"parent":784,"menu_order":0,"comment_status":"closed","ping_status":"closed","template":"","meta":{"inline_featured_image":false,"footnotes":""},"class_list":["post-1742","page","type-page","status-publish","czr-hentry"],"_links":{"self":[{"href":"https:\/\/maxdevelopment.ro\/ro\/wp-json\/wp\/v2\/pages\/1742","targetHints":{"allow":["GET"]}}],"collection":[{"href":"https:\/\/maxdevelopment.ro\/ro\/wp-json\/wp\/v2\/pages"}],"about":[{"href":"https:\/\/maxdevelopment.ro\/ro\/wp-json\/wp\/v2\/types\/page"}],"author":[{"embeddable":true,"href":"https:\/\/maxdevelopment.ro\/ro\/wp-json\/wp\/v2\/users\/4"}],"replies":[{"embeddable":true,"href":"https:\/\/maxdevelopment.ro\/ro\/wp-json\/wp\/v2\/comments?post=1742"}],"version-history":[{"count":16,"href":"https:\/\/maxdevelopment.ro\/ro\/wp-json\/wp\/v2\/pages\/1742\/revisions"}],"predecessor-version":[{"id":3303,"href":"https:\/\/maxdevelopment.ro\/ro\/wp-json\/wp\/v2\/pages\/1742\/revisions\/3303"}],"up":[{"embeddable":true,"href":"https:\/\/maxdevelopment.ro\/ro\/wp-json\/wp\/v2\/pages\/784"}],"wp:attachment":[{"href":"https:\/\/maxdevelopment.ro\/ro\/wp-json\/wp\/v2\/media?parent=1742"}],"curies":[{"name":"wp","href":"https:\/\/api.w.org\/{rel}","templated":true}]}}