{"id":1570,"date":"2019-07-05T14:45:15","date_gmt":"2019-07-05T14:45:15","guid":{"rendered":"https:\/\/new.maxdevelopment.ro\/?page_id=1570"},"modified":"2021-04-13T15:54:52","modified_gmt":"2021-04-13T15:54:52","slug":"cd71","status":"publish","type":"page","link":"https:\/\/maxdevelopment.ro\/ro\/proiectele-noastre\/urban-living\/cd71\/","title":{"rendered":"CD 71"},"content":{"rendered":"<h2><a href=\"https:\/\/new.maxdevelopment.ro\/wp-content\/uploads\/2019\/07\/MAX-CD71-Location1-1024x580.jpg\"><img loading=\"lazy\" decoding=\"async\" class=\"alignleft size-medium wp-image-1845\" src=\"https:\/\/new.maxdevelopment.ro\/wp-content\/uploads\/2019\/07\/MAX-CD71-Location1-1024x580-300x170.jpg\" alt=\"\" width=\"300\" height=\"170\" srcset=\"https:\/\/maxdevelopment.ro\/wp-content\/uploads\/2019\/07\/MAX-CD71-Location1-1024x580-300x170.jpg 300w, https:\/\/maxdevelopment.ro\/wp-content\/uploads\/2019\/07\/MAX-CD71-Location1-1024x580-768x435.jpg 768w, https:\/\/maxdevelopment.ro\/wp-content\/uploads\/2019\/07\/MAX-CD71-Location1-1024x580.jpg 1024w, https:\/\/maxdevelopment.ro\/wp-content\/uploads\/2019\/07\/MAX-CD71-Location1-1024x580-528x297.jpg 528w\" sizes=\"auto, (max-width: 300px) 100vw, 300px\" \/><\/a><\/h2>\n<h2>POZI\u0162IA Calea Dumbr\u0103vii 71 | Locuie\u015fti \u015fi experimentezi<\/h2>\n<p>Face\u0163i cuno\u015ftin\u0163\u0103 cu noul \u015fi modernul ansamblu de locuin\u0163e din Sibiu, situat la c\u00e2\u0163iva pa\u015fi de centrul ora\u015fului \u015fi la c\u00e2teva minute de centrul comercial \u015fi zonele de agrement. Cl\u0103direa noastr\u0103 este amplasat\u0103 foarte aproape de parcul Sub Arini, inima verde a ora\u015fului, pe Calea Dumbr\u0103vii 71. De aici pute\u0163i ajunge \u00een scurt timp la cele mai \u00eendr\u0103gite locuri din \u00eemprejurimi pentru petrecerea timpului liber.<\/p>\n<p>&nbsp;<\/p>\n<h2><a href=\"https:\/\/new.maxdevelopment.ro\/wp-content\/uploads\/2019\/07\/MAX-CD71-ARCHITECTURE-1024x580.jpg\"><img loading=\"lazy\" decoding=\"async\" class=\"alignleft size-medium wp-image-1799\" src=\"https:\/\/new.maxdevelopment.ro\/wp-content\/uploads\/2019\/07\/MAX-CD71-ARCHITECTURE-1024x580-300x170.jpg\" alt=\"\" width=\"300\" height=\"170\" srcset=\"https:\/\/maxdevelopment.ro\/wp-content\/uploads\/2019\/07\/MAX-CD71-ARCHITECTURE-1024x580-300x170.jpg 300w, https:\/\/maxdevelopment.ro\/wp-content\/uploads\/2019\/07\/MAX-CD71-ARCHITECTURE-1024x580-768x435.jpg 768w, https:\/\/maxdevelopment.ro\/wp-content\/uploads\/2019\/07\/MAX-CD71-ARCHITECTURE-1024x580.jpg 1024w, https:\/\/maxdevelopment.ro\/wp-content\/uploads\/2019\/07\/MAX-CD71-ARCHITECTURE-1024x580-528x297.jpg 528w\" sizes=\"auto, (max-width: 300px) 100vw, 300px\" \/><\/a>ARHITECTURA | Prestigiu \u015fi elegan\u0163\u0103<\/h2>\n<p>Designul clar \u015fi fa\u0163ada distinctiv\u0103 a cl\u0103dirii sunt expresia unei viziuni arhitecturale puternice care adaug\u0103 valoare locului. Ea este rezultatul unui know-how vast \u015fi al unui proces de planificare cu accent pe viitor. Arhitectura \u00eembin\u0103 valorile emo\u0163ionale cu ra\u0163iunile practice, considerentele ecologice cu cele economice, lucru caracteristic unui design de calitate.<\/p>\n<p>&nbsp;<\/p>\n<h2><a href=\"https:\/\/new.maxdevelopment.ro\/wp-content\/uploads\/2019\/07\/MAX-CD71-INVESTMENT-1024x580.jpg\"><img loading=\"lazy\" decoding=\"async\" class=\"alignleft size-medium wp-image-1802\" src=\"https:\/\/new.maxdevelopment.ro\/wp-content\/uploads\/2019\/07\/MAX-CD71-INVESTMENT-1024x580-300x170.jpg\" alt=\"\" width=\"300\" height=\"170\" srcset=\"https:\/\/maxdevelopment.ro\/wp-content\/uploads\/2019\/07\/MAX-CD71-INVESTMENT-1024x580-300x170.jpg 300w, https:\/\/maxdevelopment.ro\/wp-content\/uploads\/2019\/07\/MAX-CD71-INVESTMENT-1024x580-768x435.jpg 768w, https:\/\/maxdevelopment.ro\/wp-content\/uploads\/2019\/07\/MAX-CD71-INVESTMENT-1024x580.jpg 1024w, https:\/\/maxdevelopment.ro\/wp-content\/uploads\/2019\/07\/MAX-CD71-INVESTMENT-1024x580-528x297.jpg 528w\" sizes=\"auto, (max-width: 300px) 100vw, 300px\" \/><\/a>CONSTRUC\u0162IA | Sustenabilitate \u015fi siguran\u0163\u0103<\/h2>\n<p>MAX DEVELOPMENT aduce \u00een Sibiu un mod de g\u00e2ndire elve\u0163ian \u00een privin\u0163a aten\u0163iei pentru calitate. Conceptele tehnice de ultim\u0103 or\u0103 \u015fi lucr\u0103rile executate cu precizie, au dat na\u015ftere unei cl\u0103diri care \u00eendepline\u015fte cele mai \u00eenalte standarde de calitate. Cunoa\u015fterea \u015fi selec\u0163ionarea celor mai bune materiale \u015fi produse de construc\u0163ie garanteaz\u0103 rezisten\u0163a, siguran\u0163a \u015fi valorile de v\u00e2rf ale eficien\u0163ei energetice.<\/p>\n<p>&nbsp;<\/p>\n<h2><a href=\"https:\/\/new.maxdevelopment.ro\/wp-content\/uploads\/2019\/07\/MAX-CD71-Quality.jpg\"><img loading=\"lazy\" decoding=\"async\" class=\"alignleft size-medium wp-image-1805\" src=\"https:\/\/new.maxdevelopment.ro\/wp-content\/uploads\/2019\/07\/MAX-CD71-Quality-300x170.jpg\" alt=\"\" width=\"300\" height=\"170\" \/><\/a>INVESTI\u0162IA | Lifestyle \u015fi perspectiv\u0103<\/h2>\n<p>Sibiul este pentru Rom\u00e2nia nu doar o for\u0163\u0103 economic\u0103, dar \u015fi un magnet turistic. Un apartament de calitate superioar\u0103 situat \u00eentr-o loca\u0163ie atr\u0103g\u0103toare din Sibiu reprezint\u0103 o investi\u0163ie pentru viitor. Mul\u0163umit\u0103 experien\u0163ei noastre interna\u0163ionale \u00eendelungate, putem s\u0103 v\u0103 garant\u0103m c\u0103 investi\u0163ia dvs. va spori \u00een valoare \u015fi nu doar pe plan financiar. Noi g\u00e2ndim \u00een perspectiv\u0103, iar dvs. investi\u0163i \u00eentr-o valoare trainic\u0103 \u015fi \u00een bucuria de a tr\u0103i.<\/p>\n<p><strong>Mai multe detalii despre proiectul nostru pe Calea Dumbravii nr. 71 g\u0103si\u0163i <a href=\"https:\/\/maxdevelopment.ro\/wp-content\/uploads\/2019\/12\/MAX-CD-II-A5-RO-1219-W-1.pdf\">aici.<\/a><a href=\"https:\/\/maxdevelopment.ro\/wp-content\/uploads\/2019\/12\/MAX-CD-II-A5-RO-1219-W-1.pdf\" target=\"_blank\" rel=\"noopener noreferrer\"><img loading=\"lazy\" decoding=\"async\" class=\"alignnone wp-image-2714 size-full\" src=\"https:\/\/maxdevelopment.ro\/wp-content\/uploads\/2019\/07\/pdf-icon.gif\" alt=\"\" width=\"14\" height=\"14\" \/><\/a><\/strong><\/p>\n<p>&nbsp;<\/p>\n","protected":false},"excerpt":{"rendered":"<p>POZI\u0162IA Calea Dumbr\u0103vii 71 | Locuie\u015fti \u015fi experimentezi Face\u0163i cuno\u015ftin\u0163\u0103 cu noul \u015fi modernul ansamblu de locuin\u0163e din Sibiu, situat la c\u00e2\u0163iva pa\u015fi de centrul ora\u015fului \u015fi la c\u00e2teva minute de centrul comercial \u015fi zonele de agrement. Cl\u0103direa noastr\u0103 este amplasat\u0103 foarte aproape de parcul Sub Arini, inima verde a ora\u015fului, pe Calea Dumbr\u0103vii 71. [&hellip;]<\/p>\n","protected":false},"author":1,"featured_media":0,"parent":216,"menu_order":0,"comment_status":"closed","ping_status":"closed","template":"","meta":{"inline_featured_image":false,"footnotes":""},"class_list":["post-1570","page","type-page","status-publish","czr-hentry"],"_links":{"self":[{"href":"https:\/\/maxdevelopment.ro\/ro\/wp-json\/wp\/v2\/pages\/1570","targetHints":{"allow":["GET"]}}],"collection":[{"href":"https:\/\/maxdevelopment.ro\/ro\/wp-json\/wp\/v2\/pages"}],"about":[{"href":"https:\/\/maxdevelopment.ro\/ro\/wp-json\/wp\/v2\/types\/page"}],"author":[{"embeddable":true,"href":"https:\/\/maxdevelopment.ro\/ro\/wp-json\/wp\/v2\/users\/1"}],"replies":[{"embeddable":true,"href":"https:\/\/maxdevelopment.ro\/ro\/wp-json\/wp\/v2\/comments?post=1570"}],"version-history":[{"count":25,"href":"https:\/\/maxdevelopment.ro\/ro\/wp-json\/wp\/v2\/pages\/1570\/revisions"}],"predecessor-version":[{"id":3436,"href":"https:\/\/maxdevelopment.ro\/ro\/wp-json\/wp\/v2\/pages\/1570\/revisions\/3436"}],"up":[{"embeddable":true,"href":"https:\/\/maxdevelopment.ro\/ro\/wp-json\/wp\/v2\/pages\/216"}],"wp:attachment":[{"href":"https:\/\/maxdevelopment.ro\/ro\/wp-json\/wp\/v2\/media?parent=1570"}],"curies":[{"name":"wp","href":"https:\/\/api.w.org\/{rel}","templated":true}]}}